{"id":9031,"date":"2013-03-23T13:06:18","date_gmt":"2013-03-23T12:06:18","guid":{"rendered":"https:\/\/www.lassalotti.com\/contacts\/"},"modified":"2024-07-19T15:32:11","modified_gmt":"2024-07-19T13:32:11","slug":"contacts","status":"publish","type":"page","link":"https:\/\/www.lassalotti.com\/fr\/contacts\/","title":{"rendered":"Contacts"},"content":{"rendered":"\t\t<div data-elementor-type=\"wp-page\" data-elementor-id=\"9031\" class=\"elementor elementor-9031 elementor-26\" data-elementor-post-type=\"page\">\n\t\t\t\t<div class=\"elementor-element elementor-element-5e2f9a1 e-flex e-con-boxed e-con e-parent\" data-id=\"5e2f9a1\" data-element_type=\"container\">\n\t\t\t\t\t<div class=\"e-con-inner\">\n\t\t<div class=\"elementor-element elementor-element-1556116 e-con-full e-flex e-con e-child\" data-id=\"1556116\" data-element_type=\"container\">\n\t\t\t\t<div class=\"elementor-element elementor-element-8911ec8 elementor-widget elementor-widget-google_maps\" data-id=\"8911ec8\" data-element_type=\"widget\" data-widget_type=\"google_maps.default\">\n\t\t\t\t<div class=\"elementor-widget-container\">\n\t\t\t\t\t\t\t<div class=\"elementor-custom-embed\">\n\t\t\t<iframe loading=\"lazy\"\n\t\t\t\t\tsrc=\"https:\/\/maps.google.com\/maps?q=Strada%20Geromina%202%2C%2033077%20Sacile%20%28PN%29&#038;t=m&#038;z=13&#038;output=embed&#038;iwloc=near\"\n\t\t\t\t\ttitle=\"Strada Geromina 2, 33077 Sacile (PN)\"\n\t\t\t\t\taria-label=\"Strada Geromina 2, 33077 Sacile (PN)\"\n\t\t\t><\/iframe>\n\t\t<\/div>\n\t\t\t\t\t\t<\/div>\n\t\t\t\t<\/div>\n\t\t\t\t<\/div>\n\t\t<div class=\"elementor-element elementor-element-fecc5c1 e-con-full e-flex e-con e-child\" data-id=\"fecc5c1\" data-element_type=\"container\">\n\t\t\t\t<div class=\"elementor-element elementor-element-a8b5f36 elementor-widget elementor-widget-heading\" data-id=\"a8b5f36\" data-element_type=\"widget\" data-widget_type=\"heading.default\">\n\t\t\t\t<div class=\"elementor-widget-container\">\n\t\t\t\t\t<h3 class=\"elementor-heading-title elementor-size-default\">LAS Salotti<\/h3>\t\t\t\t<\/div>\n\t\t\t\t<\/div>\n\t\t\t\t<div class=\"elementor-element elementor-element-14d8b68 elementor-widget elementor-widget-text-editor\" data-id=\"14d8b68\" data-element_type=\"widget\" data-widget_type=\"text-editor.default\">\n\t\t\t\t<div class=\"elementor-widget-container\">\n\t\t\t\t\t\t\t\t\t<p>Pour toute information, n&rsquo;h\u00e9sitez pas \u00e0 nous contacter.<\/p>\n<p>Si vous souhaitez voir nos canap\u00e9s de vos propres yeux, appelez-nous ou envoyez-nous un e-mail, nous fixerons un rendez-vous.<\/p>\n<p>Adresse: <span style=\"text-align: var(--text-align); background-color: var(--theme-palette-color-8);\">Strada Geromina 2, <\/span><span style=\"font-family: inherit; font-size: inherit; font-style: inherit; font-variant-ligatures: inherit; font-variant-caps: inherit; font-weight: inherit; text-align: var(--text-align); background-color: var(--theme-palette-color-8); color: var(--theme-text-color); letter-spacing: var(--theme-letter-spacing); text-transform: var(--theme-text-transform);\">33077 Sacile (PN)<\/span><\/p>\n<p>T\u00e9l\u00e9phone:+39 0434 72461 (interno 2)<\/p>\n<p>Courriel : las@lassalotti.com<\/p>\n\t\t\t\t\t\t\t\t<\/div>\n\t\t\t\t<\/div>\n\t\t\t\t<\/div>\n\t\t\t\t\t<\/div>\n\t\t\t\t<\/div>\n\t\t\t\t<\/div>\n\t\t","protected":false},"excerpt":{"rendered":"<p>LAS Salotti Pour toute information, n&rsquo;h\u00e9sitez pas \u00e0 nous contacter. Si vous souhaitez voir nos canap\u00e9s de vos propres yeux, appelez-nous ou envoyez-nous un e-mail, nous fixerons un rendez-vous. Adresse: Strada Geromina 2, 33077 Sacile (PN) T\u00e9l\u00e9phone:+39 0434 72461 (interno 2) Courriel : las@lassalotti.com<\/p>\n","protected":false},"author":8,"featured_media":0,"parent":0,"menu_order":7,"comment_status":"closed","ping_status":"closed","template":"","meta":{"_acf_changed":false,"footnotes":""},"class_list":["post-9031","page","type-page","status-publish","hentry"],"blocksy_meta":{"styles_descriptor":{"styles":{"desktop":"","tablet":"","mobile":""},"google_fonts":[],"version":6}},"acf":[],"yoast_head":"<!-- This site is optimized with the Yoast SEO plugin v25.7 - https:\/\/yoast.com\/wordpress\/plugins\/seo\/ -->\n<title>Contacts - Las Salotti<\/title>\n<meta name=\"description\" content=\"Si vous souhaitez voir nos canap\u00e9s de vos propres yeux, appelez-nous ou envoyez-nous un e-mail, nous fixerons un rendez-vous.\" \/>\n<meta name=\"robots\" content=\"index, follow, max-snippet:-1, max-image-preview:large, max-video-preview:-1\" \/>\n<link rel=\"canonical\" href=\"https:\/\/www.lassalotti.com\/fr\/contacts\/\" \/>\n<meta property=\"og:locale\" content=\"fr_FR\" \/>\n<meta property=\"og:type\" content=\"article\" \/>\n<meta property=\"og:title\" content=\"Contacts - Las Salotti\" \/>\n<meta property=\"og:description\" content=\"Si vous souhaitez voir nos canap\u00e9s de vos propres yeux, appelez-nous ou envoyez-nous un e-mail, nous fixerons un rendez-vous.\" \/>\n<meta property=\"og:url\" content=\"https:\/\/www.lassalotti.com\/fr\/contacts\/\" \/>\n<meta property=\"og:site_name\" content=\"Las Salotti\" \/>\n<meta property=\"article:modified_time\" content=\"2024-07-19T13:32:11+00:00\" \/>\n<meta name=\"twitter:card\" content=\"summary_large_image\" \/>\n<script type=\"application\/ld+json\" class=\"yoast-schema-graph\">{\"@context\":\"https:\/\/schema.org\",\"@graph\":[{\"@type\":\"WebPage\",\"@id\":\"https:\/\/www.lassalotti.com\/fr\/contacts\/\",\"url\":\"https:\/\/www.lassalotti.com\/fr\/contacts\/\",\"name\":\"Contacts - Las Salotti\",\"isPartOf\":{\"@id\":\"https:\/\/www.lassalotti.com\/fr\/#website\"},\"datePublished\":\"2013-03-23T12:06:18+00:00\",\"dateModified\":\"2024-07-19T13:32:11+00:00\",\"description\":\"Si vous souhaitez voir nos canap\u00e9s de vos propres yeux, appelez-nous ou envoyez-nous un e-mail, nous fixerons un rendez-vous.\",\"breadcrumb\":{\"@id\":\"https:\/\/www.lassalotti.com\/fr\/contacts\/#breadcrumb\"},\"inLanguage\":\"fr-FR\",\"potentialAction\":[{\"@type\":\"ReadAction\",\"target\":[\"https:\/\/www.lassalotti.com\/fr\/contacts\/\"]}]},{\"@type\":\"BreadcrumbList\",\"@id\":\"https:\/\/www.lassalotti.com\/fr\/contacts\/#breadcrumb\",\"itemListElement\":[{\"@type\":\"ListItem\",\"position\":1,\"name\":\"Home\",\"item\":\"https:\/\/www.lassalotti.com\/fr\/home-page\/\"},{\"@type\":\"ListItem\",\"position\":2,\"name\":\"Contacts\"}]},{\"@type\":\"WebSite\",\"@id\":\"https:\/\/www.lassalotti.com\/fr\/#website\",\"url\":\"https:\/\/www.lassalotti.com\/fr\/\",\"name\":\"Las Salotti\",\"description\":\"Divani in pelle\",\"publisher\":{\"@id\":\"https:\/\/www.lassalotti.com\/fr\/#organization\"},\"potentialAction\":[{\"@type\":\"SearchAction\",\"target\":{\"@type\":\"EntryPoint\",\"urlTemplate\":\"https:\/\/www.lassalotti.com\/fr\/?s={search_term_string}\"},\"query-input\":{\"@type\":\"PropertyValueSpecification\",\"valueRequired\":true,\"valueName\":\"search_term_string\"}}],\"inLanguage\":\"fr-FR\"},{\"@type\":\"Organization\",\"@id\":\"https:\/\/www.lassalotti.com\/fr\/#organization\",\"name\":\"Las Salotti\",\"url\":\"https:\/\/www.lassalotti.com\/fr\/\",\"logo\":{\"@type\":\"ImageObject\",\"inLanguage\":\"fr-FR\",\"@id\":\"https:\/\/www.lassalotti.com\/fr\/#\/schema\/logo\/image\/\",\"url\":\"https:\/\/www.lassalotti.com\/wp-content\/uploads\/2023\/02\/logo-las-h-1.png\",\"contentUrl\":\"https:\/\/www.lassalotti.com\/wp-content\/uploads\/2023\/02\/logo-las-h-1.png\",\"width\":226,\"height\":60,\"caption\":\"Las Salotti\"},\"image\":{\"@id\":\"https:\/\/www.lassalotti.com\/fr\/#\/schema\/logo\/image\/\"}}]}<\/script>\n<!-- \/ Yoast SEO plugin. -->","yoast_head_json":{"title":"Contacts - Las Salotti","description":"Si vous souhaitez voir nos canap\u00e9s de vos propres yeux, appelez-nous ou envoyez-nous un e-mail, nous fixerons un rendez-vous.","robots":{"index":"index","follow":"follow","max-snippet":"max-snippet:-1","max-image-preview":"max-image-preview:large","max-video-preview":"max-video-preview:-1"},"canonical":"https:\/\/www.lassalotti.com\/fr\/contacts\/","og_locale":"fr_FR","og_type":"article","og_title":"Contacts - Las Salotti","og_description":"Si vous souhaitez voir nos canap\u00e9s de vos propres yeux, appelez-nous ou envoyez-nous un e-mail, nous fixerons un rendez-vous.","og_url":"https:\/\/www.lassalotti.com\/fr\/contacts\/","og_site_name":"Las Salotti","article_modified_time":"2024-07-19T13:32:11+00:00","twitter_card":"summary_large_image","schema":{"@context":"https:\/\/schema.org","@graph":[{"@type":"WebPage","@id":"https:\/\/www.lassalotti.com\/fr\/contacts\/","url":"https:\/\/www.lassalotti.com\/fr\/contacts\/","name":"Contacts - Las Salotti","isPartOf":{"@id":"https:\/\/www.lassalotti.com\/fr\/#website"},"datePublished":"2013-03-23T12:06:18+00:00","dateModified":"2024-07-19T13:32:11+00:00","description":"Si vous souhaitez voir nos canap\u00e9s de vos propres yeux, appelez-nous ou envoyez-nous un e-mail, nous fixerons un rendez-vous.","breadcrumb":{"@id":"https:\/\/www.lassalotti.com\/fr\/contacts\/#breadcrumb"},"inLanguage":"fr-FR","potentialAction":[{"@type":"ReadAction","target":["https:\/\/www.lassalotti.com\/fr\/contacts\/"]}]},{"@type":"BreadcrumbList","@id":"https:\/\/www.lassalotti.com\/fr\/contacts\/#breadcrumb","itemListElement":[{"@type":"ListItem","position":1,"name":"Home","item":"https:\/\/www.lassalotti.com\/fr\/home-page\/"},{"@type":"ListItem","position":2,"name":"Contacts"}]},{"@type":"WebSite","@id":"https:\/\/www.lassalotti.com\/fr\/#website","url":"https:\/\/www.lassalotti.com\/fr\/","name":"Las Salotti","description":"Divani in pelle","publisher":{"@id":"https:\/\/www.lassalotti.com\/fr\/#organization"},"potentialAction":[{"@type":"SearchAction","target":{"@type":"EntryPoint","urlTemplate":"https:\/\/www.lassalotti.com\/fr\/?s={search_term_string}"},"query-input":{"@type":"PropertyValueSpecification","valueRequired":true,"valueName":"search_term_string"}}],"inLanguage":"fr-FR"},{"@type":"Organization","@id":"https:\/\/www.lassalotti.com\/fr\/#organization","name":"Las Salotti","url":"https:\/\/www.lassalotti.com\/fr\/","logo":{"@type":"ImageObject","inLanguage":"fr-FR","@id":"https:\/\/www.lassalotti.com\/fr\/#\/schema\/logo\/image\/","url":"https:\/\/www.lassalotti.com\/wp-content\/uploads\/2023\/02\/logo-las-h-1.png","contentUrl":"https:\/\/www.lassalotti.com\/wp-content\/uploads\/2023\/02\/logo-las-h-1.png","width":226,"height":60,"caption":"Las Salotti"},"image":{"@id":"https:\/\/www.lassalotti.com\/fr\/#\/schema\/logo\/image\/"}}]}},"_links":{"self":[{"href":"https:\/\/www.lassalotti.com\/fr\/wp-json\/wp\/v2\/pages\/9031","targetHints":{"allow":["GET"]}}],"collection":[{"href":"https:\/\/www.lassalotti.com\/fr\/wp-json\/wp\/v2\/pages"}],"about":[{"href":"https:\/\/www.lassalotti.com\/fr\/wp-json\/wp\/v2\/types\/page"}],"author":[{"embeddable":true,"href":"https:\/\/www.lassalotti.com\/fr\/wp-json\/wp\/v2\/users\/8"}],"replies":[{"embeddable":true,"href":"https:\/\/www.lassalotti.com\/fr\/wp-json\/wp\/v2\/comments?post=9031"}],"version-history":[{"count":8,"href":"https:\/\/www.lassalotti.com\/fr\/wp-json\/wp\/v2\/pages\/9031\/revisions"}],"predecessor-version":[{"id":10897,"href":"https:\/\/www.lassalotti.com\/fr\/wp-json\/wp\/v2\/pages\/9031\/revisions\/10897"}],"wp:attachment":[{"href":"https:\/\/www.lassalotti.com\/fr\/wp-json\/wp\/v2\/media?parent=9031"}],"curies":[{"name":"wp","href":"https:\/\/api.w.org\/{rel}","templated":true}]}}