{"id":9029,"date":"2013-06-28T10:17:37","date_gmt":"2013-06-28T08:17:37","guid":{"rendered":"https:\/\/www.lassalotti.com\/caracteristiques-du-produit\/personnalisation\/"},"modified":"2023-07-17T15:36:51","modified_gmt":"2023-07-17T13:36:51","slug":"personnalisation","status":"publish","type":"page","link":"https:\/\/www.lassalotti.com\/fr\/caracteristiques-du-produit\/personnalisation\/","title":{"rendered":"Personnalisation"},"content":{"rendered":"\t\t<div data-elementor-type=\"wp-page\" data-elementor-id=\"9029\" class=\"elementor elementor-9029 elementor-1235\" data-elementor-post-type=\"page\">\n\t\t\t\t<div class=\"elementor-element elementor-element-9b3f43a e-flex e-con-boxed e-con e-parent\" data-id=\"9b3f43a\" data-element_type=\"container\">\n\t\t\t\t\t<div class=\"e-con-inner\">\n\t\t<div class=\"elementor-element elementor-element-92634b5 e-con-full e-flex e-con e-parent\" data-id=\"92634b5\" data-element_type=\"container\">\n\t\t\t\t<div class=\"elementor-element elementor-element-cb1eb84 elementor-widget elementor-widget-text-editor\" data-id=\"cb1eb84\" data-element_type=\"widget\" data-widget_type=\"text-editor.default\">\n\t\t\t\t<div class=\"elementor-widget-container\">\n\t\t\t\t\t\t\t\t\t<p>LAS s\u2019appuie sur son exp\u00e9rience artisanale pour cr\u00e9er des <b>canap\u00e9s uniques et enti\u00e8rement personnalisables<\/b>.<\/p>\n<p>En plus de proposer sa l<b>arge gamme de cuirs, tissus et fils de qualit\u00e9<\/b>, elle garantit, en s&rsquo;appuyant sur les plus grandes tanneries Italiennes, tous les choix et combinaisons pour r\u00e9pondre \u00e0 tous les go\u00fbts de ses clients, m\u00eame les plus raffin\u00e9.<\/p>\n\t\t\t\t\t\t\t\t<\/div>\n\t\t\t\t<\/div>\n\t\t\t\t<\/div>\n\t\t\t\t\t<\/div>\n\t\t\t\t<\/div>\n\t\t<div class=\"elementor-element elementor-element-fdc3bb5 e-flex e-con-boxed e-con e-parent\" data-id=\"fdc3bb5\" data-element_type=\"container\">\n\t\t\t\t\t<div class=\"e-con-inner\">\n\t\t<div class=\"elementor-element elementor-element-05a7c8c e-con-full e-flex e-con e-parent\" data-id=\"05a7c8c\" data-element_type=\"container\">\n\t\t\t\t<div class=\"elementor-element elementor-element-88f2629 elementor-widget elementor-widget-image\" data-id=\"88f2629\" data-element_type=\"widget\" data-widget_type=\"image.default\">\n\t\t\t\t<div class=\"elementor-widget-container\">\n\t\t\t\t\t\t\t\t\t\t\t\t\t\t\t<img decoding=\"async\" width=\"100\" height=\"100\" src=\"https:\/\/www.lassalotti.com\/wp-content\/uploads\/2013\/06\/icona1.jpg\" class=\"attachment-large size-large wp-image-6007\" alt=\"\" srcset=\"https:\/\/www.lassalotti.com\/wp-content\/uploads\/2013\/06\/icona1.jpg 100w, https:\/\/www.lassalotti.com\/wp-content\/uploads\/2013\/06\/icona1-50x50.jpg 50w\" sizes=\"(max-width: 100px) 100vw, 100px\" \/>\t\t\t\t\t\t\t\t\t\t\t\t\t\t\t<\/div>\n\t\t\t\t<\/div>\n\t\t\t\t<div class=\"elementor-element elementor-element-a06d5a7 elementor-widget elementor-widget-text-editor\" data-id=\"a06d5a7\" data-element_type=\"widget\" data-widget_type=\"text-editor.default\">\n\t\t\t\t<div class=\"elementor-widget-container\">\n\t\t\t\t\t\t\t\t\t<p>Des mousses et des rembourrages de qualit\u00e9 assurent le confort et la d\u00e9tente au quotidien.<\/p>\n\t\t\t\t\t\t\t\t<\/div>\n\t\t\t\t<\/div>\n\t\t\t\t<\/div>\n\t\t<div class=\"elementor-element elementor-element-a6921a1 e-con-full e-flex e-con e-parent\" data-id=\"a6921a1\" data-element_type=\"container\">\n\t\t\t\t<div class=\"elementor-element elementor-element-5a7b779 elementor-widget elementor-widget-image\" data-id=\"5a7b779\" data-element_type=\"widget\" data-widget_type=\"image.default\">\n\t\t\t\t<div class=\"elementor-widget-container\">\n\t\t\t\t\t\t\t\t\t\t\t\t\t\t\t<img decoding=\"async\" width=\"100\" height=\"100\" src=\"https:\/\/www.lassalotti.com\/wp-content\/uploads\/2013\/06\/icona2.jpg\" class=\"attachment-large size-large wp-image-6003\" alt=\"\" srcset=\"https:\/\/www.lassalotti.com\/wp-content\/uploads\/2013\/06\/icona2.jpg 100w, https:\/\/www.lassalotti.com\/wp-content\/uploads\/2013\/06\/icona2-50x50.jpg 50w\" sizes=\"(max-width: 100px) 100vw, 100px\" \/>\t\t\t\t\t\t\t\t\t\t\t\t\t\t\t<\/div>\n\t\t\t\t<\/div>\n\t\t\t\t<div class=\"elementor-element elementor-element-f160b21 elementor-widget elementor-widget-text-editor\" data-id=\"f160b21\" data-element_type=\"widget\" data-widget_type=\"text-editor.default\">\n\t\t\t\t<div class=\"elementor-widget-container\">\n\t\t\t\t\t\t\t\t\t<p>Large gamme de rev\u00eatements pour vivre l&rsquo;\u00e9l\u00e9gance dans l&rsquo;espace de vie.<\/p>\n\t\t\t\t\t\t\t\t<\/div>\n\t\t\t\t<\/div>\n\t\t\t\t<\/div>\n\t\t<div class=\"elementor-element elementor-element-e70e647 e-con-full e-flex e-con e-parent\" data-id=\"e70e647\" data-element_type=\"container\">\n\t\t\t\t<div class=\"elementor-element elementor-element-5bab8b8 elementor-widget elementor-widget-image\" data-id=\"5bab8b8\" data-element_type=\"widget\" data-widget_type=\"image.default\">\n\t\t\t\t<div class=\"elementor-widget-container\">\n\t\t\t\t\t\t\t\t\t\t\t\t\t\t\t<img decoding=\"async\" width=\"100\" height=\"100\" src=\"https:\/\/www.lassalotti.com\/wp-content\/uploads\/2013\/06\/icona3.jpg\" class=\"attachment-large size-large wp-image-5999\" alt=\"\" srcset=\"https:\/\/www.lassalotti.com\/wp-content\/uploads\/2013\/06\/icona3.jpg 100w, https:\/\/www.lassalotti.com\/wp-content\/uploads\/2013\/06\/icona3-50x50.jpg 50w\" sizes=\"(max-width: 100px) 100vw, 100px\" \/>\t\t\t\t\t\t\t\t\t\t\t\t\t\t\t<\/div>\n\t\t\t\t<\/div>\n\t\t\t\t<div class=\"elementor-element elementor-element-9cd11e4 elementor-widget elementor-widget-text-editor\" data-id=\"9cd11e4\" data-element_type=\"widget\" data-widget_type=\"text-editor.default\">\n\t\t\t\t<div class=\"elementor-widget-container\">\n\t\t\t\t\t\t\t\t\t<p>Nombreux types de fils pour finir et enrichir chaque d\u00e9tail.<\/p>\n\t\t\t\t\t\t\t\t<\/div>\n\t\t\t\t<\/div>\n\t\t\t\t<\/div>\n\t\t\t\t\t<\/div>\n\t\t\t\t<\/div>\n\t\t<div class=\"elementor-element elementor-element-be6a6d6 e-flex e-con-boxed e-con e-parent\" data-id=\"be6a6d6\" data-element_type=\"container\">\n\t\t\t\t\t<div class=\"e-con-inner\">\n\t\t\t\t<div class=\"elementor-element elementor-element-2ac07a6 elementor-widget elementor-widget-image\" data-id=\"2ac07a6\" data-element_type=\"widget\" data-widget_type=\"image.default\">\n\t\t\t\t<div class=\"elementor-widget-container\">\n\t\t\t\t\t\t\t\t\t\t\t\t\t\t\t<img loading=\"lazy\" decoding=\"async\" width=\"1000\" height=\"762\" src=\"https:\/\/www.lassalotti.com\/wp-content\/uploads\/2013\/06\/las-divani-personalizzati.jpg\" class=\"attachment-large size-large wp-image-5995\" alt=\"\" srcset=\"https:\/\/www.lassalotti.com\/wp-content\/uploads\/2013\/06\/las-divani-personalizzati.jpg 1000w, https:\/\/www.lassalotti.com\/wp-content\/uploads\/2013\/06\/las-divani-personalizzati-300x228.jpg 300w\" sizes=\"(max-width: 1000px) 100vw, 1000px\" \/>\t\t\t\t\t\t\t\t\t\t\t\t\t\t\t<\/div>\n\t\t\t\t<\/div>\n\t\t\t\t\t<\/div>\n\t\t\t\t<\/div>\n\t\t\t\t<\/div>\n\t\t","protected":false},"excerpt":{"rendered":"<p>LAS s\u2019appuie sur son exp\u00e9rience artisanale pour cr\u00e9er des canap\u00e9s uniques et enti\u00e8rement personnalisables. En plus de proposer sa large gamme de cuirs, tissus et fils de qualit\u00e9, elle garantit, en s&rsquo;appuyant sur les plus grandes tanneries Italiennes, tous les choix et combinaisons pour r\u00e9pondre \u00e0 tous les go\u00fbts de ses clients, m\u00eame les plus [&hellip;]<\/p>\n","protected":false},"author":10,"featured_media":0,"parent":9023,"menu_order":6,"comment_status":"closed","ping_status":"closed","template":"","meta":{"_acf_changed":false,"footnotes":""},"class_list":["post-9029","page","type-page","status-publish","hentry"],"blocksy_meta":{"styles_descriptor":{"styles":{"desktop":"","tablet":"","mobile":""},"google_fonts":[],"version":6}},"acf":[],"yoast_head":"<!-- This site is optimized with the Yoast SEO plugin v25.7 - https:\/\/yoast.com\/wordpress\/plugins\/seo\/ -->\n<title>Personnalisation des canap\u00e9s - LAS Salotti<\/title>\n<meta name=\"description\" content=\"LAS utilise son savoir-faire artisanal pour cr\u00e9er des canap\u00e9s uniques et enti\u00e8rement personnalisables. D\u00e9couvrez les personnalisations ! LAS utilise son savoir-faire artisanal pour cr\u00e9er des canap\u00e9s uniques et enti\u00e8rement personnalisables. D\u00e9couvrez les personnalisations !\" \/>\n<meta name=\"robots\" content=\"index, follow, max-snippet:-1, max-image-preview:large, max-video-preview:-1\" \/>\n<link rel=\"canonical\" href=\"https:\/\/www.lassalotti.com\/fr\/caracteristiques-du-produit\/personnalisation\/\" \/>\n<meta property=\"og:locale\" content=\"fr_FR\" \/>\n<meta property=\"og:type\" content=\"article\" \/>\n<meta property=\"og:title\" content=\"Personnalisation des canap\u00e9s - LAS Salotti\" \/>\n<meta property=\"og:description\" content=\"LAS utilise son savoir-faire artisanal pour cr\u00e9er des canap\u00e9s uniques et enti\u00e8rement personnalisables. D\u00e9couvrez les personnalisations ! LAS utilise son savoir-faire artisanal pour cr\u00e9er des canap\u00e9s uniques et enti\u00e8rement personnalisables. D\u00e9couvrez les personnalisations !\" \/>\n<meta property=\"og:url\" content=\"https:\/\/www.lassalotti.com\/fr\/caracteristiques-du-produit\/personnalisation\/\" \/>\n<meta property=\"og:site_name\" content=\"Las Salotti\" \/>\n<meta property=\"article:modified_time\" content=\"2023-07-17T13:36:51+00:00\" \/>\n<meta property=\"og:image\" content=\"https:\/\/www.lassalotti.com\/wp-content\/uploads\/2013\/06\/icona1.jpg\" \/>\n<meta name=\"twitter:card\" content=\"summary_large_image\" \/>\n<meta name=\"twitter:label1\" content=\"Dur\u00e9e de lecture estim\u00e9e\" \/>\n\t<meta name=\"twitter:data1\" content=\"1 minute\" \/>\n<script type=\"application\/ld+json\" class=\"yoast-schema-graph\">{\"@context\":\"https:\/\/schema.org\",\"@graph\":[{\"@type\":\"WebPage\",\"@id\":\"https:\/\/www.lassalotti.com\/fr\/caracteristiques-du-produit\/personnalisation\/\",\"url\":\"https:\/\/www.lassalotti.com\/fr\/caracteristiques-du-produit\/personnalisation\/\",\"name\":\"Personnalisation des canap\u00e9s - LAS Salotti\",\"isPartOf\":{\"@id\":\"https:\/\/www.lassalotti.com\/fr\/#website\"},\"primaryImageOfPage\":{\"@id\":\"https:\/\/www.lassalotti.com\/fr\/caracteristiques-du-produit\/personnalisation\/#primaryimage\"},\"image\":{\"@id\":\"https:\/\/www.lassalotti.com\/fr\/caracteristiques-du-produit\/personnalisation\/#primaryimage\"},\"thumbnailUrl\":\"https:\/\/www.lassalotti.com\/wp-content\/uploads\/2013\/06\/icona1.jpg\",\"datePublished\":\"2013-06-28T08:17:37+00:00\",\"dateModified\":\"2023-07-17T13:36:51+00:00\",\"description\":\"LAS utilise son savoir-faire artisanal pour cr\u00e9er des canap\u00e9s uniques et enti\u00e8rement personnalisables. D\u00e9couvrez les personnalisations ! LAS utilise son savoir-faire artisanal pour cr\u00e9er des canap\u00e9s uniques et enti\u00e8rement personnalisables. D\u00e9couvrez les personnalisations !\",\"breadcrumb\":{\"@id\":\"https:\/\/www.lassalotti.com\/fr\/caracteristiques-du-produit\/personnalisation\/#breadcrumb\"},\"inLanguage\":\"fr-FR\",\"potentialAction\":[{\"@type\":\"ReadAction\",\"target\":[\"https:\/\/www.lassalotti.com\/fr\/caracteristiques-du-produit\/personnalisation\/\"]}]},{\"@type\":\"ImageObject\",\"inLanguage\":\"fr-FR\",\"@id\":\"https:\/\/www.lassalotti.com\/fr\/caracteristiques-du-produit\/personnalisation\/#primaryimage\",\"url\":\"https:\/\/www.lassalotti.com\/wp-content\/uploads\/2013\/06\/icona1.jpg\",\"contentUrl\":\"https:\/\/www.lassalotti.com\/wp-content\/uploads\/2013\/06\/icona1.jpg\"},{\"@type\":\"BreadcrumbList\",\"@id\":\"https:\/\/www.lassalotti.com\/fr\/caracteristiques-du-produit\/personnalisation\/#breadcrumb\",\"itemListElement\":[{\"@type\":\"ListItem\",\"position\":1,\"name\":\"Home\",\"item\":\"https:\/\/www.lassalotti.com\/fr\/home-page\/\"},{\"@type\":\"ListItem\",\"position\":2,\"name\":\"Caract\u00e9ristiques du produit\",\"item\":\"https:\/\/www.lassalotti.com\/fr\/caracteristiques-du-produit\/\"},{\"@type\":\"ListItem\",\"position\":3,\"name\":\"Personnalisation\"}]},{\"@type\":\"WebSite\",\"@id\":\"https:\/\/www.lassalotti.com\/fr\/#website\",\"url\":\"https:\/\/www.lassalotti.com\/fr\/\",\"name\":\"Las Salotti\",\"description\":\"Divani in pelle\",\"publisher\":{\"@id\":\"https:\/\/www.lassalotti.com\/fr\/#organization\"},\"potentialAction\":[{\"@type\":\"SearchAction\",\"target\":{\"@type\":\"EntryPoint\",\"urlTemplate\":\"https:\/\/www.lassalotti.com\/fr\/?s={search_term_string}\"},\"query-input\":{\"@type\":\"PropertyValueSpecification\",\"valueRequired\":true,\"valueName\":\"search_term_string\"}}],\"inLanguage\":\"fr-FR\"},{\"@type\":\"Organization\",\"@id\":\"https:\/\/www.lassalotti.com\/fr\/#organization\",\"name\":\"Las Salotti\",\"url\":\"https:\/\/www.lassalotti.com\/fr\/\",\"logo\":{\"@type\":\"ImageObject\",\"inLanguage\":\"fr-FR\",\"@id\":\"https:\/\/www.lassalotti.com\/fr\/#\/schema\/logo\/image\/\",\"url\":\"https:\/\/www.lassalotti.com\/wp-content\/uploads\/2023\/02\/logo-las-h-1.png\",\"contentUrl\":\"https:\/\/www.lassalotti.com\/wp-content\/uploads\/2023\/02\/logo-las-h-1.png\",\"width\":226,\"height\":60,\"caption\":\"Las Salotti\"},\"image\":{\"@id\":\"https:\/\/www.lassalotti.com\/fr\/#\/schema\/logo\/image\/\"}}]}<\/script>\n<!-- \/ Yoast SEO plugin. -->","yoast_head_json":{"title":"Personnalisation des canap\u00e9s - LAS Salotti","description":"LAS utilise son savoir-faire artisanal pour cr\u00e9er des canap\u00e9s uniques et enti\u00e8rement personnalisables. D\u00e9couvrez les personnalisations ! LAS utilise son savoir-faire artisanal pour cr\u00e9er des canap\u00e9s uniques et enti\u00e8rement personnalisables. D\u00e9couvrez les personnalisations !","robots":{"index":"index","follow":"follow","max-snippet":"max-snippet:-1","max-image-preview":"max-image-preview:large","max-video-preview":"max-video-preview:-1"},"canonical":"https:\/\/www.lassalotti.com\/fr\/caracteristiques-du-produit\/personnalisation\/","og_locale":"fr_FR","og_type":"article","og_title":"Personnalisation des canap\u00e9s - LAS Salotti","og_description":"LAS utilise son savoir-faire artisanal pour cr\u00e9er des canap\u00e9s uniques et enti\u00e8rement personnalisables. D\u00e9couvrez les personnalisations ! LAS utilise son savoir-faire artisanal pour cr\u00e9er des canap\u00e9s uniques et enti\u00e8rement personnalisables. D\u00e9couvrez les personnalisations !","og_url":"https:\/\/www.lassalotti.com\/fr\/caracteristiques-du-produit\/personnalisation\/","og_site_name":"Las Salotti","article_modified_time":"2023-07-17T13:36:51+00:00","og_image":[{"url":"https:\/\/www.lassalotti.com\/wp-content\/uploads\/2013\/06\/icona1.jpg","type":"","width":"","height":""}],"twitter_card":"summary_large_image","twitter_misc":{"Dur\u00e9e de lecture estim\u00e9e":"1 minute"},"schema":{"@context":"https:\/\/schema.org","@graph":[{"@type":"WebPage","@id":"https:\/\/www.lassalotti.com\/fr\/caracteristiques-du-produit\/personnalisation\/","url":"https:\/\/www.lassalotti.com\/fr\/caracteristiques-du-produit\/personnalisation\/","name":"Personnalisation des canap\u00e9s - LAS Salotti","isPartOf":{"@id":"https:\/\/www.lassalotti.com\/fr\/#website"},"primaryImageOfPage":{"@id":"https:\/\/www.lassalotti.com\/fr\/caracteristiques-du-produit\/personnalisation\/#primaryimage"},"image":{"@id":"https:\/\/www.lassalotti.com\/fr\/caracteristiques-du-produit\/personnalisation\/#primaryimage"},"thumbnailUrl":"https:\/\/www.lassalotti.com\/wp-content\/uploads\/2013\/06\/icona1.jpg","datePublished":"2013-06-28T08:17:37+00:00","dateModified":"2023-07-17T13:36:51+00:00","description":"LAS utilise son savoir-faire artisanal pour cr\u00e9er des canap\u00e9s uniques et enti\u00e8rement personnalisables. D\u00e9couvrez les personnalisations ! LAS utilise son savoir-faire artisanal pour cr\u00e9er des canap\u00e9s uniques et enti\u00e8rement personnalisables. D\u00e9couvrez les personnalisations !","breadcrumb":{"@id":"https:\/\/www.lassalotti.com\/fr\/caracteristiques-du-produit\/personnalisation\/#breadcrumb"},"inLanguage":"fr-FR","potentialAction":[{"@type":"ReadAction","target":["https:\/\/www.lassalotti.com\/fr\/caracteristiques-du-produit\/personnalisation\/"]}]},{"@type":"ImageObject","inLanguage":"fr-FR","@id":"https:\/\/www.lassalotti.com\/fr\/caracteristiques-du-produit\/personnalisation\/#primaryimage","url":"https:\/\/www.lassalotti.com\/wp-content\/uploads\/2013\/06\/icona1.jpg","contentUrl":"https:\/\/www.lassalotti.com\/wp-content\/uploads\/2013\/06\/icona1.jpg"},{"@type":"BreadcrumbList","@id":"https:\/\/www.lassalotti.com\/fr\/caracteristiques-du-produit\/personnalisation\/#breadcrumb","itemListElement":[{"@type":"ListItem","position":1,"name":"Home","item":"https:\/\/www.lassalotti.com\/fr\/home-page\/"},{"@type":"ListItem","position":2,"name":"Caract\u00e9ristiques du produit","item":"https:\/\/www.lassalotti.com\/fr\/caracteristiques-du-produit\/"},{"@type":"ListItem","position":3,"name":"Personnalisation"}]},{"@type":"WebSite","@id":"https:\/\/www.lassalotti.com\/fr\/#website","url":"https:\/\/www.lassalotti.com\/fr\/","name":"Las Salotti","description":"Divani in pelle","publisher":{"@id":"https:\/\/www.lassalotti.com\/fr\/#organization"},"potentialAction":[{"@type":"SearchAction","target":{"@type":"EntryPoint","urlTemplate":"https:\/\/www.lassalotti.com\/fr\/?s={search_term_string}"},"query-input":{"@type":"PropertyValueSpecification","valueRequired":true,"valueName":"search_term_string"}}],"inLanguage":"fr-FR"},{"@type":"Organization","@id":"https:\/\/www.lassalotti.com\/fr\/#organization","name":"Las Salotti","url":"https:\/\/www.lassalotti.com\/fr\/","logo":{"@type":"ImageObject","inLanguage":"fr-FR","@id":"https:\/\/www.lassalotti.com\/fr\/#\/schema\/logo\/image\/","url":"https:\/\/www.lassalotti.com\/wp-content\/uploads\/2023\/02\/logo-las-h-1.png","contentUrl":"https:\/\/www.lassalotti.com\/wp-content\/uploads\/2023\/02\/logo-las-h-1.png","width":226,"height":60,"caption":"Las Salotti"},"image":{"@id":"https:\/\/www.lassalotti.com\/fr\/#\/schema\/logo\/image\/"}}]}},"_links":{"self":[{"href":"https:\/\/www.lassalotti.com\/fr\/wp-json\/wp\/v2\/pages\/9029","targetHints":{"allow":["GET"]}}],"collection":[{"href":"https:\/\/www.lassalotti.com\/fr\/wp-json\/wp\/v2\/pages"}],"about":[{"href":"https:\/\/www.lassalotti.com\/fr\/wp-json\/wp\/v2\/types\/page"}],"author":[{"embeddable":true,"href":"https:\/\/www.lassalotti.com\/fr\/wp-json\/wp\/v2\/users\/10"}],"replies":[{"embeddable":true,"href":"https:\/\/www.lassalotti.com\/fr\/wp-json\/wp\/v2\/comments?post=9029"}],"version-history":[{"count":2,"href":"https:\/\/www.lassalotti.com\/fr\/wp-json\/wp\/v2\/pages\/9029\/revisions"}],"predecessor-version":[{"id":9668,"href":"https:\/\/www.lassalotti.com\/fr\/wp-json\/wp\/v2\/pages\/9029\/revisions\/9668"}],"up":[{"embeddable":true,"href":"https:\/\/www.lassalotti.com\/fr\/wp-json\/wp\/v2\/pages\/9023"}],"wp:attachment":[{"href":"https:\/\/www.lassalotti.com\/fr\/wp-json\/wp\/v2\/media?parent=9029"}],"curies":[{"name":"wp","href":"https:\/\/api.w.org\/{rel}","templated":true}]}}