{"id":9027,"date":"2013-06-20T12:08:06","date_gmt":"2013-06-20T10:08:06","guid":{"rendered":"https:\/\/www.lassalotti.com\/caracteristiques-du-produit\/mousses\/"},"modified":"2023-07-17T15:34:35","modified_gmt":"2023-07-17T13:34:35","slug":"mousses","status":"publish","type":"page","link":"https:\/\/www.lassalotti.com\/fr\/caracteristiques-du-produit\/mousses\/","title":{"rendered":"Mousses"},"content":{"rendered":"\t\t<div data-elementor-type=\"wp-page\" data-elementor-id=\"9027\" class=\"elementor elementor-9027 elementor-1041\" data-elementor-post-type=\"page\">\n\t\t\t\t<div class=\"elementor-element elementor-element-e83829a e-flex e-con-boxed e-con e-parent\" data-id=\"e83829a\" data-element_type=\"container\" data-e-type=\"container\">\n\t\t\t\t\t<div class=\"e-con-inner\">\n\t\t<div class=\"elementor-element elementor-element-2976bde e-con-full e-flex e-con e-parent\" data-id=\"2976bde\" data-element_type=\"container\" data-e-type=\"container\">\n\t\t\t\t<div class=\"elementor-element elementor-element-3f4a87f elementor-widget elementor-widget-image\" data-id=\"3f4a87f\" data-element_type=\"widget\" data-e-type=\"widget\" data-widget_type=\"image.default\">\n\t\t\t\t<div class=\"elementor-widget-container\">\n\t\t\t\t\t\t\t\t\t\t\t\t\t\t\t<img fetchpriority=\"high\" decoding=\"async\" width=\"600\" height=\"220\" src=\"https:\/\/www.lassalotti.com\/wp-content\/uploads\/2013\/06\/divani-imbottiti-comfort.jpg\" class=\"attachment-full size-full wp-image-5799\" alt=\"\" srcset=\"https:\/\/www.lassalotti.com\/wp-content\/uploads\/2013\/06\/divani-imbottiti-comfort.jpg 600w, https:\/\/www.lassalotti.com\/wp-content\/uploads\/2013\/06\/divani-imbottiti-comfort-300x110.jpg 300w\" sizes=\"(max-width: 600px) 100vw, 600px\" \/>\t\t\t\t\t\t\t\t\t\t\t\t\t\t\t<\/div>\n\t\t\t\t<\/div>\n\t\t\t\t<\/div>\n\t\t<div class=\"elementor-element elementor-element-19d9f01 e-con-full e-flex e-con e-parent\" data-id=\"19d9f01\" data-element_type=\"container\" data-e-type=\"container\">\n\t\t\t\t<div class=\"elementor-element elementor-element-f16503a elementor-widget elementor-widget-heading\" data-id=\"f16503a\" data-element_type=\"widget\" data-e-type=\"widget\" data-widget_type=\"heading.default\">\n\t\t\t\t<div class=\"elementor-widget-container\">\n\t\t\t\t\t<h3 class=\"elementor-heading-title elementor-size-default\">Mousses<\/h3>\t\t\t\t<\/div>\n\t\t\t\t<\/div>\n\t\t\t\t<div class=\"elementor-element elementor-element-74d3353 elementor-widget elementor-widget-text-editor\" data-id=\"74d3353\" data-element_type=\"widget\" data-e-type=\"widget\" data-widget_type=\"text-editor.default\">\n\t\t\t\t<div class=\"elementor-widget-container\">\n\t\t\t\t\t\t\t\t\t<p>Nos canap\u00e9s sont le fruit de la recherche et du d\u00e9veloppement de mat\u00e9riaux innovants, performants et surtout certifi\u00e9s. Nos rembourrages sont issus de la derni\u00e8re g\u00e9n\u00e9ration de mousses de polyur\u00e9thane qui sont combin\u00e9es en diff\u00e9rentes densit\u00e9s pour cr\u00e9er le confort le plus adapt\u00e9 aux besoins de nos clients. La qualit\u00e9 des mati\u00e8res premi\u00e8res permet \u00e9galement au canap\u00e9 de conserver sa forme originale et son \u00e9lasticit\u00e9 dans le temps.<\/p>\n\t\t\t\t\t\t\t\t<\/div>\n\t\t\t\t<\/div>\n\t\t\t\t<\/div>\n\t\t\t\t\t<\/div>\n\t\t\t\t<\/div>\n\t\t<div class=\"elementor-element elementor-element-5441249 e-flex e-con-boxed e-con e-parent\" data-id=\"5441249\" data-element_type=\"container\" data-e-type=\"container\">\n\t\t\t\t\t<div class=\"e-con-inner\">\n\t\t<div class=\"elementor-element elementor-element-68f4e41 e-con-full e-flex e-con e-parent\" data-id=\"68f4e41\" data-element_type=\"container\" data-e-type=\"container\">\n\t\t\t\t<div class=\"elementor-element elementor-element-8953ad6 elementor-widget elementor-widget-image\" data-id=\"8953ad6\" data-element_type=\"widget\" data-e-type=\"widget\" data-widget_type=\"image.default\">\n\t\t\t\t<div class=\"elementor-widget-container\">\n\t\t\t\t\t\t\t\t\t\t\t\t\t\t\t<img decoding=\"async\" width=\"600\" height=\"220\" src=\"https:\/\/www.lassalotti.com\/wp-content\/uploads\/2013\/06\/divani-comfort-rigido1.jpg\" class=\"attachment-full size-full wp-image-6011\" alt=\"\" srcset=\"https:\/\/www.lassalotti.com\/wp-content\/uploads\/2013\/06\/divani-comfort-rigido1.jpg 600w, https:\/\/www.lassalotti.com\/wp-content\/uploads\/2013\/06\/divani-comfort-rigido1-300x110.jpg 300w\" sizes=\"(max-width: 600px) 100vw, 600px\" \/>\t\t\t\t\t\t\t\t\t\t\t\t\t\t\t<\/div>\n\t\t\t\t<\/div>\n\t\t\t\t<\/div>\n\t\t<div class=\"elementor-element elementor-element-28fd3d9 e-con-full e-flex e-con e-parent\" data-id=\"28fd3d9\" data-element_type=\"container\" data-e-type=\"container\">\n\t\t\t\t<div class=\"elementor-element elementor-element-31b7592 elementor-widget elementor-widget-heading\" data-id=\"31b7592\" data-element_type=\"widget\" data-e-type=\"widget\" data-widget_type=\"heading.default\">\n\t\t\t\t<div class=\"elementor-widget-container\">\n\t\t\t\t\t<h3 class=\"elementor-heading-title elementor-size-default\">Mousses ferme<\/h3>\t\t\t\t<\/div>\n\t\t\t\t<\/div>\n\t\t\t\t<div class=\"elementor-element elementor-element-75df18d elementor-widget elementor-widget-text-editor\" data-id=\"75df18d\" data-element_type=\"widget\" data-e-type=\"widget\" data-widget_type=\"text-editor.default\">\n\t\t\t\t<div class=\"elementor-widget-container\">\n\t\t\t\t\t\t\t\t\t<p>Pour tous les mod\u00e8les, il est possible de choisir un si\u00e8ge rigide en mousse de polyur\u00e9thane haute densit\u00e9 (40 kg\/m\u00b3). L&rsquo;augmentation de la masse \u00e9lastique et la r\u00e9duction de la pr\u00e9sence de particules d&rsquo;air augmentent la portance du si\u00e8ge et sa capacit\u00e9 \u00e0 r\u00e9sister aux contraintes. L&rsquo;origine et la qualit\u00e9 des mat\u00e9riaux sont les m\u00eames que pour la mousse standard.<\/p>\n\t\t\t\t\t\t\t\t<\/div>\n\t\t\t\t<\/div>\n\t\t\t\t<\/div>\n\t\t\t\t\t<\/div>\n\t\t\t\t<\/div>\n\t\t<div class=\"elementor-element elementor-element-2472fae e-flex e-con-boxed e-con e-parent\" data-id=\"2472fae\" data-element_type=\"container\" data-e-type=\"container\">\n\t\t\t\t\t<div class=\"e-con-inner\">\n\t\t<div class=\"elementor-element elementor-element-5db62e5 e-con-full e-flex e-con e-parent\" data-id=\"5db62e5\" data-element_type=\"container\" data-e-type=\"container\">\n\t\t\t\t<div class=\"elementor-element elementor-element-2a285aa elementor-widget elementor-widget-image\" data-id=\"2a285aa\" data-element_type=\"widget\" data-e-type=\"widget\" data-widget_type=\"image.default\">\n\t\t\t\t<div class=\"elementor-widget-container\">\n\t\t\t\t\t\t\t\t\t\t\t\t\t\t\t<img decoding=\"async\" width=\"600\" height=\"220\" src=\"https:\/\/www.lassalotti.com\/wp-content\/uploads\/2013\/06\/divani-effetto-memory.jpg\" class=\"attachment-full size-full wp-image-5795\" alt=\"\" srcset=\"https:\/\/www.lassalotti.com\/wp-content\/uploads\/2013\/06\/divani-effetto-memory.jpg 600w, https:\/\/www.lassalotti.com\/wp-content\/uploads\/2013\/06\/divani-effetto-memory-300x110.jpg 300w\" sizes=\"(max-width: 600px) 100vw, 600px\" \/>\t\t\t\t\t\t\t\t\t\t\t\t\t\t\t<\/div>\n\t\t\t\t<\/div>\n\t\t\t\t<\/div>\n\t\t<div class=\"elementor-element elementor-element-ca65e97 e-con-full e-flex e-con e-parent\" data-id=\"ca65e97\" data-element_type=\"container\" data-e-type=\"container\">\n\t\t\t\t<div class=\"elementor-element elementor-element-cd7fd85 elementor-widget elementor-widget-heading\" data-id=\"cd7fd85\" data-element_type=\"widget\" data-e-type=\"widget\" data-widget_type=\"heading.default\">\n\t\t\t\t<div class=\"elementor-widget-container\">\n\t\t\t\t\t<h3 class=\"elementor-heading-title elementor-size-default\">Mousse \u00e0 m\u00e9moire<\/h3>\t\t\t\t<\/div>\n\t\t\t\t<\/div>\n\t\t\t\t<div class=\"elementor-element elementor-element-de4593b elementor-widget elementor-widget-text-editor\" data-id=\"de4593b\" data-element_type=\"widget\" data-e-type=\"widget\" data-widget_type=\"text-editor.default\">\n\t\t\t\t<div class=\"elementor-widget-container\">\n\t\t\t\t\t\t\t\t\t<p>L&rsquo;option \u00ab\u00a0M\u00e9moire\u00a0\u00bb est disponible sur tous les mod\u00e8les, gr\u00e2ce \u00e0 l&rsquo;utilisation d&rsquo;une mousse sp\u00e9ciale qui non seulement offre un excellent confort, mais qui reprend \u00e9galement sa forme initiale de mani\u00e8re ind\u00e9pendante apr\u00e8s chaque utilisation. Ce mat\u00e9riau conserve son \u00e9lasticit\u00e9 m\u00eame apr\u00e8s plusieurs ann\u00e9es et pr\u00e9sente plusieurs qualit\u00e9s : il est ergonomique, hygi\u00e9nique, respirant, recyclable, hypoallerg\u00e9nique et ne peut \u00eatre attaqu\u00e9 par les acariens.<\/p>\n\t\t\t\t\t\t\t\t<\/div>\n\t\t\t\t<\/div>\n\t\t\t\t<\/div>\n\t\t\t\t\t<\/div>\n\t\t\t\t<\/div>\n\t\t<div class=\"elementor-element elementor-element-3e0f9ed elementor-hidden-desktop elementor-hidden-tablet elementor-hidden-mobile e-flex e-con-boxed e-con e-parent\" data-id=\"3e0f9ed\" data-element_type=\"container\" data-e-type=\"container\">\n\t\t\t\t\t<div class=\"e-con-inner\">\n\t\t<div class=\"elementor-element elementor-element-3b8c40d e-con-full e-flex e-con e-parent\" data-id=\"3b8c40d\" data-element_type=\"container\" data-e-type=\"container\">\n\t\t\t\t<div class=\"elementor-element elementor-element-adc9f95 elementor-widget elementor-widget-image\" data-id=\"adc9f95\" data-element_type=\"widget\" data-e-type=\"widget\" data-widget_type=\"image.default\">\n\t\t\t\t<div class=\"elementor-widget-container\">\n\t\t\t\t\t\t\t\t\t\t\t\t\t\t\t<img loading=\"lazy\" decoding=\"async\" width=\"600\" height=\"350\" src=\"https:\/\/www.lassalotti.com\/wp-content\/uploads\/2013\/06\/las-salotti-divani-lympha.jpg\" class=\"attachment-full size-full wp-image-5631\" alt=\"\" srcset=\"https:\/\/www.lassalotti.com\/wp-content\/uploads\/2013\/06\/las-salotti-divani-lympha.jpg 600w, https:\/\/www.lassalotti.com\/wp-content\/uploads\/2013\/06\/las-salotti-divani-lympha-300x175.jpg 300w\" sizes=\"(max-width: 600px) 100vw, 600px\" \/>\t\t\t\t\t\t\t\t\t\t\t\t\t\t\t<\/div>\n\t\t\t\t<\/div>\n\t\t\t\t<\/div>\n\t\t<div class=\"elementor-element elementor-element-217f156 e-con-full e-flex e-con e-parent\" data-id=\"217f156\" data-element_type=\"container\" data-e-type=\"container\">\n\t\t\t\t<div class=\"elementor-element elementor-element-69dfd1c elementor-widget elementor-widget-heading\" data-id=\"69dfd1c\" data-element_type=\"widget\" data-e-type=\"widget\" data-widget_type=\"heading.default\">\n\t\t\t\t<div class=\"elementor-widget-container\">\n\t\t\t\t\t<h3 class=\"elementor-heading-title elementor-size-default\">Lympha<\/h3>\t\t\t\t<\/div>\n\t\t\t\t<\/div>\n\t\t\t\t<div class=\"elementor-element elementor-element-d19cbd3 elementor-widget elementor-widget-text-editor\" data-id=\"d19cbd3\" data-element_type=\"widget\" data-e-type=\"widget\" data-widget_type=\"text-editor.default\">\n\t\t\t\t<div class=\"elementor-widget-container\">\n\t\t\t\t\t\t\t\t\t<p>Acqua e anidride carbonica. Attraverso un apposito sistema di produzione, questi due elementi vengono combinati, in unione alle materie prime di nuova concezione, per generare un sistema di imbottitura divani dagli elevati standard qualitativi nel pieno rispetto dell&rsquo;ambiente. Grazie al fornitore OLMO possiamo offrire un prodotto naturale, garantito e certificato.<\/p>\n\t\t\t\t\t\t\t\t<\/div>\n\t\t\t\t<\/div>\n\t\t\t\t<\/div>\n\t\t\t\t\t<\/div>\n\t\t\t\t<\/div>\n\t\t\t\t<\/div>\n\t\t","protected":false},"excerpt":{"rendered":"<p>Mousses Nos canap\u00e9s sont le fruit de la recherche et du d\u00e9veloppement de mat\u00e9riaux innovants, performants et surtout certifi\u00e9s. Nos rembourrages sont issus de la derni\u00e8re g\u00e9n\u00e9ration de mousses de polyur\u00e9thane qui sont combin\u00e9es en diff\u00e9rentes densit\u00e9s pour cr\u00e9er le confort le plus adapt\u00e9 aux besoins de nos clients. La qualit\u00e9 des mati\u00e8res premi\u00e8res permet [&hellip;]<\/p>\n","protected":false},"author":10,"featured_media":0,"parent":9023,"menu_order":5,"comment_status":"closed","ping_status":"closed","template":"","meta":{"_acf_changed":false,"footnotes":""},"class_list":["post-9027","page","type-page","status-publish","hentry"],"blocksy_meta":[],"acf":[],"yoast_head":"<!-- This site is optimized with the Yoast SEO plugin v27.5 - https:\/\/yoast.com\/product\/yoast-seo-wordpress\/ -->\n<title>Mousses rembourrage de canap\u00e9s - Las Salotti<\/title>\n<meta name=\"description\" content=\"Mat\u00e9riaux innovants, performants et certifi\u00e9s. Choisissez le rembourrage que vous pr\u00e9f\u00e9rez entre le confort, la haute densit\u00e9 ou l&#039;effet m\u00e9moire. Mat\u00e9riaux innovants, performants et certifi\u00e9s. Choisissez le rembourrage que vous pr\u00e9f\u00e9rez entre le confort, la haute densit\u00e9 ou l&#039;effet m\u00e9moire.\" \/>\n<meta name=\"robots\" content=\"index, follow, max-snippet:-1, max-image-preview:large, max-video-preview:-1\" \/>\n<link rel=\"canonical\" href=\"https:\/\/www.lassalotti.com\/fr\/caracteristiques-du-produit\/mousses\/\" \/>\n<meta property=\"og:locale\" content=\"fr_FR\" \/>\n<meta property=\"og:type\" content=\"article\" \/>\n<meta property=\"og:title\" content=\"Mousses rembourrage de canap\u00e9s - Las Salotti\" \/>\n<meta property=\"og:description\" content=\"Mat\u00e9riaux innovants, performants et certifi\u00e9s. Choisissez le rembourrage que vous pr\u00e9f\u00e9rez entre le confort, la haute densit\u00e9 ou l&#039;effet m\u00e9moire. Mat\u00e9riaux innovants, performants et certifi\u00e9s. Choisissez le rembourrage que vous pr\u00e9f\u00e9rez entre le confort, la haute densit\u00e9 ou l&#039;effet m\u00e9moire.\" \/>\n<meta property=\"og:url\" content=\"https:\/\/www.lassalotti.com\/fr\/caracteristiques-du-produit\/mousses\/\" \/>\n<meta property=\"og:site_name\" content=\"Las Salotti\" \/>\n<meta property=\"article:modified_time\" content=\"2023-07-17T13:34:35+00:00\" \/>\n<meta property=\"og:image\" content=\"https:\/\/www.lassalotti.com\/wp-content\/uploads\/2013\/06\/divani-imbottiti-comfort.jpg\" \/>\n<meta name=\"twitter:card\" content=\"summary_large_image\" \/>\n<meta name=\"twitter:label1\" content=\"Dur\u00e9e de lecture estim\u00e9e\" \/>\n\t<meta name=\"twitter:data1\" content=\"1 minute\" \/>\n<script type=\"application\/ld+json\" class=\"yoast-schema-graph\">{\"@context\":\"https:\\\/\\\/schema.org\",\"@graph\":[{\"@type\":\"WebPage\",\"@id\":\"https:\\\/\\\/www.lassalotti.com\\\/fr\\\/caracteristiques-du-produit\\\/mousses\\\/\",\"url\":\"https:\\\/\\\/www.lassalotti.com\\\/fr\\\/caracteristiques-du-produit\\\/mousses\\\/\",\"name\":\"Mousses rembourrage de canap\u00e9s - Las Salotti\",\"isPartOf\":{\"@id\":\"https:\\\/\\\/www.lassalotti.com\\\/fr\\\/#website\"},\"primaryImageOfPage\":{\"@id\":\"https:\\\/\\\/www.lassalotti.com\\\/fr\\\/caracteristiques-du-produit\\\/mousses\\\/#primaryimage\"},\"image\":{\"@id\":\"https:\\\/\\\/www.lassalotti.com\\\/fr\\\/caracteristiques-du-produit\\\/mousses\\\/#primaryimage\"},\"thumbnailUrl\":\"https:\\\/\\\/www.lassalotti.com\\\/wp-content\\\/uploads\\\/2013\\\/06\\\/divani-imbottiti-comfort.jpg\",\"datePublished\":\"2013-06-20T10:08:06+00:00\",\"dateModified\":\"2023-07-17T13:34:35+00:00\",\"description\":\"Mat\u00e9riaux innovants, performants et certifi\u00e9s. Choisissez le rembourrage que vous pr\u00e9f\u00e9rez entre le confort, la haute densit\u00e9 ou l'effet m\u00e9moire. Mat\u00e9riaux innovants, performants et certifi\u00e9s. Choisissez le rembourrage que vous pr\u00e9f\u00e9rez entre le confort, la haute densit\u00e9 ou l'effet m\u00e9moire.\",\"breadcrumb\":{\"@id\":\"https:\\\/\\\/www.lassalotti.com\\\/fr\\\/caracteristiques-du-produit\\\/mousses\\\/#breadcrumb\"},\"inLanguage\":\"fr-FR\",\"potentialAction\":[{\"@type\":\"ReadAction\",\"target\":[\"https:\\\/\\\/www.lassalotti.com\\\/fr\\\/caracteristiques-du-produit\\\/mousses\\\/\"]}]},{\"@type\":\"ImageObject\",\"inLanguage\":\"fr-FR\",\"@id\":\"https:\\\/\\\/www.lassalotti.com\\\/fr\\\/caracteristiques-du-produit\\\/mousses\\\/#primaryimage\",\"url\":\"https:\\\/\\\/www.lassalotti.com\\\/wp-content\\\/uploads\\\/2013\\\/06\\\/divani-imbottiti-comfort.jpg\",\"contentUrl\":\"https:\\\/\\\/www.lassalotti.com\\\/wp-content\\\/uploads\\\/2013\\\/06\\\/divani-imbottiti-comfort.jpg\"},{\"@type\":\"BreadcrumbList\",\"@id\":\"https:\\\/\\\/www.lassalotti.com\\\/fr\\\/caracteristiques-du-produit\\\/mousses\\\/#breadcrumb\",\"itemListElement\":[{\"@type\":\"ListItem\",\"position\":1,\"name\":\"Home\",\"item\":\"https:\\\/\\\/www.lassalotti.com\\\/fr\\\/home-page\\\/\"},{\"@type\":\"ListItem\",\"position\":2,\"name\":\"Caract\u00e9ristiques du produit\",\"item\":\"https:\\\/\\\/www.lassalotti.com\\\/fr\\\/caracteristiques-du-produit\\\/\"},{\"@type\":\"ListItem\",\"position\":3,\"name\":\"Mousses\"}]},{\"@type\":\"WebSite\",\"@id\":\"https:\\\/\\\/www.lassalotti.com\\\/fr\\\/#website\",\"url\":\"https:\\\/\\\/www.lassalotti.com\\\/fr\\\/\",\"name\":\"Las Salotti\",\"description\":\"Divani in pelle\",\"publisher\":{\"@id\":\"https:\\\/\\\/www.lassalotti.com\\\/fr\\\/#organization\"},\"potentialAction\":[{\"@type\":\"SearchAction\",\"target\":{\"@type\":\"EntryPoint\",\"urlTemplate\":\"https:\\\/\\\/www.lassalotti.com\\\/fr\\\/?s={search_term_string}\"},\"query-input\":{\"@type\":\"PropertyValueSpecification\",\"valueRequired\":true,\"valueName\":\"search_term_string\"}}],\"inLanguage\":\"fr-FR\"},{\"@type\":\"Organization\",\"@id\":\"https:\\\/\\\/www.lassalotti.com\\\/fr\\\/#organization\",\"name\":\"Las Salotti\",\"url\":\"https:\\\/\\\/www.lassalotti.com\\\/fr\\\/\",\"logo\":{\"@type\":\"ImageObject\",\"inLanguage\":\"fr-FR\",\"@id\":\"https:\\\/\\\/www.lassalotti.com\\\/fr\\\/#\\\/schema\\\/logo\\\/image\\\/\",\"url\":\"https:\\\/\\\/www.lassalotti.com\\\/wp-content\\\/uploads\\\/2023\\\/02\\\/logo-las-h-1.png\",\"contentUrl\":\"https:\\\/\\\/www.lassalotti.com\\\/wp-content\\\/uploads\\\/2023\\\/02\\\/logo-las-h-1.png\",\"width\":226,\"height\":60,\"caption\":\"Las Salotti\"},\"image\":{\"@id\":\"https:\\\/\\\/www.lassalotti.com\\\/fr\\\/#\\\/schema\\\/logo\\\/image\\\/\"}}]}<\/script>\n<!-- \/ Yoast SEO plugin. -->","yoast_head_json":{"title":"Mousses rembourrage de canap\u00e9s - Las Salotti","description":"Mat\u00e9riaux innovants, performants et certifi\u00e9s. Choisissez le rembourrage que vous pr\u00e9f\u00e9rez entre le confort, la haute densit\u00e9 ou l'effet m\u00e9moire. Mat\u00e9riaux innovants, performants et certifi\u00e9s. Choisissez le rembourrage que vous pr\u00e9f\u00e9rez entre le confort, la haute densit\u00e9 ou l'effet m\u00e9moire.","robots":{"index":"index","follow":"follow","max-snippet":"max-snippet:-1","max-image-preview":"max-image-preview:large","max-video-preview":"max-video-preview:-1"},"canonical":"https:\/\/www.lassalotti.com\/fr\/caracteristiques-du-produit\/mousses\/","og_locale":"fr_FR","og_type":"article","og_title":"Mousses rembourrage de canap\u00e9s - Las Salotti","og_description":"Mat\u00e9riaux innovants, performants et certifi\u00e9s. Choisissez le rembourrage que vous pr\u00e9f\u00e9rez entre le confort, la haute densit\u00e9 ou l'effet m\u00e9moire. Mat\u00e9riaux innovants, performants et certifi\u00e9s. Choisissez le rembourrage que vous pr\u00e9f\u00e9rez entre le confort, la haute densit\u00e9 ou l'effet m\u00e9moire.","og_url":"https:\/\/www.lassalotti.com\/fr\/caracteristiques-du-produit\/mousses\/","og_site_name":"Las Salotti","article_modified_time":"2023-07-17T13:34:35+00:00","og_image":[{"url":"https:\/\/www.lassalotti.com\/wp-content\/uploads\/2013\/06\/divani-imbottiti-comfort.jpg","type":"","width":"","height":""}],"twitter_card":"summary_large_image","twitter_misc":{"Dur\u00e9e de lecture estim\u00e9e":"1 minute"},"schema":{"@context":"https:\/\/schema.org","@graph":[{"@type":"WebPage","@id":"https:\/\/www.lassalotti.com\/fr\/caracteristiques-du-produit\/mousses\/","url":"https:\/\/www.lassalotti.com\/fr\/caracteristiques-du-produit\/mousses\/","name":"Mousses rembourrage de canap\u00e9s - Las Salotti","isPartOf":{"@id":"https:\/\/www.lassalotti.com\/fr\/#website"},"primaryImageOfPage":{"@id":"https:\/\/www.lassalotti.com\/fr\/caracteristiques-du-produit\/mousses\/#primaryimage"},"image":{"@id":"https:\/\/www.lassalotti.com\/fr\/caracteristiques-du-produit\/mousses\/#primaryimage"},"thumbnailUrl":"https:\/\/www.lassalotti.com\/wp-content\/uploads\/2013\/06\/divani-imbottiti-comfort.jpg","datePublished":"2013-06-20T10:08:06+00:00","dateModified":"2023-07-17T13:34:35+00:00","description":"Mat\u00e9riaux innovants, performants et certifi\u00e9s. Choisissez le rembourrage que vous pr\u00e9f\u00e9rez entre le confort, la haute densit\u00e9 ou l'effet m\u00e9moire. Mat\u00e9riaux innovants, performants et certifi\u00e9s. Choisissez le rembourrage que vous pr\u00e9f\u00e9rez entre le confort, la haute densit\u00e9 ou l'effet m\u00e9moire.","breadcrumb":{"@id":"https:\/\/www.lassalotti.com\/fr\/caracteristiques-du-produit\/mousses\/#breadcrumb"},"inLanguage":"fr-FR","potentialAction":[{"@type":"ReadAction","target":["https:\/\/www.lassalotti.com\/fr\/caracteristiques-du-produit\/mousses\/"]}]},{"@type":"ImageObject","inLanguage":"fr-FR","@id":"https:\/\/www.lassalotti.com\/fr\/caracteristiques-du-produit\/mousses\/#primaryimage","url":"https:\/\/www.lassalotti.com\/wp-content\/uploads\/2013\/06\/divani-imbottiti-comfort.jpg","contentUrl":"https:\/\/www.lassalotti.com\/wp-content\/uploads\/2013\/06\/divani-imbottiti-comfort.jpg"},{"@type":"BreadcrumbList","@id":"https:\/\/www.lassalotti.com\/fr\/caracteristiques-du-produit\/mousses\/#breadcrumb","itemListElement":[{"@type":"ListItem","position":1,"name":"Home","item":"https:\/\/www.lassalotti.com\/fr\/home-page\/"},{"@type":"ListItem","position":2,"name":"Caract\u00e9ristiques du produit","item":"https:\/\/www.lassalotti.com\/fr\/caracteristiques-du-produit\/"},{"@type":"ListItem","position":3,"name":"Mousses"}]},{"@type":"WebSite","@id":"https:\/\/www.lassalotti.com\/fr\/#website","url":"https:\/\/www.lassalotti.com\/fr\/","name":"Las Salotti","description":"Divani in pelle","publisher":{"@id":"https:\/\/www.lassalotti.com\/fr\/#organization"},"potentialAction":[{"@type":"SearchAction","target":{"@type":"EntryPoint","urlTemplate":"https:\/\/www.lassalotti.com\/fr\/?s={search_term_string}"},"query-input":{"@type":"PropertyValueSpecification","valueRequired":true,"valueName":"search_term_string"}}],"inLanguage":"fr-FR"},{"@type":"Organization","@id":"https:\/\/www.lassalotti.com\/fr\/#organization","name":"Las Salotti","url":"https:\/\/www.lassalotti.com\/fr\/","logo":{"@type":"ImageObject","inLanguage":"fr-FR","@id":"https:\/\/www.lassalotti.com\/fr\/#\/schema\/logo\/image\/","url":"https:\/\/www.lassalotti.com\/wp-content\/uploads\/2023\/02\/logo-las-h-1.png","contentUrl":"https:\/\/www.lassalotti.com\/wp-content\/uploads\/2023\/02\/logo-las-h-1.png","width":226,"height":60,"caption":"Las Salotti"},"image":{"@id":"https:\/\/www.lassalotti.com\/fr\/#\/schema\/logo\/image\/"}}]}},"_links":{"self":[{"href":"https:\/\/www.lassalotti.com\/fr\/wp-json\/wp\/v2\/pages\/9027","targetHints":{"allow":["GET"]}}],"collection":[{"href":"https:\/\/www.lassalotti.com\/fr\/wp-json\/wp\/v2\/pages"}],"about":[{"href":"https:\/\/www.lassalotti.com\/fr\/wp-json\/wp\/v2\/types\/page"}],"author":[{"embeddable":true,"href":"https:\/\/www.lassalotti.com\/fr\/wp-json\/wp\/v2\/users\/10"}],"replies":[{"embeddable":true,"href":"https:\/\/www.lassalotti.com\/fr\/wp-json\/wp\/v2\/comments?post=9027"}],"version-history":[{"count":2,"href":"https:\/\/www.lassalotti.com\/fr\/wp-json\/wp\/v2\/pages\/9027\/revisions"}],"predecessor-version":[{"id":9665,"href":"https:\/\/www.lassalotti.com\/fr\/wp-json\/wp\/v2\/pages\/9027\/revisions\/9665"}],"up":[{"embeddable":true,"href":"https:\/\/www.lassalotti.com\/fr\/wp-json\/wp\/v2\/pages\/9023"}],"wp:attachment":[{"href":"https:\/\/www.lassalotti.com\/fr\/wp-json\/wp\/v2\/media?parent=9027"}],"curies":[{"name":"wp","href":"https:\/\/api.w.org\/{rel}","templated":true}]}}