{"id":9025,"date":"2013-06-20T11:17:27","date_gmt":"2013-06-20T09:17:27","guid":{"rendered":"https:\/\/www.lassalotti.com\/caracteristiques-du-produit\/canapes\/"},"modified":"2023-07-17T15:24:14","modified_gmt":"2023-07-17T13:24:14","slug":"canapes","status":"publish","type":"page","link":"https:\/\/www.lassalotti.com\/fr\/caracteristiques-du-produit\/canapes\/","title":{"rendered":"Canap\u00e9s"},"content":{"rendered":"\t\t<div data-elementor-type=\"wp-page\" data-elementor-id=\"9025\" class=\"elementor elementor-9025 elementor-1001\" data-elementor-post-type=\"page\">\n\t\t\t\t<div class=\"elementor-element elementor-element-46c1568 e-flex e-con-boxed e-con e-parent\" data-id=\"46c1568\" data-element_type=\"container\">\n\t\t\t\t\t<div class=\"e-con-inner\">\n\t\t<div class=\"elementor-element elementor-element-884916c e-con-full e-flex e-con e-parent\" data-id=\"884916c\" data-element_type=\"container\">\n\t\t\t\t<div class=\"elementor-element elementor-element-4654b76 elementor-widget elementor-widget-image\" data-id=\"4654b76\" data-element_type=\"widget\" data-widget_type=\"image.default\">\n\t\t\t\t<div class=\"elementor-widget-container\">\n\t\t\t\t\t\t\t\t\t\t\t\t\t\t\t<img fetchpriority=\"high\" decoding=\"async\" width=\"600\" height=\"350\" src=\"https:\/\/www.lassalotti.com\/wp-content\/uploads\/2013\/06\/las-salotti-divani-tappezzeria.jpg\" class=\"attachment-full size-full wp-image-5627\" alt=\"\" srcset=\"https:\/\/www.lassalotti.com\/wp-content\/uploads\/2013\/06\/las-salotti-divani-tappezzeria.jpg 600w, https:\/\/www.lassalotti.com\/wp-content\/uploads\/2013\/06\/las-salotti-divani-tappezzeria-300x175.jpg 300w\" sizes=\"(max-width: 600px) 100vw, 600px\" \/>\t\t\t\t\t\t\t\t\t\t\t\t\t\t\t<\/div>\n\t\t\t\t<\/div>\n\t\t\t\t<\/div>\n\t\t<div class=\"elementor-element elementor-element-3620a7f e-con-full e-flex e-con e-parent\" data-id=\"3620a7f\" data-element_type=\"container\">\n\t\t\t\t<div class=\"elementor-element elementor-element-fb9db11 elementor-widget elementor-widget-heading\" data-id=\"fb9db11\" data-element_type=\"widget\" data-widget_type=\"heading.default\">\n\t\t\t\t<div class=\"elementor-widget-container\">\n\t\t\t\t\t<h3 class=\"elementor-heading-title elementor-size-default\">Rev\u00eatements<\/h3>\t\t\t\t<\/div>\n\t\t\t\t<\/div>\n\t\t\t\t<div class=\"elementor-element elementor-element-5a67bf2 elementor-widget elementor-widget-text-editor\" data-id=\"5a67bf2\" data-element_type=\"widget\" data-widget_type=\"text-editor.default\">\n\t\t\t\t<div class=\"elementor-widget-container\">\n\t\t\t\t\t\t\t\t\t<p>Les tanneries de r\u00e9f\u00e9rence comptent parmi les plus grandes d&rsquo;Italie et sont sp\u00e9cialis\u00e9es dans le tannage du cuir et de la peau bovine. Seule la mati\u00e8re premi\u00e8re de la plus haute qualit\u00e9 est utilis\u00e9e pour obtenir des coupes ou des placements de taille appropri\u00e9e pour les articles LAS. Tous les cuirs sont soumis \u00e0 un contr\u00f4le de qualit\u00e9 en plusieurs \u00e9tapes, ce qui permet de r\u00e9duire au minimum les d\u00e9fauts typiques d\u2019un produit naturel tel que le cuir.<\/p>\n\t\t\t\t\t\t\t\t<\/div>\n\t\t\t\t<\/div>\n\t\t\t\t<\/div>\n\t\t\t\t\t<\/div>\n\t\t\t\t<\/div>\n\t\t<div class=\"elementor-element elementor-element-d8e19f0 e-flex e-con-boxed e-con e-parent\" data-id=\"d8e19f0\" data-element_type=\"container\">\n\t\t\t\t\t<div class=\"e-con-inner\">\n\t\t<div class=\"elementor-element elementor-element-3e3e5d1 e-con-full e-flex e-con e-parent\" data-id=\"3e3e5d1\" data-element_type=\"container\">\n\t\t\t\t<div class=\"elementor-element elementor-element-737326a elementor-widget elementor-widget-image\" data-id=\"737326a\" data-element_type=\"widget\" data-widget_type=\"image.default\">\n\t\t\t\t<div class=\"elementor-widget-container\">\n\t\t\t\t\t\t\t\t\t\t\t\t\t\t\t<img decoding=\"async\" width=\"1200\" height=\"700\" src=\"https:\/\/www.lassalotti.com\/wp-content\/uploads\/2023\/04\/meccanismi.jpg\" class=\"attachment-full size-full wp-image-8227\" alt=\"\" srcset=\"https:\/\/www.lassalotti.com\/wp-content\/uploads\/2023\/04\/meccanismi.jpg 1200w, https:\/\/www.lassalotti.com\/wp-content\/uploads\/2023\/04\/meccanismi-300x175.jpg 300w, https:\/\/www.lassalotti.com\/wp-content\/uploads\/2023\/04\/meccanismi-1024x597.jpg 1024w, https:\/\/www.lassalotti.com\/wp-content\/uploads\/2023\/04\/meccanismi-768x448.jpg 768w\" sizes=\"(max-width: 1200px) 100vw, 1200px\" \/>\t\t\t\t\t\t\t\t\t\t\t\t\t\t\t<\/div>\n\t\t\t\t<\/div>\n\t\t\t\t<\/div>\n\t\t<div class=\"elementor-element elementor-element-fffe816 e-con-full e-flex e-con e-parent\" data-id=\"fffe816\" data-element_type=\"container\">\n\t\t\t\t<div class=\"elementor-element elementor-element-943bd63 elementor-widget elementor-widget-heading\" data-id=\"943bd63\" data-element_type=\"widget\" data-widget_type=\"heading.default\">\n\t\t\t\t<div class=\"elementor-widget-container\">\n\t\t\t\t\t<h3 class=\"elementor-heading-title elementor-size-default\">M\u00e9canismes<\/h3>\t\t\t\t<\/div>\n\t\t\t\t<\/div>\n\t\t\t\t<div class=\"elementor-element elementor-element-c610d75 elementor-widget elementor-widget-text-editor\" data-id=\"c610d75\" data-element_type=\"widget\" data-widget_type=\"text-editor.default\">\n\t\t\t\t<div class=\"elementor-widget-container\">\n\t\t\t\t\t\t\t\t\t<p>LAS utilise des m\u00e9canismes fiables, durables et extr\u00eamement fonctionnelles. Les produits sont soumis \u00e0 des tests de r\u00e9sistance rigoureux qui am\u00e9liorent leur qualit\u00e9 et leur durabilit\u00e9. Les entreprises qui collaborent avec LAS sont certifi\u00e9es et ont toujours \u00e9t\u00e9 \u00e0 la pointe de la recherche et du d\u00e9veloppement de solutions nouvelles et adapt\u00e9es au march\u00e9.<\/p>\n\t\t\t\t\t\t\t\t<\/div>\n\t\t\t\t<\/div>\n\t\t\t\t<\/div>\n\t\t\t\t\t<\/div>\n\t\t\t\t<\/div>\n\t\t<div class=\"elementor-element elementor-element-f3e4041 e-flex e-con-boxed e-con e-parent\" data-id=\"f3e4041\" data-element_type=\"container\">\n\t\t\t\t\t<div class=\"e-con-inner\">\n\t\t<div class=\"elementor-element elementor-element-77a0885 e-con-full e-flex e-con e-parent\" data-id=\"77a0885\" data-element_type=\"container\">\n\t\t\t\t<div class=\"elementor-element elementor-element-d7c6c34 elementor-widget elementor-widget-image\" data-id=\"d7c6c34\" data-element_type=\"widget\" data-widget_type=\"image.default\">\n\t\t\t\t<div class=\"elementor-widget-container\">\n\t\t\t\t\t\t\t\t\t\t\t\t\t\t\t<img decoding=\"async\" width=\"600\" height=\"350\" src=\"https:\/\/www.lassalotti.com\/wp-content\/uploads\/2013\/06\/las-salotti-divani-telaio.jpg\" class=\"attachment-full size-full wp-image-5619\" alt=\"\" srcset=\"https:\/\/www.lassalotti.com\/wp-content\/uploads\/2013\/06\/las-salotti-divani-telaio.jpg 600w, https:\/\/www.lassalotti.com\/wp-content\/uploads\/2013\/06\/las-salotti-divani-telaio-300x175.jpg 300w\" sizes=\"(max-width: 600px) 100vw, 600px\" \/>\t\t\t\t\t\t\t\t\t\t\t\t\t\t\t<\/div>\n\t\t\t\t<\/div>\n\t\t\t\t<\/div>\n\t\t<div class=\"elementor-element elementor-element-ff753eb e-con-full e-flex e-con e-parent\" data-id=\"ff753eb\" data-element_type=\"container\">\n\t\t\t\t<div class=\"elementor-element elementor-element-51857af elementor-widget elementor-widget-heading\" data-id=\"51857af\" data-element_type=\"widget\" data-widget_type=\"heading.default\">\n\t\t\t\t<div class=\"elementor-widget-container\">\n\t\t\t\t\t<h3 class=\"elementor-heading-title elementor-size-default\">Carcasse<\/h3>\t\t\t\t<\/div>\n\t\t\t\t<\/div>\n\t\t\t\t<div class=\"elementor-element elementor-element-f29102b elementor-widget elementor-widget-text-editor\" data-id=\"f29102b\" data-element_type=\"widget\" data-widget_type=\"text-editor.default\">\n\t\t\t\t<div class=\"elementor-widget-container\">\n\t\t\t\t\t\t\t\t\t<p>Les \u00e9l\u00e9ments porteurs sont en bois massif de diff\u00e9rentes \u00e9paisseurs. La coque est constitu\u00e9e de contreplaqu\u00e9 et d&rsquo;agglom\u00e9r\u00e9s, tandis que les pi\u00e8ces de remplissage sont en fibres brutes. Tous les mat\u00e9riaux utilis\u00e9s pour la fabrication de la coque sont \u00e0 faible \u00e9mission de formald\u00e9hyde et donc de classe E1. Pour plus d&rsquo;\u00e9lasticit\u00e9 et de confort, les canap\u00e9s sont \u00e9quip\u00e9s de sangles de 80 mm de large fabriqu\u00e9es dans un mat\u00e9riau \u00e9lastique sp\u00e9cial. Celles-ci sont appliqu\u00e9es m\u00e9caniquement \u00e0 un intervalle de 2 cm l&rsquo;une de l&rsquo;autre.<\/p>\n\t\t\t\t\t\t\t\t<\/div>\n\t\t\t\t<\/div>\n\t\t\t\t<\/div>\n\t\t\t\t\t<\/div>\n\t\t\t\t<\/div>\n\t\t<div class=\"elementor-element elementor-element-a1f143b e-flex e-con-boxed e-con e-parent\" data-id=\"a1f143b\" data-element_type=\"container\">\n\t\t\t\t\t<div class=\"e-con-inner\">\n\t\t<div class=\"elementor-element elementor-element-d8cbaff e-con-full e-flex e-con e-parent\" data-id=\"d8cbaff\" data-element_type=\"container\">\n\t\t\t\t<div class=\"elementor-element elementor-element-2916bbc elementor-widget elementor-widget-image\" data-id=\"2916bbc\" data-element_type=\"widget\" data-widget_type=\"image.default\">\n\t\t\t\t<div class=\"elementor-widget-container\">\n\t\t\t\t\t\t\t\t\t\t\t\t\t\t\t<img loading=\"lazy\" decoding=\"async\" width=\"1200\" height=\"700\" src=\"https:\/\/www.lassalotti.com\/wp-content\/uploads\/2023\/04\/cuciture.jpg\" class=\"attachment-full size-full wp-image-8222\" alt=\"\" srcset=\"https:\/\/www.lassalotti.com\/wp-content\/uploads\/2023\/04\/cuciture.jpg 1200w, https:\/\/www.lassalotti.com\/wp-content\/uploads\/2023\/04\/cuciture-300x175.jpg 300w, https:\/\/www.lassalotti.com\/wp-content\/uploads\/2023\/04\/cuciture-1024x597.jpg 1024w, https:\/\/www.lassalotti.com\/wp-content\/uploads\/2023\/04\/cuciture-768x448.jpg 768w\" sizes=\"(max-width: 1200px) 100vw, 1200px\" \/>\t\t\t\t\t\t\t\t\t\t\t\t\t\t\t<\/div>\n\t\t\t\t<\/div>\n\t\t\t\t<\/div>\n\t\t<div class=\"elementor-element elementor-element-2e2c89b e-con-full e-flex e-con e-parent\" data-id=\"2e2c89b\" data-element_type=\"container\">\n\t\t\t\t<div class=\"elementor-element elementor-element-3400446 elementor-widget elementor-widget-heading\" data-id=\"3400446\" data-element_type=\"widget\" data-widget_type=\"heading.default\">\n\t\t\t\t<div class=\"elementor-widget-container\">\n\t\t\t\t\t<h3 class=\"elementor-heading-title elementor-size-default\">Coutures<\/h3>\t\t\t\t<\/div>\n\t\t\t\t<\/div>\n\t\t\t\t<div class=\"elementor-element elementor-element-12e5a81 elementor-widget elementor-widget-text-editor\" data-id=\"12e5a81\" data-element_type=\"widget\" data-widget_type=\"text-editor.default\">\n\t\t\t\t<div class=\"elementor-widget-container\">\n\t\t\t\t\t\t\t\t\t<p>Les coutures (des canap\u00e9s en cuir) sont r\u00e9alis\u00e9es par des op\u00e9rateurs exp\u00e9riment\u00e9s qui, \u00e0 l&rsquo;aide d&rsquo;\u00e9quipements de pointe, sont en mesure d&rsquo;offrir un produit artisanal soign\u00e9 dans les moindres d\u00e9tails. Le client peut personnaliser son propre canap\u00e9 en choisissant parmi diff\u00e9rents types de fils, soit dans le ton, soit en contraste avec le rev\u00eatement. Pour faciliter le choix, LAS met \u00e0 la disposition de ses clients un pr\u00e9sentoir avec toutes les variantes et les couleurs de fil \u00e0 assortir \u00e0 celles du cuir.<\/p>\n\t\t\t\t\t\t\t\t<\/div>\n\t\t\t\t<\/div>\n\t\t\t\t<\/div>\n\t\t\t\t\t<\/div>\n\t\t\t\t<\/div>\n\t\t\t\t<\/div>\n\t\t","protected":false},"excerpt":{"rendered":"<p>Rev\u00eatements Les tanneries de r\u00e9f\u00e9rence comptent parmi les plus grandes d&rsquo;Italie et sont sp\u00e9cialis\u00e9es dans le tannage du cuir et de la peau bovine. Seule la mati\u00e8re premi\u00e8re de la plus haute qualit\u00e9 est utilis\u00e9e pour obtenir des coupes ou des placements de taille appropri\u00e9e pour les articles LAS. Tous les cuirs sont soumis \u00e0 [&hellip;]<\/p>\n","protected":false},"author":10,"featured_media":0,"parent":9023,"menu_order":4,"comment_status":"closed","ping_status":"closed","template":"","meta":{"_acf_changed":false,"footnotes":""},"class_list":["post-9025","page","type-page","status-publish","hentry"],"blocksy_meta":[],"acf":[],"yoast_head":"<!-- This site is optimized with the Yoast SEO plugin v25.7 - https:\/\/yoast.com\/wordpress\/plugins\/seo\/ -->\n<title>Canap\u00e9s - Las Salotti<\/title>\n<meta name=\"description\" content=\"Des lignes modernes combin\u00e9es \u00e0 des mat\u00e9riaux soigneusement choisis et \u00e0 des d\u00e9tails artisanaux. D\u00e9couvrez les caract\u00e9ristiques de nos canap\u00e9s. Des lignes modernes combin\u00e9es \u00e0 des mat\u00e9riaux soigneusement choisis et \u00e0 des d\u00e9tails artisanaux. D\u00e9couvrez les caract\u00e9ristiques de nos canap\u00e9s.\" \/>\n<meta name=\"robots\" content=\"index, follow, max-snippet:-1, max-image-preview:large, max-video-preview:-1\" \/>\n<link rel=\"canonical\" href=\"https:\/\/www.lassalotti.com\/fr\/caracteristiques-du-produit\/canapes\/\" \/>\n<meta property=\"og:locale\" content=\"fr_FR\" \/>\n<meta property=\"og:type\" content=\"article\" \/>\n<meta property=\"og:title\" content=\"Canap\u00e9s - Las Salotti\" \/>\n<meta property=\"og:description\" content=\"Des lignes modernes combin\u00e9es \u00e0 des mat\u00e9riaux soigneusement choisis et \u00e0 des d\u00e9tails artisanaux. D\u00e9couvrez les caract\u00e9ristiques de nos canap\u00e9s. Des lignes modernes combin\u00e9es \u00e0 des mat\u00e9riaux soigneusement choisis et \u00e0 des d\u00e9tails artisanaux. D\u00e9couvrez les caract\u00e9ristiques de nos canap\u00e9s.\" \/>\n<meta property=\"og:url\" content=\"https:\/\/www.lassalotti.com\/fr\/caracteristiques-du-produit\/canapes\/\" \/>\n<meta property=\"og:site_name\" content=\"Las Salotti\" \/>\n<meta property=\"article:modified_time\" content=\"2023-07-17T13:24:14+00:00\" \/>\n<meta property=\"og:image\" content=\"https:\/\/www.lassalotti.com\/wp-content\/uploads\/2013\/06\/las-salotti-divani-tappezzeria.jpg\" \/>\n<meta name=\"twitter:card\" content=\"summary_large_image\" \/>\n<meta name=\"twitter:label1\" content=\"Dur\u00e9e de lecture estim\u00e9e\" \/>\n\t<meta name=\"twitter:data1\" content=\"2 minutes\" \/>\n<script type=\"application\/ld+json\" class=\"yoast-schema-graph\">{\"@context\":\"https:\/\/schema.org\",\"@graph\":[{\"@type\":\"WebPage\",\"@id\":\"https:\/\/www.lassalotti.com\/fr\/caracteristiques-du-produit\/canapes\/\",\"url\":\"https:\/\/www.lassalotti.com\/fr\/caracteristiques-du-produit\/canapes\/\",\"name\":\"Canap\u00e9s - Las Salotti\",\"isPartOf\":{\"@id\":\"https:\/\/www.lassalotti.com\/fr\/#website\"},\"primaryImageOfPage\":{\"@id\":\"https:\/\/www.lassalotti.com\/fr\/caracteristiques-du-produit\/canapes\/#primaryimage\"},\"image\":{\"@id\":\"https:\/\/www.lassalotti.com\/fr\/caracteristiques-du-produit\/canapes\/#primaryimage\"},\"thumbnailUrl\":\"https:\/\/www.lassalotti.com\/wp-content\/uploads\/2013\/06\/las-salotti-divani-tappezzeria.jpg\",\"datePublished\":\"2013-06-20T09:17:27+00:00\",\"dateModified\":\"2023-07-17T13:24:14+00:00\",\"description\":\"Des lignes modernes combin\u00e9es \u00e0 des mat\u00e9riaux soigneusement choisis et \u00e0 des d\u00e9tails artisanaux. D\u00e9couvrez les caract\u00e9ristiques de nos canap\u00e9s. Des lignes modernes combin\u00e9es \u00e0 des mat\u00e9riaux soigneusement choisis et \u00e0 des d\u00e9tails artisanaux. D\u00e9couvrez les caract\u00e9ristiques de nos canap\u00e9s.\",\"breadcrumb\":{\"@id\":\"https:\/\/www.lassalotti.com\/fr\/caracteristiques-du-produit\/canapes\/#breadcrumb\"},\"inLanguage\":\"fr-FR\",\"potentialAction\":[{\"@type\":\"ReadAction\",\"target\":[\"https:\/\/www.lassalotti.com\/fr\/caracteristiques-du-produit\/canapes\/\"]}]},{\"@type\":\"ImageObject\",\"inLanguage\":\"fr-FR\",\"@id\":\"https:\/\/www.lassalotti.com\/fr\/caracteristiques-du-produit\/canapes\/#primaryimage\",\"url\":\"https:\/\/www.lassalotti.com\/wp-content\/uploads\/2013\/06\/las-salotti-divani-tappezzeria.jpg\",\"contentUrl\":\"https:\/\/www.lassalotti.com\/wp-content\/uploads\/2013\/06\/las-salotti-divani-tappezzeria.jpg\"},{\"@type\":\"BreadcrumbList\",\"@id\":\"https:\/\/www.lassalotti.com\/fr\/caracteristiques-du-produit\/canapes\/#breadcrumb\",\"itemListElement\":[{\"@type\":\"ListItem\",\"position\":1,\"name\":\"Home\",\"item\":\"https:\/\/www.lassalotti.com\/fr\/home-page\/\"},{\"@type\":\"ListItem\",\"position\":2,\"name\":\"Caract\u00e9ristiques du produit\",\"item\":\"https:\/\/www.lassalotti.com\/fr\/caracteristiques-du-produit\/\"},{\"@type\":\"ListItem\",\"position\":3,\"name\":\"Canap\u00e9s\"}]},{\"@type\":\"WebSite\",\"@id\":\"https:\/\/www.lassalotti.com\/fr\/#website\",\"url\":\"https:\/\/www.lassalotti.com\/fr\/\",\"name\":\"Las Salotti\",\"description\":\"Divani in pelle\",\"publisher\":{\"@id\":\"https:\/\/www.lassalotti.com\/fr\/#organization\"},\"potentialAction\":[{\"@type\":\"SearchAction\",\"target\":{\"@type\":\"EntryPoint\",\"urlTemplate\":\"https:\/\/www.lassalotti.com\/fr\/?s={search_term_string}\"},\"query-input\":{\"@type\":\"PropertyValueSpecification\",\"valueRequired\":true,\"valueName\":\"search_term_string\"}}],\"inLanguage\":\"fr-FR\"},{\"@type\":\"Organization\",\"@id\":\"https:\/\/www.lassalotti.com\/fr\/#organization\",\"name\":\"Las Salotti\",\"url\":\"https:\/\/www.lassalotti.com\/fr\/\",\"logo\":{\"@type\":\"ImageObject\",\"inLanguage\":\"fr-FR\",\"@id\":\"https:\/\/www.lassalotti.com\/fr\/#\/schema\/logo\/image\/\",\"url\":\"https:\/\/www.lassalotti.com\/wp-content\/uploads\/2023\/02\/logo-las-h-1.png\",\"contentUrl\":\"https:\/\/www.lassalotti.com\/wp-content\/uploads\/2023\/02\/logo-las-h-1.png\",\"width\":226,\"height\":60,\"caption\":\"Las Salotti\"},\"image\":{\"@id\":\"https:\/\/www.lassalotti.com\/fr\/#\/schema\/logo\/image\/\"}}]}<\/script>\n<!-- \/ Yoast SEO plugin. -->","yoast_head_json":{"title":"Canap\u00e9s - Las Salotti","description":"Des lignes modernes combin\u00e9es \u00e0 des mat\u00e9riaux soigneusement choisis et \u00e0 des d\u00e9tails artisanaux. D\u00e9couvrez les caract\u00e9ristiques de nos canap\u00e9s. Des lignes modernes combin\u00e9es \u00e0 des mat\u00e9riaux soigneusement choisis et \u00e0 des d\u00e9tails artisanaux. D\u00e9couvrez les caract\u00e9ristiques de nos canap\u00e9s.","robots":{"index":"index","follow":"follow","max-snippet":"max-snippet:-1","max-image-preview":"max-image-preview:large","max-video-preview":"max-video-preview:-1"},"canonical":"https:\/\/www.lassalotti.com\/fr\/caracteristiques-du-produit\/canapes\/","og_locale":"fr_FR","og_type":"article","og_title":"Canap\u00e9s - Las Salotti","og_description":"Des lignes modernes combin\u00e9es \u00e0 des mat\u00e9riaux soigneusement choisis et \u00e0 des d\u00e9tails artisanaux. D\u00e9couvrez les caract\u00e9ristiques de nos canap\u00e9s. Des lignes modernes combin\u00e9es \u00e0 des mat\u00e9riaux soigneusement choisis et \u00e0 des d\u00e9tails artisanaux. D\u00e9couvrez les caract\u00e9ristiques de nos canap\u00e9s.","og_url":"https:\/\/www.lassalotti.com\/fr\/caracteristiques-du-produit\/canapes\/","og_site_name":"Las Salotti","article_modified_time":"2023-07-17T13:24:14+00:00","og_image":[{"url":"https:\/\/www.lassalotti.com\/wp-content\/uploads\/2013\/06\/las-salotti-divani-tappezzeria.jpg","type":"","width":"","height":""}],"twitter_card":"summary_large_image","twitter_misc":{"Dur\u00e9e de lecture estim\u00e9e":"2 minutes"},"schema":{"@context":"https:\/\/schema.org","@graph":[{"@type":"WebPage","@id":"https:\/\/www.lassalotti.com\/fr\/caracteristiques-du-produit\/canapes\/","url":"https:\/\/www.lassalotti.com\/fr\/caracteristiques-du-produit\/canapes\/","name":"Canap\u00e9s - Las Salotti","isPartOf":{"@id":"https:\/\/www.lassalotti.com\/fr\/#website"},"primaryImageOfPage":{"@id":"https:\/\/www.lassalotti.com\/fr\/caracteristiques-du-produit\/canapes\/#primaryimage"},"image":{"@id":"https:\/\/www.lassalotti.com\/fr\/caracteristiques-du-produit\/canapes\/#primaryimage"},"thumbnailUrl":"https:\/\/www.lassalotti.com\/wp-content\/uploads\/2013\/06\/las-salotti-divani-tappezzeria.jpg","datePublished":"2013-06-20T09:17:27+00:00","dateModified":"2023-07-17T13:24:14+00:00","description":"Des lignes modernes combin\u00e9es \u00e0 des mat\u00e9riaux soigneusement choisis et \u00e0 des d\u00e9tails artisanaux. D\u00e9couvrez les caract\u00e9ristiques de nos canap\u00e9s. Des lignes modernes combin\u00e9es \u00e0 des mat\u00e9riaux soigneusement choisis et \u00e0 des d\u00e9tails artisanaux. D\u00e9couvrez les caract\u00e9ristiques de nos canap\u00e9s.","breadcrumb":{"@id":"https:\/\/www.lassalotti.com\/fr\/caracteristiques-du-produit\/canapes\/#breadcrumb"},"inLanguage":"fr-FR","potentialAction":[{"@type":"ReadAction","target":["https:\/\/www.lassalotti.com\/fr\/caracteristiques-du-produit\/canapes\/"]}]},{"@type":"ImageObject","inLanguage":"fr-FR","@id":"https:\/\/www.lassalotti.com\/fr\/caracteristiques-du-produit\/canapes\/#primaryimage","url":"https:\/\/www.lassalotti.com\/wp-content\/uploads\/2013\/06\/las-salotti-divani-tappezzeria.jpg","contentUrl":"https:\/\/www.lassalotti.com\/wp-content\/uploads\/2013\/06\/las-salotti-divani-tappezzeria.jpg"},{"@type":"BreadcrumbList","@id":"https:\/\/www.lassalotti.com\/fr\/caracteristiques-du-produit\/canapes\/#breadcrumb","itemListElement":[{"@type":"ListItem","position":1,"name":"Home","item":"https:\/\/www.lassalotti.com\/fr\/home-page\/"},{"@type":"ListItem","position":2,"name":"Caract\u00e9ristiques du produit","item":"https:\/\/www.lassalotti.com\/fr\/caracteristiques-du-produit\/"},{"@type":"ListItem","position":3,"name":"Canap\u00e9s"}]},{"@type":"WebSite","@id":"https:\/\/www.lassalotti.com\/fr\/#website","url":"https:\/\/www.lassalotti.com\/fr\/","name":"Las Salotti","description":"Divani in pelle","publisher":{"@id":"https:\/\/www.lassalotti.com\/fr\/#organization"},"potentialAction":[{"@type":"SearchAction","target":{"@type":"EntryPoint","urlTemplate":"https:\/\/www.lassalotti.com\/fr\/?s={search_term_string}"},"query-input":{"@type":"PropertyValueSpecification","valueRequired":true,"valueName":"search_term_string"}}],"inLanguage":"fr-FR"},{"@type":"Organization","@id":"https:\/\/www.lassalotti.com\/fr\/#organization","name":"Las Salotti","url":"https:\/\/www.lassalotti.com\/fr\/","logo":{"@type":"ImageObject","inLanguage":"fr-FR","@id":"https:\/\/www.lassalotti.com\/fr\/#\/schema\/logo\/image\/","url":"https:\/\/www.lassalotti.com\/wp-content\/uploads\/2023\/02\/logo-las-h-1.png","contentUrl":"https:\/\/www.lassalotti.com\/wp-content\/uploads\/2023\/02\/logo-las-h-1.png","width":226,"height":60,"caption":"Las Salotti"},"image":{"@id":"https:\/\/www.lassalotti.com\/fr\/#\/schema\/logo\/image\/"}}]}},"_links":{"self":[{"href":"https:\/\/www.lassalotti.com\/fr\/wp-json\/wp\/v2\/pages\/9025","targetHints":{"allow":["GET"]}}],"collection":[{"href":"https:\/\/www.lassalotti.com\/fr\/wp-json\/wp\/v2\/pages"}],"about":[{"href":"https:\/\/www.lassalotti.com\/fr\/wp-json\/wp\/v2\/types\/page"}],"author":[{"embeddable":true,"href":"https:\/\/www.lassalotti.com\/fr\/wp-json\/wp\/v2\/users\/10"}],"replies":[{"embeddable":true,"href":"https:\/\/www.lassalotti.com\/fr\/wp-json\/wp\/v2\/comments?post=9025"}],"version-history":[{"count":2,"href":"https:\/\/www.lassalotti.com\/fr\/wp-json\/wp\/v2\/pages\/9025\/revisions"}],"predecessor-version":[{"id":9663,"href":"https:\/\/www.lassalotti.com\/fr\/wp-json\/wp\/v2\/pages\/9025\/revisions\/9663"}],"up":[{"embeddable":true,"href":"https:\/\/www.lassalotti.com\/fr\/wp-json\/wp\/v2\/pages\/9023"}],"wp:attachment":[{"href":"https:\/\/www.lassalotti.com\/fr\/wp-json\/wp\/v2\/media?parent=9025"}],"curies":[{"name":"wp","href":"https:\/\/api.w.org\/{rel}","templated":true}]}}