{"id":9021,"date":"2013-03-23T13:05:14","date_gmt":"2013-03-23T12:05:14","guid":{"rendered":"https:\/\/www.lassalotti.com\/a-propos-de-nous\/"},"modified":"2023-06-13T15:42:04","modified_gmt":"2023-06-13T13:42:04","slug":"a-propos-de-nous","status":"publish","type":"page","link":"https:\/\/www.lassalotti.com\/fr\/a-propos-de-nous\/","title":{"rendered":"\u00c0 propos de nous"},"content":{"rendered":"\t\t<div data-elementor-type=\"wp-page\" data-elementor-id=\"9021\" class=\"elementor elementor-9021 elementor-20\" data-elementor-post-type=\"page\">\n\t\t\t\t<div class=\"elementor-element elementor-element-c6d7eb0 e-flex e-con-boxed e-con e-parent\" data-id=\"c6d7eb0\" data-element_type=\"container\" data-settings=\"{&quot;background_background&quot;:&quot;classic&quot;}\">\n\t\t\t\t\t<div class=\"e-con-inner\">\n\t\t<div class=\"elementor-element elementor-element-383a3ba e-con-full e-flex e-con e-parent\" data-id=\"383a3ba\" data-element_type=\"container\">\n\t\t\t\t<div class=\"elementor-element elementor-element-9eeab91 elementor-widget elementor-widget-text-editor\" data-id=\"9eeab91\" data-element_type=\"widget\" data-widget_type=\"text-editor.default\">\n\t\t\t\t<div class=\"elementor-widget-container\">\n\t\t\t\t\t\t\t\t\t<p>Fond\u00e9e en 1976, LAS Salotti repr\u00e9sente, au niveau europ\u00e9en, <strong>une entreprise capable de cr\u00e9er des tendances dans la production de canap\u00e9s rembourr\u00e9s<\/strong>.<\/p>\n<p>En accord avec tout ce qui est mode, style et contemporan\u00e9it\u00e9, chaque canap\u00e9 LAS repr\u00e9sente la combinaison parfaite de l&rsquo;<strong>esth\u00e9tique et de la qualit\u00e9<\/strong>.<\/p>\n<p>Les lignes modernes se marient avec des <strong>mat\u00e9riaux soigneusement choisis et avec des d\u00e9tails artisanaux<\/strong>.<\/p>\n<p>Pas de production industrielle, pas de compromis, tout cela pour offrir un confort <strong>MADE IN ITALY<\/strong> \u00e0 tous ceux qui choisissent la marque LAS Salotti.<\/p>\n\t\t\t\t\t\t\t\t<\/div>\n\t\t\t\t<\/div>\n\t\t\t\t<\/div>\n\t\t\t\t\t<\/div>\n\t\t\t\t<\/div>\n\t\t<div class=\"elementor-element elementor-element-f987a6d e-flex e-con-boxed e-con e-parent\" data-id=\"f987a6d\" data-element_type=\"container\" data-settings=\"{&quot;background_background&quot;:&quot;classic&quot;}\">\n\t\t\t\t\t<div class=\"e-con-inner\">\n\t\t<div class=\"elementor-element elementor-element-cfeddb5 e-con-full e-flex e-con e-parent\" data-id=\"cfeddb5\" data-element_type=\"container\" data-settings=\"{&quot;background_background&quot;:&quot;classic&quot;}\">\n\t\t\t\t<div class=\"elementor-element elementor-element-e44a26c elementor-widget elementor-widget-heading\" data-id=\"e44a26c\" data-element_type=\"widget\" data-widget_type=\"heading.default\">\n\t\t\t\t<div class=\"elementor-widget-container\">\n\t\t\t\t\t<h3 class=\"elementor-heading-title elementor-size-default\">L'excellence du Made in Italy r\u00e9sume la cr\u00e9ativit\u00e9, la qualit\u00e9, la technologie, l\u2019artisanat et l\u2019attention aux d\u00e8tails.<\/h3>\t\t\t\t<\/div>\n\t\t\t\t<\/div>\n\t\t\t\t<\/div>\n\t\t\t\t\t<\/div>\n\t\t\t\t<\/div>\n\t\t<div class=\"elementor-element elementor-element-9418671 elementor-hidden-desktop elementor-hidden-tablet elementor-hidden-mobile e-flex e-con-boxed e-con e-parent\" data-id=\"9418671\" data-element_type=\"container\" data-settings=\"{&quot;background_background&quot;:&quot;classic&quot;}\">\n\t\t\t\t\t<div class=\"e-con-inner\">\n\t\t<div class=\"elementor-element elementor-element-2a16b4a e-con-full e-flex e-con e-parent\" data-id=\"2a16b4a\" data-element_type=\"container\" data-settings=\"{&quot;background_background&quot;:&quot;classic&quot;}\">\n\t\t\t\t<div class=\"elementor-element elementor-element-6a7183a elementor-widget elementor-widget-heading\" data-id=\"6a7183a\" data-element_type=\"widget\" data-widget_type=\"heading.default\">\n\t\t\t\t<div class=\"elementor-widget-container\">\n\t\t\t\t\t<h3 class=\"elementor-heading-title elementor-size-default\">Artigianalit\u00e0 e attenzione ai dettagli<\/h3>\t\t\t\t<\/div>\n\t\t\t\t<\/div>\n\t\t\t\t<\/div>\n\t\t\t\t\t<\/div>\n\t\t\t\t<\/div>\n\t\t<div class=\"elementor-element elementor-element-8dc516c e-flex e-con-boxed e-con e-parent\" data-id=\"8dc516c\" data-element_type=\"container\" data-settings=\"{&quot;background_background&quot;:&quot;classic&quot;}\">\n\t\t\t\t\t<div class=\"e-con-inner\">\n\t\t<div class=\"elementor-element elementor-element-1776513 e-con-full e-flex e-con e-parent\" data-id=\"1776513\" data-element_type=\"container\" data-settings=\"{&quot;background_background&quot;:&quot;classic&quot;}\">\n\t\t\t\t<div class=\"elementor-element elementor-element-fb9740c elementor-widget elementor-widget-heading\" data-id=\"fb9740c\" data-element_type=\"widget\" data-widget_type=\"heading.default\">\n\t\t\t\t<div class=\"elementor-widget-container\">\n\t\t\t\t\t<h3 class=\"elementor-heading-title elementor-size-default\">Un processus de production bas\u00e9 sur la flexibilit\u00e9 et la qualit\u00e9 de construction<\/h3>\t\t\t\t<\/div>\n\t\t\t\t<\/div>\n\t\t\t\t<\/div>\n\t\t\t\t\t<\/div>\n\t\t\t\t<\/div>\n\t\t<div class=\"elementor-element elementor-element-052db82 e-flex e-con-boxed e-con e-parent\" data-id=\"052db82\" data-element_type=\"container\" data-settings=\"{&quot;background_background&quot;:&quot;classic&quot;}\">\n\t\t\t\t\t<div class=\"e-con-inner\">\n\t\t<div class=\"elementor-element elementor-element-51e22bf e-con-full e-flex e-con e-parent\" data-id=\"51e22bf\" data-element_type=\"container\" data-settings=\"{&quot;background_background&quot;:&quot;classic&quot;}\">\n\t\t\t\t<div class=\"elementor-element elementor-element-03c94aa elementor-widget elementor-widget-heading\" data-id=\"03c94aa\" data-element_type=\"widget\" data-widget_type=\"heading.default\">\n\t\t\t\t<div class=\"elementor-widget-container\">\n\t\t\t\t\t<h3 class=\"elementor-heading-title elementor-size-default\">M\u00e9canismes efficaces et fonctionnels pour une durabilit\u00e9 parfaite<\/h3>\t\t\t\t<\/div>\n\t\t\t\t<\/div>\n\t\t\t\t<\/div>\n\t\t\t\t\t<\/div>\n\t\t\t\t<\/div>\n\t\t\t\t<\/div>\n\t\t","protected":false},"excerpt":{"rendered":"<p>Fond\u00e9e en 1976, LAS Salotti repr\u00e9sente, au niveau europ\u00e9en, une entreprise capable de cr\u00e9er des tendances dans la production de canap\u00e9s rembourr\u00e9s. En accord avec tout ce qui est mode, style et contemporan\u00e9it\u00e9, chaque canap\u00e9 LAS repr\u00e9sente la combinaison parfaite de l&rsquo;esth\u00e9tique et de la qualit\u00e9. Les lignes modernes se marient avec des mat\u00e9riaux soigneusement [&hellip;]<\/p>\n","protected":false},"author":8,"featured_media":0,"parent":0,"menu_order":3,"comment_status":"closed","ping_status":"closed","template":"","meta":{"_acf_changed":false,"footnotes":""},"class_list":["post-9021","page","type-page","status-publish","hentry"],"blocksy_meta":{"styles_descriptor":{"styles":{"desktop":"","tablet":"","mobile":""},"google_fonts":[],"version":6}},"acf":[],"yoast_head":"<!-- This site is optimized with the Yoast SEO plugin v25.7 - https:\/\/yoast.com\/wordpress\/plugins\/seo\/ -->\n<title>\u00c0 propos de nous - Las Salotti<\/title>\n<meta name=\"description\" content=\"Fond\u00e9e en 1976, LAS Salotti repr\u00e9sente, au niveau europ\u00e9en, une entreprise capable de cr\u00e9er des tendances dans la production de canap\u00e9s rembourr\u00e9s.\" \/>\n<meta name=\"robots\" content=\"index, follow, max-snippet:-1, max-image-preview:large, max-video-preview:-1\" \/>\n<link rel=\"canonical\" href=\"https:\/\/www.lassalotti.com\/fr\/a-propos-de-nous\/\" \/>\n<meta property=\"og:locale\" content=\"fr_FR\" \/>\n<meta property=\"og:type\" content=\"article\" \/>\n<meta property=\"og:title\" content=\"\u00c0 propos de nous - Las Salotti\" \/>\n<meta property=\"og:description\" content=\"Fond\u00e9e en 1976, LAS Salotti repr\u00e9sente, au niveau europ\u00e9en, une entreprise capable de cr\u00e9er des tendances dans la production de canap\u00e9s rembourr\u00e9s.\" \/>\n<meta property=\"og:url\" content=\"https:\/\/www.lassalotti.com\/fr\/a-propos-de-nous\/\" \/>\n<meta property=\"og:site_name\" content=\"Las Salotti\" \/>\n<meta property=\"article:modified_time\" content=\"2023-06-13T13:42:04+00:00\" \/>\n<meta name=\"twitter:card\" content=\"summary_large_image\" \/>\n<meta name=\"twitter:label1\" content=\"Dur\u00e9e de lecture estim\u00e9e\" \/>\n\t<meta name=\"twitter:data1\" content=\"1 minute\" \/>\n<script type=\"application\/ld+json\" class=\"yoast-schema-graph\">{\"@context\":\"https:\/\/schema.org\",\"@graph\":[{\"@type\":\"WebPage\",\"@id\":\"https:\/\/www.lassalotti.com\/fr\/a-propos-de-nous\/\",\"url\":\"https:\/\/www.lassalotti.com\/fr\/a-propos-de-nous\/\",\"name\":\"\u00c0 propos de nous - Las Salotti\",\"isPartOf\":{\"@id\":\"https:\/\/www.lassalotti.com\/fr\/#website\"},\"datePublished\":\"2013-03-23T12:05:14+00:00\",\"dateModified\":\"2023-06-13T13:42:04+00:00\",\"description\":\"Fond\u00e9e en 1976, LAS Salotti repr\u00e9sente, au niveau europ\u00e9en, une entreprise capable de cr\u00e9er des tendances dans la production de canap\u00e9s rembourr\u00e9s.\",\"breadcrumb\":{\"@id\":\"https:\/\/www.lassalotti.com\/fr\/a-propos-de-nous\/#breadcrumb\"},\"inLanguage\":\"fr-FR\",\"potentialAction\":[{\"@type\":\"ReadAction\",\"target\":[\"https:\/\/www.lassalotti.com\/fr\/a-propos-de-nous\/\"]}]},{\"@type\":\"BreadcrumbList\",\"@id\":\"https:\/\/www.lassalotti.com\/fr\/a-propos-de-nous\/#breadcrumb\",\"itemListElement\":[{\"@type\":\"ListItem\",\"position\":1,\"name\":\"Home\",\"item\":\"https:\/\/www.lassalotti.com\/fr\/home-page\/\"},{\"@type\":\"ListItem\",\"position\":2,\"name\":\"\u00c0 propos de nous\"}]},{\"@type\":\"WebSite\",\"@id\":\"https:\/\/www.lassalotti.com\/fr\/#website\",\"url\":\"https:\/\/www.lassalotti.com\/fr\/\",\"name\":\"Las Salotti\",\"description\":\"Divani in pelle\",\"publisher\":{\"@id\":\"https:\/\/www.lassalotti.com\/fr\/#organization\"},\"potentialAction\":[{\"@type\":\"SearchAction\",\"target\":{\"@type\":\"EntryPoint\",\"urlTemplate\":\"https:\/\/www.lassalotti.com\/fr\/?s={search_term_string}\"},\"query-input\":{\"@type\":\"PropertyValueSpecification\",\"valueRequired\":true,\"valueName\":\"search_term_string\"}}],\"inLanguage\":\"fr-FR\"},{\"@type\":\"Organization\",\"@id\":\"https:\/\/www.lassalotti.com\/fr\/#organization\",\"name\":\"Las Salotti\",\"url\":\"https:\/\/www.lassalotti.com\/fr\/\",\"logo\":{\"@type\":\"ImageObject\",\"inLanguage\":\"fr-FR\",\"@id\":\"https:\/\/www.lassalotti.com\/fr\/#\/schema\/logo\/image\/\",\"url\":\"https:\/\/www.lassalotti.com\/wp-content\/uploads\/2023\/02\/logo-las-h-1.png\",\"contentUrl\":\"https:\/\/www.lassalotti.com\/wp-content\/uploads\/2023\/02\/logo-las-h-1.png\",\"width\":226,\"height\":60,\"caption\":\"Las Salotti\"},\"image\":{\"@id\":\"https:\/\/www.lassalotti.com\/fr\/#\/schema\/logo\/image\/\"}}]}<\/script>\n<!-- \/ Yoast SEO plugin. -->","yoast_head_json":{"title":"\u00c0 propos de nous - Las Salotti","description":"Fond\u00e9e en 1976, LAS Salotti repr\u00e9sente, au niveau europ\u00e9en, une entreprise capable de cr\u00e9er des tendances dans la production de canap\u00e9s rembourr\u00e9s.","robots":{"index":"index","follow":"follow","max-snippet":"max-snippet:-1","max-image-preview":"max-image-preview:large","max-video-preview":"max-video-preview:-1"},"canonical":"https:\/\/www.lassalotti.com\/fr\/a-propos-de-nous\/","og_locale":"fr_FR","og_type":"article","og_title":"\u00c0 propos de nous - Las Salotti","og_description":"Fond\u00e9e en 1976, LAS Salotti repr\u00e9sente, au niveau europ\u00e9en, une entreprise capable de cr\u00e9er des tendances dans la production de canap\u00e9s rembourr\u00e9s.","og_url":"https:\/\/www.lassalotti.com\/fr\/a-propos-de-nous\/","og_site_name":"Las Salotti","article_modified_time":"2023-06-13T13:42:04+00:00","twitter_card":"summary_large_image","twitter_misc":{"Dur\u00e9e de lecture estim\u00e9e":"1 minute"},"schema":{"@context":"https:\/\/schema.org","@graph":[{"@type":"WebPage","@id":"https:\/\/www.lassalotti.com\/fr\/a-propos-de-nous\/","url":"https:\/\/www.lassalotti.com\/fr\/a-propos-de-nous\/","name":"\u00c0 propos de nous - Las Salotti","isPartOf":{"@id":"https:\/\/www.lassalotti.com\/fr\/#website"},"datePublished":"2013-03-23T12:05:14+00:00","dateModified":"2023-06-13T13:42:04+00:00","description":"Fond\u00e9e en 1976, LAS Salotti repr\u00e9sente, au niveau europ\u00e9en, une entreprise capable de cr\u00e9er des tendances dans la production de canap\u00e9s rembourr\u00e9s.","breadcrumb":{"@id":"https:\/\/www.lassalotti.com\/fr\/a-propos-de-nous\/#breadcrumb"},"inLanguage":"fr-FR","potentialAction":[{"@type":"ReadAction","target":["https:\/\/www.lassalotti.com\/fr\/a-propos-de-nous\/"]}]},{"@type":"BreadcrumbList","@id":"https:\/\/www.lassalotti.com\/fr\/a-propos-de-nous\/#breadcrumb","itemListElement":[{"@type":"ListItem","position":1,"name":"Home","item":"https:\/\/www.lassalotti.com\/fr\/home-page\/"},{"@type":"ListItem","position":2,"name":"\u00c0 propos de nous"}]},{"@type":"WebSite","@id":"https:\/\/www.lassalotti.com\/fr\/#website","url":"https:\/\/www.lassalotti.com\/fr\/","name":"Las Salotti","description":"Divani in pelle","publisher":{"@id":"https:\/\/www.lassalotti.com\/fr\/#organization"},"potentialAction":[{"@type":"SearchAction","target":{"@type":"EntryPoint","urlTemplate":"https:\/\/www.lassalotti.com\/fr\/?s={search_term_string}"},"query-input":{"@type":"PropertyValueSpecification","valueRequired":true,"valueName":"search_term_string"}}],"inLanguage":"fr-FR"},{"@type":"Organization","@id":"https:\/\/www.lassalotti.com\/fr\/#organization","name":"Las Salotti","url":"https:\/\/www.lassalotti.com\/fr\/","logo":{"@type":"ImageObject","inLanguage":"fr-FR","@id":"https:\/\/www.lassalotti.com\/fr\/#\/schema\/logo\/image\/","url":"https:\/\/www.lassalotti.com\/wp-content\/uploads\/2023\/02\/logo-las-h-1.png","contentUrl":"https:\/\/www.lassalotti.com\/wp-content\/uploads\/2023\/02\/logo-las-h-1.png","width":226,"height":60,"caption":"Las Salotti"},"image":{"@id":"https:\/\/www.lassalotti.com\/fr\/#\/schema\/logo\/image\/"}}]}},"_links":{"self":[{"href":"https:\/\/www.lassalotti.com\/fr\/wp-json\/wp\/v2\/pages\/9021","targetHints":{"allow":["GET"]}}],"collection":[{"href":"https:\/\/www.lassalotti.com\/fr\/wp-json\/wp\/v2\/pages"}],"about":[{"href":"https:\/\/www.lassalotti.com\/fr\/wp-json\/wp\/v2\/types\/page"}],"author":[{"embeddable":true,"href":"https:\/\/www.lassalotti.com\/fr\/wp-json\/wp\/v2\/users\/8"}],"replies":[{"embeddable":true,"href":"https:\/\/www.lassalotti.com\/fr\/wp-json\/wp\/v2\/comments?post=9021"}],"version-history":[{"count":1,"href":"https:\/\/www.lassalotti.com\/fr\/wp-json\/wp\/v2\/pages\/9021\/revisions"}],"predecessor-version":[{"id":9022,"href":"https:\/\/www.lassalotti.com\/fr\/wp-json\/wp\/v2\/pages\/9021\/revisions\/9022"}],"wp:attachment":[{"href":"https:\/\/www.lassalotti.com\/fr\/wp-json\/wp\/v2\/media?parent=9021"}],"curies":[{"name":"wp","href":"https:\/\/api.w.org\/{rel}","templated":true}]}}