{"id":8997,"date":"2013-06-28T10:17:37","date_gmt":"2013-06-28T08:17:37","guid":{"rendered":"https:\/\/www.lassalotti.com\/produktmerkmale\/personalisierung\/"},"modified":"2023-07-17T15:36:18","modified_gmt":"2023-07-17T13:36:18","slug":"personalisierung","status":"publish","type":"page","link":"https:\/\/www.lassalotti.com\/de\/produktmerkmale\/personalisierung\/","title":{"rendered":"Personalisierung"},"content":{"rendered":"\t\t<div data-elementor-type=\"wp-page\" data-elementor-id=\"8997\" class=\"elementor elementor-8997 elementor-1235\" data-elementor-post-type=\"page\">\n\t\t\t\t<div class=\"elementor-element elementor-element-9b3f43a e-flex e-con-boxed e-con e-parent\" data-id=\"9b3f43a\" data-element_type=\"container\">\n\t\t\t\t\t<div class=\"e-con-inner\">\n\t\t<div class=\"elementor-element elementor-element-92634b5 e-con-full e-flex e-con e-parent\" data-id=\"92634b5\" data-element_type=\"container\">\n\t\t\t\t<div class=\"elementor-element elementor-element-cb1eb84 elementor-widget elementor-widget-text-editor\" data-id=\"cb1eb84\" data-element_type=\"widget\" data-widget_type=\"text-editor.default\">\n\t\t\t\t<div class=\"elementor-widget-container\">\n\t\t\t\t\t\t\t\t\t<p>LAS nutzt seine handwerkliche Erfahrung, um <b>einzigartige und vollst\u00e4ndig anpassbare Sofas zu schaffen<\/b>.<\/p>\n<p>LAS bietet nicht nur <b>eine breite Palette von Qualit\u00e4tsledern<\/b>, -stoffen und -garnen an, sondern garantiert durch die Zusammenarbeit mit den gr\u00f6\u00dften italienischen Gerbereien auch jede beliebige Auswahl und Kombination, um alle Geschm\u00e4cker seiner Kunden zu treffen, selbst die raffiniertesten<\/p>\n\t\t\t\t\t\t\t\t<\/div>\n\t\t\t\t<\/div>\n\t\t\t\t<\/div>\n\t\t\t\t\t<\/div>\n\t\t\t\t<\/div>\n\t\t<div class=\"elementor-element elementor-element-fdc3bb5 e-flex e-con-boxed e-con e-parent\" data-id=\"fdc3bb5\" data-element_type=\"container\">\n\t\t\t\t\t<div class=\"e-con-inner\">\n\t\t<div class=\"elementor-element elementor-element-05a7c8c e-con-full e-flex e-con e-parent\" data-id=\"05a7c8c\" data-element_type=\"container\">\n\t\t\t\t<div class=\"elementor-element elementor-element-88f2629 elementor-widget elementor-widget-image\" data-id=\"88f2629\" data-element_type=\"widget\" data-widget_type=\"image.default\">\n\t\t\t\t<div class=\"elementor-widget-container\">\n\t\t\t\t\t\t\t\t\t\t\t\t\t\t\t<img decoding=\"async\" width=\"100\" height=\"100\" src=\"https:\/\/www.lassalotti.com\/wp-content\/uploads\/2013\/06\/icona1.jpg\" class=\"attachment-large size-large wp-image-6008\" alt=\"\" srcset=\"https:\/\/www.lassalotti.com\/wp-content\/uploads\/2013\/06\/icona1.jpg 100w, https:\/\/www.lassalotti.com\/wp-content\/uploads\/2013\/06\/icona1-50x50.jpg 50w\" sizes=\"(max-width: 100px) 100vw, 100px\" \/>\t\t\t\t\t\t\t\t\t\t\t\t\t\t\t<\/div>\n\t\t\t\t<\/div>\n\t\t\t\t<div class=\"elementor-element elementor-element-a06d5a7 elementor-widget elementor-widget-text-editor\" data-id=\"a06d5a7\" data-element_type=\"widget\" data-widget_type=\"text-editor.default\">\n\t\t\t\t<div class=\"elementor-widget-container\">\n\t\t\t\t\t\t\t\t\t<p>Hochwertige Schaumstoffe und F\u00fcllungen, die sich im Alltag in Komfort und Entspannung niederschlagen.<\/p>\n\t\t\t\t\t\t\t\t<\/div>\n\t\t\t\t<\/div>\n\t\t\t\t<\/div>\n\t\t<div class=\"elementor-element elementor-element-a6921a1 e-con-full e-flex e-con e-parent\" data-id=\"a6921a1\" data-element_type=\"container\">\n\t\t\t\t<div class=\"elementor-element elementor-element-5a7b779 elementor-widget elementor-widget-image\" data-id=\"5a7b779\" data-element_type=\"widget\" data-widget_type=\"image.default\">\n\t\t\t\t<div class=\"elementor-widget-container\">\n\t\t\t\t\t\t\t\t\t\t\t\t\t\t\t<img decoding=\"async\" width=\"100\" height=\"100\" src=\"https:\/\/www.lassalotti.com\/wp-content\/uploads\/2013\/06\/icona2.jpg\" class=\"attachment-large size-large wp-image-6004\" alt=\"\" srcset=\"https:\/\/www.lassalotti.com\/wp-content\/uploads\/2013\/06\/icona2.jpg 100w, https:\/\/www.lassalotti.com\/wp-content\/uploads\/2013\/06\/icona2-50x50.jpg 50w\" sizes=\"(max-width: 100px) 100vw, 100px\" \/>\t\t\t\t\t\t\t\t\t\t\t\t\t\t\t<\/div>\n\t\t\t\t<\/div>\n\t\t\t\t<div class=\"elementor-element elementor-element-f160b21 elementor-widget elementor-widget-text-editor\" data-id=\"f160b21\" data-element_type=\"widget\" data-widget_type=\"text-editor.default\">\n\t\t\t\t<div class=\"elementor-widget-container\">\n\t\t\t\t\t\t\t\t\t<p>Eine gro\u00dfe Auswahl an Polstern, um die Eleganz des Wohnraums zu erleben.<\/p>\n\t\t\t\t\t\t\t\t<\/div>\n\t\t\t\t<\/div>\n\t\t\t\t<\/div>\n\t\t<div class=\"elementor-element elementor-element-e70e647 e-con-full e-flex e-con e-parent\" data-id=\"e70e647\" data-element_type=\"container\">\n\t\t\t\t<div class=\"elementor-element elementor-element-5bab8b8 elementor-widget elementor-widget-image\" data-id=\"5bab8b8\" data-element_type=\"widget\" data-widget_type=\"image.default\">\n\t\t\t\t<div class=\"elementor-widget-container\">\n\t\t\t\t\t\t\t\t\t\t\t\t\t\t\t<img decoding=\"async\" width=\"100\" height=\"100\" src=\"https:\/\/www.lassalotti.com\/wp-content\/uploads\/2013\/06\/icona3.jpg\" class=\"attachment-large size-large wp-image-6000\" alt=\"\" srcset=\"https:\/\/www.lassalotti.com\/wp-content\/uploads\/2013\/06\/icona3.jpg 100w, https:\/\/www.lassalotti.com\/wp-content\/uploads\/2013\/06\/icona3-50x50.jpg 50w\" sizes=\"(max-width: 100px) 100vw, 100px\" \/>\t\t\t\t\t\t\t\t\t\t\t\t\t\t\t<\/div>\n\t\t\t\t<\/div>\n\t\t\t\t<div class=\"elementor-element elementor-element-9cd11e4 elementor-widget elementor-widget-text-editor\" data-id=\"9cd11e4\" data-element_type=\"widget\" data-widget_type=\"text-editor.default\">\n\t\t\t\t<div class=\"elementor-widget-container\">\n\t\t\t\t\t\t\t\t\t<p>Zahlreiche N\u00e4hte, die jedes Detail veredeln und bereichern.<\/p>\n\t\t\t\t\t\t\t\t<\/div>\n\t\t\t\t<\/div>\n\t\t\t\t<\/div>\n\t\t\t\t\t<\/div>\n\t\t\t\t<\/div>\n\t\t<div class=\"elementor-element elementor-element-be6a6d6 e-flex e-con-boxed e-con e-parent\" data-id=\"be6a6d6\" data-element_type=\"container\">\n\t\t\t\t\t<div class=\"e-con-inner\">\n\t\t\t\t<div class=\"elementor-element elementor-element-2ac07a6 elementor-widget elementor-widget-image\" data-id=\"2ac07a6\" data-element_type=\"widget\" data-widget_type=\"image.default\">\n\t\t\t\t<div class=\"elementor-widget-container\">\n\t\t\t\t\t\t\t\t\t\t\t\t\t\t\t<img loading=\"lazy\" decoding=\"async\" width=\"1000\" height=\"762\" src=\"https:\/\/www.lassalotti.com\/wp-content\/uploads\/2013\/06\/las-divani-personalizzati.jpg\" class=\"attachment-large size-large wp-image-5996\" alt=\"\" srcset=\"https:\/\/www.lassalotti.com\/wp-content\/uploads\/2013\/06\/las-divani-personalizzati.jpg 1000w, https:\/\/www.lassalotti.com\/wp-content\/uploads\/2013\/06\/las-divani-personalizzati-300x228.jpg 300w\" sizes=\"(max-width: 1000px) 100vw, 1000px\" \/>\t\t\t\t\t\t\t\t\t\t\t\t\t\t\t<\/div>\n\t\t\t\t<\/div>\n\t\t\t\t\t<\/div>\n\t\t\t\t<\/div>\n\t\t\t\t<\/div>\n\t\t","protected":false},"excerpt":{"rendered":"<p>LAS nutzt seine handwerkliche Erfahrung, um einzigartige und vollst\u00e4ndig anpassbare Sofas zu schaffen. LAS bietet nicht nur eine breite Palette von Qualit\u00e4tsledern, -stoffen und -garnen an, sondern garantiert durch die Zusammenarbeit mit den gr\u00f6\u00dften italienischen Gerbereien auch jede beliebige Auswahl und Kombination, um alle Geschm\u00e4cker seiner Kunden zu treffen, selbst die raffiniertesten Hochwertige Schaumstoffe und [&hellip;]<\/p>\n","protected":false},"author":10,"featured_media":0,"parent":8991,"menu_order":6,"comment_status":"closed","ping_status":"closed","template":"","meta":{"_acf_changed":false,"footnotes":""},"class_list":["post-8997","page","type-page","status-publish","hentry"],"blocksy_meta":{"styles_descriptor":{"styles":{"desktop":"","tablet":"","mobile":""},"google_fonts":[],"version":6}},"acf":[],"yoast_head":"<!-- This site is optimized with the Yoast SEO plugin v25.7 - https:\/\/yoast.com\/wordpress\/plugins\/seo\/ -->\n<title>Ma\u00dfgeschneiderte Sofas - LAS Salotti<\/title>\n<meta name=\"description\" content=\"LAS setzt sein handwerkliches K\u00f6nnen ein, um einzigartige und vollst\u00e4ndig anpassbare Sofas zu schaffen. Entdecken Sie die Anpassungsm\u00f6glichkeiten! LAS setzt sein handwerkliches K\u00f6nnen ein, um einzigartige und vollst\u00e4ndig anpassbare Sofas zu schaffen. Entdecken Sie die Anpassungsm\u00f6glichkeiten!\" \/>\n<meta name=\"robots\" content=\"index, follow, max-snippet:-1, max-image-preview:large, max-video-preview:-1\" \/>\n<link rel=\"canonical\" href=\"https:\/\/www.lassalotti.com\/de\/produktmerkmale\/personalisierung\/\" \/>\n<meta property=\"og:locale\" content=\"de_DE\" \/>\n<meta property=\"og:type\" content=\"article\" \/>\n<meta property=\"og:title\" content=\"Ma\u00dfgeschneiderte Sofas - LAS Salotti\" \/>\n<meta property=\"og:description\" content=\"LAS setzt sein handwerkliches K\u00f6nnen ein, um einzigartige und vollst\u00e4ndig anpassbare Sofas zu schaffen. Entdecken Sie die Anpassungsm\u00f6glichkeiten! LAS setzt sein handwerkliches K\u00f6nnen ein, um einzigartige und vollst\u00e4ndig anpassbare Sofas zu schaffen. Entdecken Sie die Anpassungsm\u00f6glichkeiten!\" \/>\n<meta property=\"og:url\" content=\"https:\/\/www.lassalotti.com\/de\/produktmerkmale\/personalisierung\/\" \/>\n<meta property=\"og:site_name\" content=\"Las Salotti\" \/>\n<meta property=\"article:modified_time\" content=\"2023-07-17T13:36:18+00:00\" \/>\n<meta property=\"og:image\" content=\"https:\/\/www.lassalotti.com\/wp-content\/uploads\/2013\/06\/icona1.jpg\" \/>\n<meta name=\"twitter:card\" content=\"summary_large_image\" \/>\n<script type=\"application\/ld+json\" class=\"yoast-schema-graph\">{\"@context\":\"https:\/\/schema.org\",\"@graph\":[{\"@type\":\"WebPage\",\"@id\":\"https:\/\/www.lassalotti.com\/de\/produktmerkmale\/personalisierung\/\",\"url\":\"https:\/\/www.lassalotti.com\/de\/produktmerkmale\/personalisierung\/\",\"name\":\"Ma\u00dfgeschneiderte Sofas - LAS Salotti\",\"isPartOf\":{\"@id\":\"https:\/\/www.lassalotti.com\/de\/#website\"},\"primaryImageOfPage\":{\"@id\":\"https:\/\/www.lassalotti.com\/de\/produktmerkmale\/personalisierung\/#primaryimage\"},\"image\":{\"@id\":\"https:\/\/www.lassalotti.com\/de\/produktmerkmale\/personalisierung\/#primaryimage\"},\"thumbnailUrl\":\"https:\/\/www.lassalotti.com\/wp-content\/uploads\/2013\/06\/icona1.jpg\",\"datePublished\":\"2013-06-28T08:17:37+00:00\",\"dateModified\":\"2023-07-17T13:36:18+00:00\",\"description\":\"LAS setzt sein handwerkliches K\u00f6nnen ein, um einzigartige und vollst\u00e4ndig anpassbare Sofas zu schaffen. Entdecken Sie die Anpassungsm\u00f6glichkeiten! LAS setzt sein handwerkliches K\u00f6nnen ein, um einzigartige und vollst\u00e4ndig anpassbare Sofas zu schaffen. Entdecken Sie die Anpassungsm\u00f6glichkeiten!\",\"breadcrumb\":{\"@id\":\"https:\/\/www.lassalotti.com\/de\/produktmerkmale\/personalisierung\/#breadcrumb\"},\"inLanguage\":\"de\",\"potentialAction\":[{\"@type\":\"ReadAction\",\"target\":[\"https:\/\/www.lassalotti.com\/de\/produktmerkmale\/personalisierung\/\"]}]},{\"@type\":\"ImageObject\",\"inLanguage\":\"de\",\"@id\":\"https:\/\/www.lassalotti.com\/de\/produktmerkmale\/personalisierung\/#primaryimage\",\"url\":\"https:\/\/www.lassalotti.com\/wp-content\/uploads\/2013\/06\/icona1.jpg\",\"contentUrl\":\"https:\/\/www.lassalotti.com\/wp-content\/uploads\/2013\/06\/icona1.jpg\"},{\"@type\":\"BreadcrumbList\",\"@id\":\"https:\/\/www.lassalotti.com\/de\/produktmerkmale\/personalisierung\/#breadcrumb\",\"itemListElement\":[{\"@type\":\"ListItem\",\"position\":1,\"name\":\"Home\",\"item\":\"https:\/\/www.lassalotti.com\/de\/home-page\/\"},{\"@type\":\"ListItem\",\"position\":2,\"name\":\"Produktmerkmale\",\"item\":\"https:\/\/www.lassalotti.com\/de\/produktmerkmale\/\"},{\"@type\":\"ListItem\",\"position\":3,\"name\":\"Personalisierung\"}]},{\"@type\":\"WebSite\",\"@id\":\"https:\/\/www.lassalotti.com\/de\/#website\",\"url\":\"https:\/\/www.lassalotti.com\/de\/\",\"name\":\"Las Salotti\",\"description\":\"Divani in pelle\",\"publisher\":{\"@id\":\"https:\/\/www.lassalotti.com\/de\/#organization\"},\"potentialAction\":[{\"@type\":\"SearchAction\",\"target\":{\"@type\":\"EntryPoint\",\"urlTemplate\":\"https:\/\/www.lassalotti.com\/de\/?s={search_term_string}\"},\"query-input\":{\"@type\":\"PropertyValueSpecification\",\"valueRequired\":true,\"valueName\":\"search_term_string\"}}],\"inLanguage\":\"de\"},{\"@type\":\"Organization\",\"@id\":\"https:\/\/www.lassalotti.com\/de\/#organization\",\"name\":\"Las Salotti\",\"url\":\"https:\/\/www.lassalotti.com\/de\/\",\"logo\":{\"@type\":\"ImageObject\",\"inLanguage\":\"de\",\"@id\":\"https:\/\/www.lassalotti.com\/de\/#\/schema\/logo\/image\/\",\"url\":\"https:\/\/www.lassalotti.com\/wp-content\/uploads\/2023\/02\/logo-las-h-1.png\",\"contentUrl\":\"https:\/\/www.lassalotti.com\/wp-content\/uploads\/2023\/02\/logo-las-h-1.png\",\"width\":226,\"height\":60,\"caption\":\"Las Salotti\"},\"image\":{\"@id\":\"https:\/\/www.lassalotti.com\/de\/#\/schema\/logo\/image\/\"}}]}<\/script>\n<!-- \/ Yoast SEO plugin. -->","yoast_head_json":{"title":"Ma\u00dfgeschneiderte Sofas - LAS Salotti","description":"LAS setzt sein handwerkliches K\u00f6nnen ein, um einzigartige und vollst\u00e4ndig anpassbare Sofas zu schaffen. Entdecken Sie die Anpassungsm\u00f6glichkeiten! LAS setzt sein handwerkliches K\u00f6nnen ein, um einzigartige und vollst\u00e4ndig anpassbare Sofas zu schaffen. Entdecken Sie die Anpassungsm\u00f6glichkeiten!","robots":{"index":"index","follow":"follow","max-snippet":"max-snippet:-1","max-image-preview":"max-image-preview:large","max-video-preview":"max-video-preview:-1"},"canonical":"https:\/\/www.lassalotti.com\/de\/produktmerkmale\/personalisierung\/","og_locale":"de_DE","og_type":"article","og_title":"Ma\u00dfgeschneiderte Sofas - LAS Salotti","og_description":"LAS setzt sein handwerkliches K\u00f6nnen ein, um einzigartige und vollst\u00e4ndig anpassbare Sofas zu schaffen. Entdecken Sie die Anpassungsm\u00f6glichkeiten! LAS setzt sein handwerkliches K\u00f6nnen ein, um einzigartige und vollst\u00e4ndig anpassbare Sofas zu schaffen. Entdecken Sie die Anpassungsm\u00f6glichkeiten!","og_url":"https:\/\/www.lassalotti.com\/de\/produktmerkmale\/personalisierung\/","og_site_name":"Las Salotti","article_modified_time":"2023-07-17T13:36:18+00:00","og_image":[{"url":"https:\/\/www.lassalotti.com\/wp-content\/uploads\/2013\/06\/icona1.jpg","type":"","width":"","height":""}],"twitter_card":"summary_large_image","schema":{"@context":"https:\/\/schema.org","@graph":[{"@type":"WebPage","@id":"https:\/\/www.lassalotti.com\/de\/produktmerkmale\/personalisierung\/","url":"https:\/\/www.lassalotti.com\/de\/produktmerkmale\/personalisierung\/","name":"Ma\u00dfgeschneiderte Sofas - LAS Salotti","isPartOf":{"@id":"https:\/\/www.lassalotti.com\/de\/#website"},"primaryImageOfPage":{"@id":"https:\/\/www.lassalotti.com\/de\/produktmerkmale\/personalisierung\/#primaryimage"},"image":{"@id":"https:\/\/www.lassalotti.com\/de\/produktmerkmale\/personalisierung\/#primaryimage"},"thumbnailUrl":"https:\/\/www.lassalotti.com\/wp-content\/uploads\/2013\/06\/icona1.jpg","datePublished":"2013-06-28T08:17:37+00:00","dateModified":"2023-07-17T13:36:18+00:00","description":"LAS setzt sein handwerkliches K\u00f6nnen ein, um einzigartige und vollst\u00e4ndig anpassbare Sofas zu schaffen. Entdecken Sie die Anpassungsm\u00f6glichkeiten! LAS setzt sein handwerkliches K\u00f6nnen ein, um einzigartige und vollst\u00e4ndig anpassbare Sofas zu schaffen. Entdecken Sie die Anpassungsm\u00f6glichkeiten!","breadcrumb":{"@id":"https:\/\/www.lassalotti.com\/de\/produktmerkmale\/personalisierung\/#breadcrumb"},"inLanguage":"de","potentialAction":[{"@type":"ReadAction","target":["https:\/\/www.lassalotti.com\/de\/produktmerkmale\/personalisierung\/"]}]},{"@type":"ImageObject","inLanguage":"de","@id":"https:\/\/www.lassalotti.com\/de\/produktmerkmale\/personalisierung\/#primaryimage","url":"https:\/\/www.lassalotti.com\/wp-content\/uploads\/2013\/06\/icona1.jpg","contentUrl":"https:\/\/www.lassalotti.com\/wp-content\/uploads\/2013\/06\/icona1.jpg"},{"@type":"BreadcrumbList","@id":"https:\/\/www.lassalotti.com\/de\/produktmerkmale\/personalisierung\/#breadcrumb","itemListElement":[{"@type":"ListItem","position":1,"name":"Home","item":"https:\/\/www.lassalotti.com\/de\/home-page\/"},{"@type":"ListItem","position":2,"name":"Produktmerkmale","item":"https:\/\/www.lassalotti.com\/de\/produktmerkmale\/"},{"@type":"ListItem","position":3,"name":"Personalisierung"}]},{"@type":"WebSite","@id":"https:\/\/www.lassalotti.com\/de\/#website","url":"https:\/\/www.lassalotti.com\/de\/","name":"Las Salotti","description":"Divani in pelle","publisher":{"@id":"https:\/\/www.lassalotti.com\/de\/#organization"},"potentialAction":[{"@type":"SearchAction","target":{"@type":"EntryPoint","urlTemplate":"https:\/\/www.lassalotti.com\/de\/?s={search_term_string}"},"query-input":{"@type":"PropertyValueSpecification","valueRequired":true,"valueName":"search_term_string"}}],"inLanguage":"de"},{"@type":"Organization","@id":"https:\/\/www.lassalotti.com\/de\/#organization","name":"Las Salotti","url":"https:\/\/www.lassalotti.com\/de\/","logo":{"@type":"ImageObject","inLanguage":"de","@id":"https:\/\/www.lassalotti.com\/de\/#\/schema\/logo\/image\/","url":"https:\/\/www.lassalotti.com\/wp-content\/uploads\/2023\/02\/logo-las-h-1.png","contentUrl":"https:\/\/www.lassalotti.com\/wp-content\/uploads\/2023\/02\/logo-las-h-1.png","width":226,"height":60,"caption":"Las Salotti"},"image":{"@id":"https:\/\/www.lassalotti.com\/de\/#\/schema\/logo\/image\/"}}]}},"_links":{"self":[{"href":"https:\/\/www.lassalotti.com\/de\/wp-json\/wp\/v2\/pages\/8997","targetHints":{"allow":["GET"]}}],"collection":[{"href":"https:\/\/www.lassalotti.com\/de\/wp-json\/wp\/v2\/pages"}],"about":[{"href":"https:\/\/www.lassalotti.com\/de\/wp-json\/wp\/v2\/types\/page"}],"author":[{"embeddable":true,"href":"https:\/\/www.lassalotti.com\/de\/wp-json\/wp\/v2\/users\/10"}],"replies":[{"embeddable":true,"href":"https:\/\/www.lassalotti.com\/de\/wp-json\/wp\/v2\/comments?post=8997"}],"version-history":[{"count":2,"href":"https:\/\/www.lassalotti.com\/de\/wp-json\/wp\/v2\/pages\/8997\/revisions"}],"predecessor-version":[{"id":9667,"href":"https:\/\/www.lassalotti.com\/de\/wp-json\/wp\/v2\/pages\/8997\/revisions\/9667"}],"up":[{"embeddable":true,"href":"https:\/\/www.lassalotti.com\/de\/wp-json\/wp\/v2\/pages\/8991"}],"wp:attachment":[{"href":"https:\/\/www.lassalotti.com\/de\/wp-json\/wp\/v2\/media?parent=8997"}],"curies":[{"name":"wp","href":"https:\/\/api.w.org\/{rel}","templated":true}]}}