{"id":8995,"date":"2013-06-20T12:08:06","date_gmt":"2013-06-20T10:08:06","guid":{"rendered":"https:\/\/www.lassalotti.com\/produktmerkmale\/schaumstoffe\/"},"modified":"2023-07-17T15:33:55","modified_gmt":"2023-07-17T13:33:55","slug":"schaumstoffe","status":"publish","type":"page","link":"https:\/\/www.lassalotti.com\/de\/produktmerkmale\/schaumstoffe\/","title":{"rendered":"Schaumstoffe"},"content":{"rendered":"\t\t<div data-elementor-type=\"wp-page\" data-elementor-id=\"8995\" class=\"elementor elementor-8995 elementor-1041\" data-elementor-post-type=\"page\">\n\t\t\t\t<div class=\"elementor-element elementor-element-e83829a e-flex e-con-boxed e-con e-parent\" data-id=\"e83829a\" data-element_type=\"container\" data-e-type=\"container\">\n\t\t\t\t\t<div class=\"e-con-inner\">\n\t\t<div class=\"elementor-element elementor-element-2976bde e-con-full e-flex e-con e-parent\" data-id=\"2976bde\" data-element_type=\"container\" data-e-type=\"container\">\n\t\t\t\t<div class=\"elementor-element elementor-element-3f4a87f elementor-widget elementor-widget-image\" data-id=\"3f4a87f\" data-element_type=\"widget\" data-e-type=\"widget\" data-widget_type=\"image.default\">\n\t\t\t\t<div class=\"elementor-widget-container\">\n\t\t\t\t\t\t\t\t\t\t\t\t\t\t\t<img fetchpriority=\"high\" decoding=\"async\" width=\"600\" height=\"220\" src=\"https:\/\/www.lassalotti.com\/wp-content\/uploads\/2013\/06\/divani-imbottiti-comfort.jpg\" class=\"attachment-full size-full wp-image-5800\" alt=\"\" srcset=\"https:\/\/www.lassalotti.com\/wp-content\/uploads\/2013\/06\/divani-imbottiti-comfort.jpg 600w, https:\/\/www.lassalotti.com\/wp-content\/uploads\/2013\/06\/divani-imbottiti-comfort-300x110.jpg 300w\" sizes=\"(max-width: 600px) 100vw, 600px\" \/>\t\t\t\t\t\t\t\t\t\t\t\t\t\t\t<\/div>\n\t\t\t\t<\/div>\n\t\t\t\t<\/div>\n\t\t<div class=\"elementor-element elementor-element-19d9f01 e-con-full e-flex e-con e-parent\" data-id=\"19d9f01\" data-element_type=\"container\" data-e-type=\"container\">\n\t\t\t\t<div class=\"elementor-element elementor-element-f16503a elementor-widget elementor-widget-heading\" data-id=\"f16503a\" data-element_type=\"widget\" data-e-type=\"widget\" data-widget_type=\"heading.default\">\n\t\t\t\t<div class=\"elementor-widget-container\">\n\t\t\t\t\t<h3 class=\"elementor-heading-title elementor-size-default\">Schaumstoffe<\/h3>\t\t\t\t<\/div>\n\t\t\t\t<\/div>\n\t\t\t\t<div class=\"elementor-element elementor-element-74d3353 elementor-widget elementor-widget-text-editor\" data-id=\"74d3353\" data-element_type=\"widget\" data-e-type=\"widget\" data-widget_type=\"text-editor.default\">\n\t\t\t\t<div class=\"elementor-widget-container\">\n\t\t\t\t\t\t\t\t\t<p>Unsere Sofas sind das Ergebnis der Forschung und Entwicklung innovativer, leistungsstarker und vor allem zertifizierter Materialien. Unsere Polsterung besteht aus Polyurethan-Schaumstoffen der neuesten Generation, die in verschiedenen Dichten kombiniert werden, um den Komfort zu gew\u00e4hrleisten, der den Bed\u00fcrfnissen unserer Kunden am besten entspricht. Dank der Qualit\u00e4t der Rohstoffe beh\u00e4lt das Sofa auch im Laufe der Zeit seine urspr\u00fcngliche Form und Elastizit\u00e4t.<\/p>\n\t\t\t\t\t\t\t\t<\/div>\n\t\t\t\t<\/div>\n\t\t\t\t<\/div>\n\t\t\t\t\t<\/div>\n\t\t\t\t<\/div>\n\t\t<div class=\"elementor-element elementor-element-5441249 e-flex e-con-boxed e-con e-parent\" data-id=\"5441249\" data-element_type=\"container\" data-e-type=\"container\">\n\t\t\t\t\t<div class=\"e-con-inner\">\n\t\t<div class=\"elementor-element elementor-element-68f4e41 e-con-full e-flex e-con e-parent\" data-id=\"68f4e41\" data-element_type=\"container\" data-e-type=\"container\">\n\t\t\t\t<div class=\"elementor-element elementor-element-8953ad6 elementor-widget elementor-widget-image\" data-id=\"8953ad6\" data-element_type=\"widget\" data-e-type=\"widget\" data-widget_type=\"image.default\">\n\t\t\t\t<div class=\"elementor-widget-container\">\n\t\t\t\t\t\t\t\t\t\t\t\t\t\t\t<img decoding=\"async\" width=\"600\" height=\"220\" src=\"https:\/\/www.lassalotti.com\/wp-content\/uploads\/2013\/06\/divani-comfort-rigido1.jpg\" class=\"attachment-full size-full wp-image-6012\" alt=\"\" srcset=\"https:\/\/www.lassalotti.com\/wp-content\/uploads\/2013\/06\/divani-comfort-rigido1.jpg 600w, https:\/\/www.lassalotti.com\/wp-content\/uploads\/2013\/06\/divani-comfort-rigido1-300x110.jpg 300w\" sizes=\"(max-width: 600px) 100vw, 600px\" \/>\t\t\t\t\t\t\t\t\t\t\t\t\t\t\t<\/div>\n\t\t\t\t<\/div>\n\t\t\t\t<\/div>\n\t\t<div class=\"elementor-element elementor-element-28fd3d9 e-con-full e-flex e-con e-parent\" data-id=\"28fd3d9\" data-element_type=\"container\" data-e-type=\"container\">\n\t\t\t\t<div class=\"elementor-element elementor-element-31b7592 elementor-widget elementor-widget-heading\" data-id=\"31b7592\" data-element_type=\"widget\" data-e-type=\"widget\" data-widget_type=\"heading.default\">\n\t\t\t\t<div class=\"elementor-widget-container\">\n\t\t\t\t\t<h3 class=\"elementor-heading-title elementor-size-default\">Hochdichter Schaumstoff<\/h3>\t\t\t\t<\/div>\n\t\t\t\t<\/div>\n\t\t\t\t<div class=\"elementor-element elementor-element-75df18d elementor-widget elementor-widget-text-editor\" data-id=\"75df18d\" data-element_type=\"widget\" data-e-type=\"widget\" data-widget_type=\"text-editor.default\">\n\t\t\t\t<div class=\"elementor-widget-container\">\n\t\t\t\t\t\t\t\t\t<p>F\u00fcr alle Modelle kann eine starre Sitzoption aus hochdichtem Polyurethanschaum (40 kg\/m\u00b3) gew\u00e4hlt werden. Die erh\u00f6hte elastische Masse und der geringere Anteil an Luftpartikeln erh\u00f6hen den Auftrieb des Sitzes und seine Belastbarkeit. Die Herkunft und Qualit\u00e4t der Materialien ist die gleiche wie beim Standardschaum.<\/p>\n\t\t\t\t\t\t\t\t<\/div>\n\t\t\t\t<\/div>\n\t\t\t\t<\/div>\n\t\t\t\t\t<\/div>\n\t\t\t\t<\/div>\n\t\t<div class=\"elementor-element elementor-element-2472fae e-flex e-con-boxed e-con e-parent\" data-id=\"2472fae\" data-element_type=\"container\" data-e-type=\"container\">\n\t\t\t\t\t<div class=\"e-con-inner\">\n\t\t<div class=\"elementor-element elementor-element-5db62e5 e-con-full e-flex e-con e-parent\" data-id=\"5db62e5\" data-element_type=\"container\" data-e-type=\"container\">\n\t\t\t\t<div class=\"elementor-element elementor-element-2a285aa elementor-widget elementor-widget-image\" data-id=\"2a285aa\" data-element_type=\"widget\" data-e-type=\"widget\" data-widget_type=\"image.default\">\n\t\t\t\t<div class=\"elementor-widget-container\">\n\t\t\t\t\t\t\t\t\t\t\t\t\t\t\t<img decoding=\"async\" width=\"600\" height=\"220\" src=\"https:\/\/www.lassalotti.com\/wp-content\/uploads\/2013\/06\/divani-effetto-memory.jpg\" class=\"attachment-full size-full wp-image-5796\" alt=\"\" srcset=\"https:\/\/www.lassalotti.com\/wp-content\/uploads\/2013\/06\/divani-effetto-memory.jpg 600w, https:\/\/www.lassalotti.com\/wp-content\/uploads\/2013\/06\/divani-effetto-memory-300x110.jpg 300w\" sizes=\"(max-width: 600px) 100vw, 600px\" \/>\t\t\t\t\t\t\t\t\t\t\t\t\t\t\t<\/div>\n\t\t\t\t<\/div>\n\t\t\t\t<\/div>\n\t\t<div class=\"elementor-element elementor-element-ca65e97 e-con-full e-flex e-con e-parent\" data-id=\"ca65e97\" data-element_type=\"container\" data-e-type=\"container\">\n\t\t\t\t<div class=\"elementor-element elementor-element-cd7fd85 elementor-widget elementor-widget-heading\" data-id=\"cd7fd85\" data-element_type=\"widget\" data-e-type=\"widget\" data-widget_type=\"heading.default\">\n\t\t\t\t<div class=\"elementor-widget-container\">\n\t\t\t\t\t<h3 class=\"elementor-heading-title elementor-size-default\">Memory Schaumstoff<\/h3>\t\t\t\t<\/div>\n\t\t\t\t<\/div>\n\t\t\t\t<div class=\"elementor-element elementor-element-de4593b elementor-widget elementor-widget-text-editor\" data-id=\"de4593b\" data-element_type=\"widget\" data-e-type=\"widget\" data-widget_type=\"text-editor.default\">\n\t\t\t\t<div class=\"elementor-widget-container\">\n\t\t\t\t\t\t\t\t\t<p>Alle Modelle sind mit einem Memory-Effekt ausgestattet, der durch die Verwendung eines speziellen Schaumstoffs erreicht wird, der nicht nur einen hervorragenden Komfort bietet, sondern auch nach jedem Gebrauch selbstst\u00e4ndig in seine urspr\u00fcngliche Form zur\u00fcckkehrt. Dieses Material beh\u00e4lt seine Elastizit\u00e4t auch nach mehreren Jahren und hat mehrere Eigenschaften: Es ist ergonomisch, hygienisch, atmungsaktiv, recycelbar, hypoallergen und kann nicht von Hausstaubmilben befallen werden.<\/p>\n\t\t\t\t\t\t\t\t<\/div>\n\t\t\t\t<\/div>\n\t\t\t\t<\/div>\n\t\t\t\t\t<\/div>\n\t\t\t\t<\/div>\n\t\t<div class=\"elementor-element elementor-element-3e0f9ed elementor-hidden-desktop elementor-hidden-tablet elementor-hidden-mobile e-flex e-con-boxed e-con e-parent\" data-id=\"3e0f9ed\" data-element_type=\"container\" data-e-type=\"container\">\n\t\t\t\t\t<div class=\"e-con-inner\">\n\t\t<div class=\"elementor-element elementor-element-3b8c40d e-con-full e-flex e-con e-parent\" data-id=\"3b8c40d\" data-element_type=\"container\" data-e-type=\"container\">\n\t\t\t\t<div class=\"elementor-element elementor-element-adc9f95 elementor-widget elementor-widget-image\" data-id=\"adc9f95\" data-element_type=\"widget\" data-e-type=\"widget\" data-widget_type=\"image.default\">\n\t\t\t\t<div class=\"elementor-widget-container\">\n\t\t\t\t\t\t\t\t\t\t\t\t\t\t\t<img loading=\"lazy\" decoding=\"async\" width=\"600\" height=\"350\" src=\"https:\/\/www.lassalotti.com\/wp-content\/uploads\/2013\/06\/las-salotti-divani-lympha.jpg\" class=\"attachment-full size-full wp-image-5632\" alt=\"\" srcset=\"https:\/\/www.lassalotti.com\/wp-content\/uploads\/2013\/06\/las-salotti-divani-lympha.jpg 600w, https:\/\/www.lassalotti.com\/wp-content\/uploads\/2013\/06\/las-salotti-divani-lympha-300x175.jpg 300w\" sizes=\"(max-width: 600px) 100vw, 600px\" \/>\t\t\t\t\t\t\t\t\t\t\t\t\t\t\t<\/div>\n\t\t\t\t<\/div>\n\t\t\t\t<\/div>\n\t\t<div class=\"elementor-element elementor-element-217f156 e-con-full e-flex e-con e-parent\" data-id=\"217f156\" data-element_type=\"container\" data-e-type=\"container\">\n\t\t\t\t<div class=\"elementor-element elementor-element-69dfd1c elementor-widget elementor-widget-heading\" data-id=\"69dfd1c\" data-element_type=\"widget\" data-e-type=\"widget\" data-widget_type=\"heading.default\">\n\t\t\t\t<div class=\"elementor-widget-container\">\n\t\t\t\t\t<h3 class=\"elementor-heading-title elementor-size-default\">Lympha<\/h3>\t\t\t\t<\/div>\n\t\t\t\t<\/div>\n\t\t\t\t<div class=\"elementor-element elementor-element-d19cbd3 elementor-widget elementor-widget-text-editor\" data-id=\"d19cbd3\" data-element_type=\"widget\" data-e-type=\"widget\" data-widget_type=\"text-editor.default\">\n\t\t\t\t<div class=\"elementor-widget-container\">\n\t\t\t\t\t\t\t\t\t<p>Acqua e anidride carbonica. Attraverso un apposito sistema di produzione, questi due elementi vengono combinati, in unione alle materie prime di nuova concezione, per generare un sistema di imbottitura divani dagli elevati standard qualitativi nel pieno rispetto dell&#8217;ambiente. Grazie al fornitore OLMO possiamo offrire un prodotto naturale, garantito e certificato.<\/p>\n\t\t\t\t\t\t\t\t<\/div>\n\t\t\t\t<\/div>\n\t\t\t\t<\/div>\n\t\t\t\t\t<\/div>\n\t\t\t\t<\/div>\n\t\t\t\t<\/div>\n\t\t","protected":false},"excerpt":{"rendered":"<p>Schaumstoffe Unsere Sofas sind das Ergebnis der Forschung und Entwicklung innovativer, leistungsstarker und vor allem zertifizierter Materialien. Unsere Polsterung besteht aus Polyurethan-Schaumstoffen der neuesten Generation, die in verschiedenen Dichten kombiniert werden, um den Komfort zu gew\u00e4hrleisten, der den Bed\u00fcrfnissen unserer Kunden am besten entspricht. Dank der Qualit\u00e4t der Rohstoffe beh\u00e4lt das Sofa auch im Laufe [&hellip;]<\/p>\n","protected":false},"author":10,"featured_media":0,"parent":8991,"menu_order":5,"comment_status":"closed","ping_status":"closed","template":"","meta":{"_acf_changed":false,"footnotes":""},"class_list":["post-8995","page","type-page","status-publish","hentry"],"blocksy_meta":[],"acf":[],"yoast_head":"<!-- This site is optimized with the Yoast SEO plugin v27.5 - https:\/\/yoast.com\/product\/yoast-seo-wordpress\/ -->\n<title>Schaumstoffe Polsterung f\u00fcr Sofas - Las Salotti<\/title>\n<meta name=\"description\" content=\"Innovative, leistungsstarke und zertifizierte Materialien. W\u00e4hlen Sie die von Ihnen bevorzugte Polsterung zwischen Komfort, hoher Dichte oder Memory-Effekt. Innovative, leistungsstarke und zertifizierte Materialien. W\u00e4hlen Sie die von Ihnen bevorzugte Polsterung zwischen Komfort, hoher Dichte oder Memory-Effekt.\" \/>\n<meta name=\"robots\" content=\"index, follow, max-snippet:-1, max-image-preview:large, max-video-preview:-1\" \/>\n<link rel=\"canonical\" href=\"https:\/\/www.lassalotti.com\/de\/produktmerkmale\/schaumstoffe\/\" \/>\n<meta property=\"og:locale\" content=\"de_DE\" \/>\n<meta property=\"og:type\" content=\"article\" \/>\n<meta property=\"og:title\" content=\"Schaumstoffe Polsterung f\u00fcr Sofas - Las Salotti\" \/>\n<meta property=\"og:description\" content=\"Innovative, leistungsstarke und zertifizierte Materialien. W\u00e4hlen Sie die von Ihnen bevorzugte Polsterung zwischen Komfort, hoher Dichte oder Memory-Effekt. Innovative, leistungsstarke und zertifizierte Materialien. W\u00e4hlen Sie die von Ihnen bevorzugte Polsterung zwischen Komfort, hoher Dichte oder Memory-Effekt.\" \/>\n<meta property=\"og:url\" content=\"https:\/\/www.lassalotti.com\/de\/produktmerkmale\/schaumstoffe\/\" \/>\n<meta property=\"og:site_name\" content=\"Las Salotti\" \/>\n<meta property=\"article:modified_time\" content=\"2023-07-17T13:33:55+00:00\" \/>\n<meta property=\"og:image\" content=\"https:\/\/www.lassalotti.com\/wp-content\/uploads\/2013\/06\/divani-imbottiti-comfort.jpg\" \/>\n<meta name=\"twitter:card\" content=\"summary_large_image\" \/>\n<meta name=\"twitter:label1\" content=\"Gesch\u00e4tzte Lesezeit\" \/>\n\t<meta name=\"twitter:data1\" content=\"1\u00a0Minute\" \/>\n<script type=\"application\/ld+json\" class=\"yoast-schema-graph\">{\"@context\":\"https:\\\/\\\/schema.org\",\"@graph\":[{\"@type\":\"WebPage\",\"@id\":\"https:\\\/\\\/www.lassalotti.com\\\/de\\\/produktmerkmale\\\/schaumstoffe\\\/\",\"url\":\"https:\\\/\\\/www.lassalotti.com\\\/de\\\/produktmerkmale\\\/schaumstoffe\\\/\",\"name\":\"Schaumstoffe Polsterung f\u00fcr Sofas - Las Salotti\",\"isPartOf\":{\"@id\":\"https:\\\/\\\/www.lassalotti.com\\\/de\\\/#website\"},\"primaryImageOfPage\":{\"@id\":\"https:\\\/\\\/www.lassalotti.com\\\/de\\\/produktmerkmale\\\/schaumstoffe\\\/#primaryimage\"},\"image\":{\"@id\":\"https:\\\/\\\/www.lassalotti.com\\\/de\\\/produktmerkmale\\\/schaumstoffe\\\/#primaryimage\"},\"thumbnailUrl\":\"https:\\\/\\\/www.lassalotti.com\\\/wp-content\\\/uploads\\\/2013\\\/06\\\/divani-imbottiti-comfort.jpg\",\"datePublished\":\"2013-06-20T10:08:06+00:00\",\"dateModified\":\"2023-07-17T13:33:55+00:00\",\"description\":\"Innovative, leistungsstarke und zertifizierte Materialien. W\u00e4hlen Sie die von Ihnen bevorzugte Polsterung zwischen Komfort, hoher Dichte oder Memory-Effekt. Innovative, leistungsstarke und zertifizierte Materialien. W\u00e4hlen Sie die von Ihnen bevorzugte Polsterung zwischen Komfort, hoher Dichte oder Memory-Effekt.\",\"breadcrumb\":{\"@id\":\"https:\\\/\\\/www.lassalotti.com\\\/de\\\/produktmerkmale\\\/schaumstoffe\\\/#breadcrumb\"},\"inLanguage\":\"de\",\"potentialAction\":[{\"@type\":\"ReadAction\",\"target\":[\"https:\\\/\\\/www.lassalotti.com\\\/de\\\/produktmerkmale\\\/schaumstoffe\\\/\"]}]},{\"@type\":\"ImageObject\",\"inLanguage\":\"de\",\"@id\":\"https:\\\/\\\/www.lassalotti.com\\\/de\\\/produktmerkmale\\\/schaumstoffe\\\/#primaryimage\",\"url\":\"https:\\\/\\\/www.lassalotti.com\\\/wp-content\\\/uploads\\\/2013\\\/06\\\/divani-imbottiti-comfort.jpg\",\"contentUrl\":\"https:\\\/\\\/www.lassalotti.com\\\/wp-content\\\/uploads\\\/2013\\\/06\\\/divani-imbottiti-comfort.jpg\"},{\"@type\":\"BreadcrumbList\",\"@id\":\"https:\\\/\\\/www.lassalotti.com\\\/de\\\/produktmerkmale\\\/schaumstoffe\\\/#breadcrumb\",\"itemListElement\":[{\"@type\":\"ListItem\",\"position\":1,\"name\":\"Home\",\"item\":\"https:\\\/\\\/www.lassalotti.com\\\/de\\\/home-page\\\/\"},{\"@type\":\"ListItem\",\"position\":2,\"name\":\"Produktmerkmale\",\"item\":\"https:\\\/\\\/www.lassalotti.com\\\/de\\\/produktmerkmale\\\/\"},{\"@type\":\"ListItem\",\"position\":3,\"name\":\"Schaumstoffe\"}]},{\"@type\":\"WebSite\",\"@id\":\"https:\\\/\\\/www.lassalotti.com\\\/de\\\/#website\",\"url\":\"https:\\\/\\\/www.lassalotti.com\\\/de\\\/\",\"name\":\"Las Salotti\",\"description\":\"Divani in pelle\",\"publisher\":{\"@id\":\"https:\\\/\\\/www.lassalotti.com\\\/de\\\/#organization\"},\"potentialAction\":[{\"@type\":\"SearchAction\",\"target\":{\"@type\":\"EntryPoint\",\"urlTemplate\":\"https:\\\/\\\/www.lassalotti.com\\\/de\\\/?s={search_term_string}\"},\"query-input\":{\"@type\":\"PropertyValueSpecification\",\"valueRequired\":true,\"valueName\":\"search_term_string\"}}],\"inLanguage\":\"de\"},{\"@type\":\"Organization\",\"@id\":\"https:\\\/\\\/www.lassalotti.com\\\/de\\\/#organization\",\"name\":\"Las Salotti\",\"url\":\"https:\\\/\\\/www.lassalotti.com\\\/de\\\/\",\"logo\":{\"@type\":\"ImageObject\",\"inLanguage\":\"de\",\"@id\":\"https:\\\/\\\/www.lassalotti.com\\\/de\\\/#\\\/schema\\\/logo\\\/image\\\/\",\"url\":\"https:\\\/\\\/www.lassalotti.com\\\/wp-content\\\/uploads\\\/2023\\\/02\\\/logo-las-h-1.png\",\"contentUrl\":\"https:\\\/\\\/www.lassalotti.com\\\/wp-content\\\/uploads\\\/2023\\\/02\\\/logo-las-h-1.png\",\"width\":226,\"height\":60,\"caption\":\"Las Salotti\"},\"image\":{\"@id\":\"https:\\\/\\\/www.lassalotti.com\\\/de\\\/#\\\/schema\\\/logo\\\/image\\\/\"}}]}<\/script>\n<!-- \/ Yoast SEO plugin. -->","yoast_head_json":{"title":"Schaumstoffe Polsterung f\u00fcr Sofas - Las Salotti","description":"Innovative, leistungsstarke und zertifizierte Materialien. W\u00e4hlen Sie die von Ihnen bevorzugte Polsterung zwischen Komfort, hoher Dichte oder Memory-Effekt. Innovative, leistungsstarke und zertifizierte Materialien. W\u00e4hlen Sie die von Ihnen bevorzugte Polsterung zwischen Komfort, hoher Dichte oder Memory-Effekt.","robots":{"index":"index","follow":"follow","max-snippet":"max-snippet:-1","max-image-preview":"max-image-preview:large","max-video-preview":"max-video-preview:-1"},"canonical":"https:\/\/www.lassalotti.com\/de\/produktmerkmale\/schaumstoffe\/","og_locale":"de_DE","og_type":"article","og_title":"Schaumstoffe Polsterung f\u00fcr Sofas - Las Salotti","og_description":"Innovative, leistungsstarke und zertifizierte Materialien. W\u00e4hlen Sie die von Ihnen bevorzugte Polsterung zwischen Komfort, hoher Dichte oder Memory-Effekt. Innovative, leistungsstarke und zertifizierte Materialien. W\u00e4hlen Sie die von Ihnen bevorzugte Polsterung zwischen Komfort, hoher Dichte oder Memory-Effekt.","og_url":"https:\/\/www.lassalotti.com\/de\/produktmerkmale\/schaumstoffe\/","og_site_name":"Las Salotti","article_modified_time":"2023-07-17T13:33:55+00:00","og_image":[{"url":"https:\/\/www.lassalotti.com\/wp-content\/uploads\/2013\/06\/divani-imbottiti-comfort.jpg","type":"","width":"","height":""}],"twitter_card":"summary_large_image","twitter_misc":{"Gesch\u00e4tzte Lesezeit":"1\u00a0Minute"},"schema":{"@context":"https:\/\/schema.org","@graph":[{"@type":"WebPage","@id":"https:\/\/www.lassalotti.com\/de\/produktmerkmale\/schaumstoffe\/","url":"https:\/\/www.lassalotti.com\/de\/produktmerkmale\/schaumstoffe\/","name":"Schaumstoffe Polsterung f\u00fcr Sofas - Las Salotti","isPartOf":{"@id":"https:\/\/www.lassalotti.com\/de\/#website"},"primaryImageOfPage":{"@id":"https:\/\/www.lassalotti.com\/de\/produktmerkmale\/schaumstoffe\/#primaryimage"},"image":{"@id":"https:\/\/www.lassalotti.com\/de\/produktmerkmale\/schaumstoffe\/#primaryimage"},"thumbnailUrl":"https:\/\/www.lassalotti.com\/wp-content\/uploads\/2013\/06\/divani-imbottiti-comfort.jpg","datePublished":"2013-06-20T10:08:06+00:00","dateModified":"2023-07-17T13:33:55+00:00","description":"Innovative, leistungsstarke und zertifizierte Materialien. W\u00e4hlen Sie die von Ihnen bevorzugte Polsterung zwischen Komfort, hoher Dichte oder Memory-Effekt. Innovative, leistungsstarke und zertifizierte Materialien. W\u00e4hlen Sie die von Ihnen bevorzugte Polsterung zwischen Komfort, hoher Dichte oder Memory-Effekt.","breadcrumb":{"@id":"https:\/\/www.lassalotti.com\/de\/produktmerkmale\/schaumstoffe\/#breadcrumb"},"inLanguage":"de","potentialAction":[{"@type":"ReadAction","target":["https:\/\/www.lassalotti.com\/de\/produktmerkmale\/schaumstoffe\/"]}]},{"@type":"ImageObject","inLanguage":"de","@id":"https:\/\/www.lassalotti.com\/de\/produktmerkmale\/schaumstoffe\/#primaryimage","url":"https:\/\/www.lassalotti.com\/wp-content\/uploads\/2013\/06\/divani-imbottiti-comfort.jpg","contentUrl":"https:\/\/www.lassalotti.com\/wp-content\/uploads\/2013\/06\/divani-imbottiti-comfort.jpg"},{"@type":"BreadcrumbList","@id":"https:\/\/www.lassalotti.com\/de\/produktmerkmale\/schaumstoffe\/#breadcrumb","itemListElement":[{"@type":"ListItem","position":1,"name":"Home","item":"https:\/\/www.lassalotti.com\/de\/home-page\/"},{"@type":"ListItem","position":2,"name":"Produktmerkmale","item":"https:\/\/www.lassalotti.com\/de\/produktmerkmale\/"},{"@type":"ListItem","position":3,"name":"Schaumstoffe"}]},{"@type":"WebSite","@id":"https:\/\/www.lassalotti.com\/de\/#website","url":"https:\/\/www.lassalotti.com\/de\/","name":"Las Salotti","description":"Divani in pelle","publisher":{"@id":"https:\/\/www.lassalotti.com\/de\/#organization"},"potentialAction":[{"@type":"SearchAction","target":{"@type":"EntryPoint","urlTemplate":"https:\/\/www.lassalotti.com\/de\/?s={search_term_string}"},"query-input":{"@type":"PropertyValueSpecification","valueRequired":true,"valueName":"search_term_string"}}],"inLanguage":"de"},{"@type":"Organization","@id":"https:\/\/www.lassalotti.com\/de\/#organization","name":"Las Salotti","url":"https:\/\/www.lassalotti.com\/de\/","logo":{"@type":"ImageObject","inLanguage":"de","@id":"https:\/\/www.lassalotti.com\/de\/#\/schema\/logo\/image\/","url":"https:\/\/www.lassalotti.com\/wp-content\/uploads\/2023\/02\/logo-las-h-1.png","contentUrl":"https:\/\/www.lassalotti.com\/wp-content\/uploads\/2023\/02\/logo-las-h-1.png","width":226,"height":60,"caption":"Las Salotti"},"image":{"@id":"https:\/\/www.lassalotti.com\/de\/#\/schema\/logo\/image\/"}}]}},"_links":{"self":[{"href":"https:\/\/www.lassalotti.com\/de\/wp-json\/wp\/v2\/pages\/8995","targetHints":{"allow":["GET"]}}],"collection":[{"href":"https:\/\/www.lassalotti.com\/de\/wp-json\/wp\/v2\/pages"}],"about":[{"href":"https:\/\/www.lassalotti.com\/de\/wp-json\/wp\/v2\/types\/page"}],"author":[{"embeddable":true,"href":"https:\/\/www.lassalotti.com\/de\/wp-json\/wp\/v2\/users\/10"}],"replies":[{"embeddable":true,"href":"https:\/\/www.lassalotti.com\/de\/wp-json\/wp\/v2\/comments?post=8995"}],"version-history":[{"count":2,"href":"https:\/\/www.lassalotti.com\/de\/wp-json\/wp\/v2\/pages\/8995\/revisions"}],"predecessor-version":[{"id":9664,"href":"https:\/\/www.lassalotti.com\/de\/wp-json\/wp\/v2\/pages\/8995\/revisions\/9664"}],"up":[{"embeddable":true,"href":"https:\/\/www.lassalotti.com\/de\/wp-json\/wp\/v2\/pages\/8991"}],"wp:attachment":[{"href":"https:\/\/www.lassalotti.com\/de\/wp-json\/wp\/v2\/media?parent=8995"}],"curies":[{"name":"wp","href":"https:\/\/api.w.org\/{rel}","templated":true}]}}