{"id":8993,"date":"2013-06-20T11:17:27","date_gmt":"2013-06-20T09:17:27","guid":{"rendered":"https:\/\/www.lassalotti.com\/produktmerkmale\/sofas\/"},"modified":"2023-07-17T15:22:29","modified_gmt":"2023-07-17T13:22:29","slug":"sofas","status":"publish","type":"page","link":"https:\/\/www.lassalotti.com\/de\/produktmerkmale\/sofas\/","title":{"rendered":"Sofas"},"content":{"rendered":"\t\t<div data-elementor-type=\"wp-page\" data-elementor-id=\"8993\" class=\"elementor elementor-8993 elementor-1001\" data-elementor-post-type=\"page\">\n\t\t\t\t<div class=\"elementor-element elementor-element-46c1568 e-flex e-con-boxed e-con e-parent\" data-id=\"46c1568\" data-element_type=\"container\">\n\t\t\t\t\t<div class=\"e-con-inner\">\n\t\t<div class=\"elementor-element elementor-element-884916c e-con-full e-flex e-con e-parent\" data-id=\"884916c\" data-element_type=\"container\">\n\t\t\t\t<div class=\"elementor-element elementor-element-4654b76 elementor-widget elementor-widget-image\" data-id=\"4654b76\" data-element_type=\"widget\" data-widget_type=\"image.default\">\n\t\t\t\t<div class=\"elementor-widget-container\">\n\t\t\t\t\t\t\t\t\t\t\t\t\t\t\t<img fetchpriority=\"high\" decoding=\"async\" width=\"600\" height=\"350\" src=\"https:\/\/www.lassalotti.com\/wp-content\/uploads\/2013\/06\/las-salotti-divani-tappezzeria.jpg\" class=\"attachment-full size-full wp-image-5628\" alt=\"\" srcset=\"https:\/\/www.lassalotti.com\/wp-content\/uploads\/2013\/06\/las-salotti-divani-tappezzeria.jpg 600w, https:\/\/www.lassalotti.com\/wp-content\/uploads\/2013\/06\/las-salotti-divani-tappezzeria-300x175.jpg 300w\" sizes=\"(max-width: 600px) 100vw, 600px\" \/>\t\t\t\t\t\t\t\t\t\t\t\t\t\t\t<\/div>\n\t\t\t\t<\/div>\n\t\t\t\t<\/div>\n\t\t<div class=\"elementor-element elementor-element-3620a7f e-con-full e-flex e-con e-parent\" data-id=\"3620a7f\" data-element_type=\"container\">\n\t\t\t\t<div class=\"elementor-element elementor-element-fb9db11 elementor-widget elementor-widget-heading\" data-id=\"fb9db11\" data-element_type=\"widget\" data-widget_type=\"heading.default\">\n\t\t\t\t<div class=\"elementor-widget-container\">\n\t\t\t\t\t<h3 class=\"elementor-heading-title elementor-size-default\">Polsterung<\/h3>\t\t\t\t<\/div>\n\t\t\t\t<\/div>\n\t\t\t\t<div class=\"elementor-element elementor-element-5a67bf2 elementor-widget elementor-widget-text-editor\" data-id=\"5a67bf2\" data-element_type=\"widget\" data-widget_type=\"text-editor.default\">\n\t\t\t\t<div class=\"elementor-widget-container\">\n\t\t\t\t\t\t\t\t\t<p>Die Referenzgerbereien geh\u00f6ren zu den gr\u00f6\u00dften Italiens und sind auf das Gerben von Leder und H\u00e4uten spezialisiert. Es wird nur Rohmaterial von h\u00f6chster Qualit\u00e4t verwendet, um Zuschnitte oder Einlagen von geeigneter Gr\u00f6\u00dfe f\u00fcr LAS-Artikel zu erhalten. Alle Leder durchlaufen einen mehrstufigen Qualit\u00e4tskontrollprozess, der die f\u00fcr ein Naturprodukt typischen Fehler minimiert.<\/p>\n\t\t\t\t\t\t\t\t<\/div>\n\t\t\t\t<\/div>\n\t\t\t\t<\/div>\n\t\t\t\t\t<\/div>\n\t\t\t\t<\/div>\n\t\t<div class=\"elementor-element elementor-element-d8e19f0 e-flex e-con-boxed e-con e-parent\" data-id=\"d8e19f0\" data-element_type=\"container\">\n\t\t\t\t\t<div class=\"e-con-inner\">\n\t\t<div class=\"elementor-element elementor-element-3e3e5d1 e-con-full e-flex e-con e-parent\" data-id=\"3e3e5d1\" data-element_type=\"container\">\n\t\t\t\t<div class=\"elementor-element elementor-element-737326a elementor-widget elementor-widget-image\" data-id=\"737326a\" data-element_type=\"widget\" data-widget_type=\"image.default\">\n\t\t\t\t<div class=\"elementor-widget-container\">\n\t\t\t\t\t\t\t\t\t\t\t\t\t\t\t<img decoding=\"async\" width=\"1200\" height=\"700\" src=\"https:\/\/www.lassalotti.com\/wp-content\/uploads\/2023\/04\/meccanismi.jpg\" class=\"attachment-full size-full wp-image-8228\" alt=\"\" srcset=\"https:\/\/www.lassalotti.com\/wp-content\/uploads\/2023\/04\/meccanismi.jpg 1200w, https:\/\/www.lassalotti.com\/wp-content\/uploads\/2023\/04\/meccanismi-300x175.jpg 300w, https:\/\/www.lassalotti.com\/wp-content\/uploads\/2023\/04\/meccanismi-1024x597.jpg 1024w, https:\/\/www.lassalotti.com\/wp-content\/uploads\/2023\/04\/meccanismi-768x448.jpg 768w\" sizes=\"(max-width: 1200px) 100vw, 1200px\" \/>\t\t\t\t\t\t\t\t\t\t\t\t\t\t\t<\/div>\n\t\t\t\t<\/div>\n\t\t\t\t<\/div>\n\t\t<div class=\"elementor-element elementor-element-fffe816 e-con-full e-flex e-con e-parent\" data-id=\"fffe816\" data-element_type=\"container\">\n\t\t\t\t<div class=\"elementor-element elementor-element-943bd63 elementor-widget elementor-widget-heading\" data-id=\"943bd63\" data-element_type=\"widget\" data-widget_type=\"heading.default\">\n\t\t\t\t<div class=\"elementor-widget-container\">\n\t\t\t\t\t<h3 class=\"elementor-heading-title elementor-size-default\">Mechanismen<\/h3>\t\t\t\t<\/div>\n\t\t\t\t<\/div>\n\t\t\t\t<div class=\"elementor-element elementor-element-c610d75 elementor-widget elementor-widget-text-editor\" data-id=\"c610d75\" data-element_type=\"widget\" data-widget_type=\"text-editor.default\">\n\t\t\t\t<div class=\"elementor-widget-container\">\n\t\t\t\t\t\t\t\t\t<p>LAS verwendet eine zuverl\u00e4ssige, effiziente und \u00e4u\u00dferst funktionelle Mechanik. Die Produkte werden strengen Best\u00e4ndigkeitstests unterzogen, die ihre Qualit\u00e4t und Haltbarkeit verbessern. Die Unternehmen, die mit LAS zusammenarbeiten, sind zertifiziert und stehen seit jeher an der Spitze der Forschung und Entwicklung neuer und marktgerechter L\u00f6sungen.<\/p>\n\t\t\t\t\t\t\t\t<\/div>\n\t\t\t\t<\/div>\n\t\t\t\t<\/div>\n\t\t\t\t\t<\/div>\n\t\t\t\t<\/div>\n\t\t<div class=\"elementor-element elementor-element-f3e4041 e-flex e-con-boxed e-con e-parent\" data-id=\"f3e4041\" data-element_type=\"container\">\n\t\t\t\t\t<div class=\"e-con-inner\">\n\t\t<div class=\"elementor-element elementor-element-77a0885 e-con-full e-flex e-con e-parent\" data-id=\"77a0885\" data-element_type=\"container\">\n\t\t\t\t<div class=\"elementor-element elementor-element-d7c6c34 elementor-widget elementor-widget-image\" data-id=\"d7c6c34\" data-element_type=\"widget\" data-widget_type=\"image.default\">\n\t\t\t\t<div class=\"elementor-widget-container\">\n\t\t\t\t\t\t\t\t\t\t\t\t\t\t\t<img decoding=\"async\" width=\"600\" height=\"350\" src=\"https:\/\/www.lassalotti.com\/wp-content\/uploads\/2013\/06\/las-salotti-divani-telaio.jpg\" class=\"attachment-full size-full wp-image-5620\" alt=\"\" srcset=\"https:\/\/www.lassalotti.com\/wp-content\/uploads\/2013\/06\/las-salotti-divani-telaio.jpg 600w, https:\/\/www.lassalotti.com\/wp-content\/uploads\/2013\/06\/las-salotti-divani-telaio-300x175.jpg 300w\" sizes=\"(max-width: 600px) 100vw, 600px\" \/>\t\t\t\t\t\t\t\t\t\t\t\t\t\t\t<\/div>\n\t\t\t\t<\/div>\n\t\t\t\t<\/div>\n\t\t<div class=\"elementor-element elementor-element-ff753eb e-con-full e-flex e-con e-parent\" data-id=\"ff753eb\" data-element_type=\"container\">\n\t\t\t\t<div class=\"elementor-element elementor-element-51857af elementor-widget elementor-widget-heading\" data-id=\"51857af\" data-element_type=\"widget\" data-widget_type=\"heading.default\">\n\t\t\t\t<div class=\"elementor-widget-container\">\n\t\t\t\t\t<h3 class=\"elementor-heading-title elementor-size-default\">rahmen<\/h3>\t\t\t\t<\/div>\n\t\t\t\t<\/div>\n\t\t\t\t<div class=\"elementor-element elementor-element-f29102b elementor-widget elementor-widget-text-editor\" data-id=\"f29102b\" data-element_type=\"widget\" data-widget_type=\"text-editor.default\">\n\t\t\t\t<div class=\"elementor-widget-container\">\n\t\t\t\t\t\t\t\t\t<p>Die tragenden Elemente sind aus Massivholz in verschiedenen St\u00e4rken gefertigt. Die Schale besteht aus Sperrholz und Agglomeraten, w\u00e4hrend die F\u00fcllungsteile aus Rohfasern hergestellt sind. Alle f\u00fcr die Schale verwendeten Materialien haben eine niedrige Formaldehyd-Emission und sind daher der Klasse E1 zugeordnet. F\u00fcr mehr Elastizit\u00e4t und Komfort sind die Sofas mit 80 mm breiten Riemen aus einem speziellen elastischen Material ausgestattet. Diese werden mechanisch in einem Abstand von 2 cm zueinander angebracht.<\/p>\n\t\t\t\t\t\t\t\t<\/div>\n\t\t\t\t<\/div>\n\t\t\t\t<\/div>\n\t\t\t\t\t<\/div>\n\t\t\t\t<\/div>\n\t\t<div class=\"elementor-element elementor-element-a1f143b e-flex e-con-boxed e-con e-parent\" data-id=\"a1f143b\" data-element_type=\"container\">\n\t\t\t\t\t<div class=\"e-con-inner\">\n\t\t<div class=\"elementor-element elementor-element-d8cbaff e-con-full e-flex e-con e-parent\" data-id=\"d8cbaff\" data-element_type=\"container\">\n\t\t\t\t<div class=\"elementor-element elementor-element-2916bbc elementor-widget elementor-widget-image\" data-id=\"2916bbc\" data-element_type=\"widget\" data-widget_type=\"image.default\">\n\t\t\t\t<div class=\"elementor-widget-container\">\n\t\t\t\t\t\t\t\t\t\t\t\t\t\t\t<img loading=\"lazy\" decoding=\"async\" width=\"1200\" height=\"700\" src=\"https:\/\/www.lassalotti.com\/wp-content\/uploads\/2023\/04\/cuciture.jpg\" class=\"attachment-full size-full wp-image-8223\" alt=\"\" srcset=\"https:\/\/www.lassalotti.com\/wp-content\/uploads\/2023\/04\/cuciture.jpg 1200w, https:\/\/www.lassalotti.com\/wp-content\/uploads\/2023\/04\/cuciture-300x175.jpg 300w, https:\/\/www.lassalotti.com\/wp-content\/uploads\/2023\/04\/cuciture-1024x597.jpg 1024w, https:\/\/www.lassalotti.com\/wp-content\/uploads\/2023\/04\/cuciture-768x448.jpg 768w\" sizes=\"(max-width: 1200px) 100vw, 1200px\" \/>\t\t\t\t\t\t\t\t\t\t\t\t\t\t\t<\/div>\n\t\t\t\t<\/div>\n\t\t\t\t<\/div>\n\t\t<div class=\"elementor-element elementor-element-2e2c89b e-con-full e-flex e-con e-parent\" data-id=\"2e2c89b\" data-element_type=\"container\">\n\t\t\t\t<div class=\"elementor-element elementor-element-3400446 elementor-widget elementor-widget-heading\" data-id=\"3400446\" data-element_type=\"widget\" data-widget_type=\"heading.default\">\n\t\t\t\t<div class=\"elementor-widget-container\">\n\t\t\t\t\t<h3 class=\"elementor-heading-title elementor-size-default\">N\u00e4hte<\/h3>\t\t\t\t<\/div>\n\t\t\t\t<\/div>\n\t\t\t\t<div class=\"elementor-element elementor-element-12e5a81 elementor-widget elementor-widget-text-editor\" data-id=\"12e5a81\" data-element_type=\"widget\" data-widget_type=\"text-editor.default\">\n\t\t\t\t<div class=\"elementor-widget-container\">\n\t\t\t\t\t\t\t\t\t<p>Die N\u00e4hte (der Ledersofas) werden von Fachleuten ausgef\u00fchrt, die mit Hilfe modernster Ger\u00e4te in der Lage sind, ein handgefertigtes Produkt mit Liebe zum Detail anzubieten. Der Kunde hat die M\u00f6glichkeit, sein Sofa individuell zu gestalten, indem er zwischen verschiedenen Fadentypen, sowohl im Farbton als auch im Kontrast zur Polsterung, w\u00e4hlen kann. Um die Auswahl zu erleichtern, stellt LAS seinen Kunden eine Ausstellung mit allen Varianten und Farben des Garns zur Verf\u00fcgung, die mit denen des Leders abgestimmt werden k\u00f6nnen.<\/p>\n\t\t\t\t\t\t\t\t<\/div>\n\t\t\t\t<\/div>\n\t\t\t\t<\/div>\n\t\t\t\t\t<\/div>\n\t\t\t\t<\/div>\n\t\t\t\t<\/div>\n\t\t","protected":false},"excerpt":{"rendered":"<p>Polsterung Die Referenzgerbereien geh\u00f6ren zu den gr\u00f6\u00dften Italiens und sind auf das Gerben von Leder und H\u00e4uten spezialisiert. Es wird nur Rohmaterial von h\u00f6chster Qualit\u00e4t verwendet, um Zuschnitte oder Einlagen von geeigneter Gr\u00f6\u00dfe f\u00fcr LAS-Artikel zu erhalten. Alle Leder durchlaufen einen mehrstufigen Qualit\u00e4tskontrollprozess, der die f\u00fcr ein Naturprodukt typischen Fehler minimiert. Mechanismen LAS verwendet eine [&hellip;]<\/p>\n","protected":false},"author":10,"featured_media":0,"parent":8991,"menu_order":4,"comment_status":"closed","ping_status":"closed","template":"","meta":{"_acf_changed":false,"footnotes":""},"class_list":["post-8993","page","type-page","status-publish","hentry"],"blocksy_meta":[],"acf":[],"yoast_head":"<!-- This site is optimized with the Yoast SEO plugin v25.7 - https:\/\/yoast.com\/wordpress\/plugins\/seo\/ -->\n<title>Sofas - Las Salotti<\/title>\n<meta name=\"description\" content=\"Moderne Linien verbinden sich mit sorgf\u00e4ltig ausgew\u00e4hlten Materialien und handgefertigten Details. Entdecken Sie die Eigenschaften unserer Sofas. Moderne Linien verbinden sich mit sorgf\u00e4ltig ausgew\u00e4hlten Materialien und handgefertigten Details. Entdecken Sie die Eigenschaften unserer Sofas.\" \/>\n<meta name=\"robots\" content=\"index, follow, max-snippet:-1, max-image-preview:large, max-video-preview:-1\" \/>\n<link rel=\"canonical\" href=\"https:\/\/www.lassalotti.com\/de\/produktmerkmale\/sofas\/\" \/>\n<meta property=\"og:locale\" content=\"de_DE\" \/>\n<meta property=\"og:type\" content=\"article\" \/>\n<meta property=\"og:title\" content=\"Sofas - Las Salotti\" \/>\n<meta property=\"og:description\" content=\"Moderne Linien verbinden sich mit sorgf\u00e4ltig ausgew\u00e4hlten Materialien und handgefertigten Details. Entdecken Sie die Eigenschaften unserer Sofas. Moderne Linien verbinden sich mit sorgf\u00e4ltig ausgew\u00e4hlten Materialien und handgefertigten Details. Entdecken Sie die Eigenschaften unserer Sofas.\" \/>\n<meta property=\"og:url\" content=\"https:\/\/www.lassalotti.com\/de\/produktmerkmale\/sofas\/\" \/>\n<meta property=\"og:site_name\" content=\"Las Salotti\" \/>\n<meta property=\"article:modified_time\" content=\"2023-07-17T13:22:29+00:00\" \/>\n<meta property=\"og:image\" content=\"https:\/\/www.lassalotti.com\/wp-content\/uploads\/2013\/06\/las-salotti-divani-tappezzeria.jpg\" \/>\n<meta name=\"twitter:card\" content=\"summary_large_image\" \/>\n<meta name=\"twitter:label1\" content=\"Gesch\u00e4tzte Lesezeit\" \/>\n\t<meta name=\"twitter:data1\" content=\"1\u00a0Minute\" \/>\n<script type=\"application\/ld+json\" class=\"yoast-schema-graph\">{\"@context\":\"https:\/\/schema.org\",\"@graph\":[{\"@type\":\"WebPage\",\"@id\":\"https:\/\/www.lassalotti.com\/de\/produktmerkmale\/sofas\/\",\"url\":\"https:\/\/www.lassalotti.com\/de\/produktmerkmale\/sofas\/\",\"name\":\"Sofas - Las Salotti\",\"isPartOf\":{\"@id\":\"https:\/\/www.lassalotti.com\/de\/#website\"},\"primaryImageOfPage\":{\"@id\":\"https:\/\/www.lassalotti.com\/de\/produktmerkmale\/sofas\/#primaryimage\"},\"image\":{\"@id\":\"https:\/\/www.lassalotti.com\/de\/produktmerkmale\/sofas\/#primaryimage\"},\"thumbnailUrl\":\"https:\/\/www.lassalotti.com\/wp-content\/uploads\/2013\/06\/las-salotti-divani-tappezzeria.jpg\",\"datePublished\":\"2013-06-20T09:17:27+00:00\",\"dateModified\":\"2023-07-17T13:22:29+00:00\",\"description\":\"Moderne Linien verbinden sich mit sorgf\u00e4ltig ausgew\u00e4hlten Materialien und handgefertigten Details. Entdecken Sie die Eigenschaften unserer Sofas. Moderne Linien verbinden sich mit sorgf\u00e4ltig ausgew\u00e4hlten Materialien und handgefertigten Details. Entdecken Sie die Eigenschaften unserer Sofas.\",\"breadcrumb\":{\"@id\":\"https:\/\/www.lassalotti.com\/de\/produktmerkmale\/sofas\/#breadcrumb\"},\"inLanguage\":\"de\",\"potentialAction\":[{\"@type\":\"ReadAction\",\"target\":[\"https:\/\/www.lassalotti.com\/de\/produktmerkmale\/sofas\/\"]}]},{\"@type\":\"ImageObject\",\"inLanguage\":\"de\",\"@id\":\"https:\/\/www.lassalotti.com\/de\/produktmerkmale\/sofas\/#primaryimage\",\"url\":\"https:\/\/www.lassalotti.com\/wp-content\/uploads\/2013\/06\/las-salotti-divani-tappezzeria.jpg\",\"contentUrl\":\"https:\/\/www.lassalotti.com\/wp-content\/uploads\/2013\/06\/las-salotti-divani-tappezzeria.jpg\"},{\"@type\":\"BreadcrumbList\",\"@id\":\"https:\/\/www.lassalotti.com\/de\/produktmerkmale\/sofas\/#breadcrumb\",\"itemListElement\":[{\"@type\":\"ListItem\",\"position\":1,\"name\":\"Home\",\"item\":\"https:\/\/www.lassalotti.com\/de\/home-page\/\"},{\"@type\":\"ListItem\",\"position\":2,\"name\":\"Produktmerkmale\",\"item\":\"https:\/\/www.lassalotti.com\/de\/produktmerkmale\/\"},{\"@type\":\"ListItem\",\"position\":3,\"name\":\"Sofas\"}]},{\"@type\":\"WebSite\",\"@id\":\"https:\/\/www.lassalotti.com\/de\/#website\",\"url\":\"https:\/\/www.lassalotti.com\/de\/\",\"name\":\"Las Salotti\",\"description\":\"Divani in pelle\",\"publisher\":{\"@id\":\"https:\/\/www.lassalotti.com\/de\/#organization\"},\"potentialAction\":[{\"@type\":\"SearchAction\",\"target\":{\"@type\":\"EntryPoint\",\"urlTemplate\":\"https:\/\/www.lassalotti.com\/de\/?s={search_term_string}\"},\"query-input\":{\"@type\":\"PropertyValueSpecification\",\"valueRequired\":true,\"valueName\":\"search_term_string\"}}],\"inLanguage\":\"de\"},{\"@type\":\"Organization\",\"@id\":\"https:\/\/www.lassalotti.com\/de\/#organization\",\"name\":\"Las Salotti\",\"url\":\"https:\/\/www.lassalotti.com\/de\/\",\"logo\":{\"@type\":\"ImageObject\",\"inLanguage\":\"de\",\"@id\":\"https:\/\/www.lassalotti.com\/de\/#\/schema\/logo\/image\/\",\"url\":\"https:\/\/www.lassalotti.com\/wp-content\/uploads\/2023\/02\/logo-las-h-1.png\",\"contentUrl\":\"https:\/\/www.lassalotti.com\/wp-content\/uploads\/2023\/02\/logo-las-h-1.png\",\"width\":226,\"height\":60,\"caption\":\"Las Salotti\"},\"image\":{\"@id\":\"https:\/\/www.lassalotti.com\/de\/#\/schema\/logo\/image\/\"}}]}<\/script>\n<!-- \/ Yoast SEO plugin. -->","yoast_head_json":{"title":"Sofas - Las Salotti","description":"Moderne Linien verbinden sich mit sorgf\u00e4ltig ausgew\u00e4hlten Materialien und handgefertigten Details. Entdecken Sie die Eigenschaften unserer Sofas. Moderne Linien verbinden sich mit sorgf\u00e4ltig ausgew\u00e4hlten Materialien und handgefertigten Details. Entdecken Sie die Eigenschaften unserer Sofas.","robots":{"index":"index","follow":"follow","max-snippet":"max-snippet:-1","max-image-preview":"max-image-preview:large","max-video-preview":"max-video-preview:-1"},"canonical":"https:\/\/www.lassalotti.com\/de\/produktmerkmale\/sofas\/","og_locale":"de_DE","og_type":"article","og_title":"Sofas - Las Salotti","og_description":"Moderne Linien verbinden sich mit sorgf\u00e4ltig ausgew\u00e4hlten Materialien und handgefertigten Details. Entdecken Sie die Eigenschaften unserer Sofas. Moderne Linien verbinden sich mit sorgf\u00e4ltig ausgew\u00e4hlten Materialien und handgefertigten Details. Entdecken Sie die Eigenschaften unserer Sofas.","og_url":"https:\/\/www.lassalotti.com\/de\/produktmerkmale\/sofas\/","og_site_name":"Las Salotti","article_modified_time":"2023-07-17T13:22:29+00:00","og_image":[{"url":"https:\/\/www.lassalotti.com\/wp-content\/uploads\/2013\/06\/las-salotti-divani-tappezzeria.jpg","type":"","width":"","height":""}],"twitter_card":"summary_large_image","twitter_misc":{"Gesch\u00e4tzte Lesezeit":"1\u00a0Minute"},"schema":{"@context":"https:\/\/schema.org","@graph":[{"@type":"WebPage","@id":"https:\/\/www.lassalotti.com\/de\/produktmerkmale\/sofas\/","url":"https:\/\/www.lassalotti.com\/de\/produktmerkmale\/sofas\/","name":"Sofas - Las Salotti","isPartOf":{"@id":"https:\/\/www.lassalotti.com\/de\/#website"},"primaryImageOfPage":{"@id":"https:\/\/www.lassalotti.com\/de\/produktmerkmale\/sofas\/#primaryimage"},"image":{"@id":"https:\/\/www.lassalotti.com\/de\/produktmerkmale\/sofas\/#primaryimage"},"thumbnailUrl":"https:\/\/www.lassalotti.com\/wp-content\/uploads\/2013\/06\/las-salotti-divani-tappezzeria.jpg","datePublished":"2013-06-20T09:17:27+00:00","dateModified":"2023-07-17T13:22:29+00:00","description":"Moderne Linien verbinden sich mit sorgf\u00e4ltig ausgew\u00e4hlten Materialien und handgefertigten Details. Entdecken Sie die Eigenschaften unserer Sofas. Moderne Linien verbinden sich mit sorgf\u00e4ltig ausgew\u00e4hlten Materialien und handgefertigten Details. Entdecken Sie die Eigenschaften unserer Sofas.","breadcrumb":{"@id":"https:\/\/www.lassalotti.com\/de\/produktmerkmale\/sofas\/#breadcrumb"},"inLanguage":"de","potentialAction":[{"@type":"ReadAction","target":["https:\/\/www.lassalotti.com\/de\/produktmerkmale\/sofas\/"]}]},{"@type":"ImageObject","inLanguage":"de","@id":"https:\/\/www.lassalotti.com\/de\/produktmerkmale\/sofas\/#primaryimage","url":"https:\/\/www.lassalotti.com\/wp-content\/uploads\/2013\/06\/las-salotti-divani-tappezzeria.jpg","contentUrl":"https:\/\/www.lassalotti.com\/wp-content\/uploads\/2013\/06\/las-salotti-divani-tappezzeria.jpg"},{"@type":"BreadcrumbList","@id":"https:\/\/www.lassalotti.com\/de\/produktmerkmale\/sofas\/#breadcrumb","itemListElement":[{"@type":"ListItem","position":1,"name":"Home","item":"https:\/\/www.lassalotti.com\/de\/home-page\/"},{"@type":"ListItem","position":2,"name":"Produktmerkmale","item":"https:\/\/www.lassalotti.com\/de\/produktmerkmale\/"},{"@type":"ListItem","position":3,"name":"Sofas"}]},{"@type":"WebSite","@id":"https:\/\/www.lassalotti.com\/de\/#website","url":"https:\/\/www.lassalotti.com\/de\/","name":"Las Salotti","description":"Divani in pelle","publisher":{"@id":"https:\/\/www.lassalotti.com\/de\/#organization"},"potentialAction":[{"@type":"SearchAction","target":{"@type":"EntryPoint","urlTemplate":"https:\/\/www.lassalotti.com\/de\/?s={search_term_string}"},"query-input":{"@type":"PropertyValueSpecification","valueRequired":true,"valueName":"search_term_string"}}],"inLanguage":"de"},{"@type":"Organization","@id":"https:\/\/www.lassalotti.com\/de\/#organization","name":"Las Salotti","url":"https:\/\/www.lassalotti.com\/de\/","logo":{"@type":"ImageObject","inLanguage":"de","@id":"https:\/\/www.lassalotti.com\/de\/#\/schema\/logo\/image\/","url":"https:\/\/www.lassalotti.com\/wp-content\/uploads\/2023\/02\/logo-las-h-1.png","contentUrl":"https:\/\/www.lassalotti.com\/wp-content\/uploads\/2023\/02\/logo-las-h-1.png","width":226,"height":60,"caption":"Las Salotti"},"image":{"@id":"https:\/\/www.lassalotti.com\/de\/#\/schema\/logo\/image\/"}}]}},"_links":{"self":[{"href":"https:\/\/www.lassalotti.com\/de\/wp-json\/wp\/v2\/pages\/8993","targetHints":{"allow":["GET"]}}],"collection":[{"href":"https:\/\/www.lassalotti.com\/de\/wp-json\/wp\/v2\/pages"}],"about":[{"href":"https:\/\/www.lassalotti.com\/de\/wp-json\/wp\/v2\/types\/page"}],"author":[{"embeddable":true,"href":"https:\/\/www.lassalotti.com\/de\/wp-json\/wp\/v2\/users\/10"}],"replies":[{"embeddable":true,"href":"https:\/\/www.lassalotti.com\/de\/wp-json\/wp\/v2\/comments?post=8993"}],"version-history":[{"count":2,"href":"https:\/\/www.lassalotti.com\/de\/wp-json\/wp\/v2\/pages\/8993\/revisions"}],"predecessor-version":[{"id":9662,"href":"https:\/\/www.lassalotti.com\/de\/wp-json\/wp\/v2\/pages\/8993\/revisions\/9662"}],"up":[{"embeddable":true,"href":"https:\/\/www.lassalotti.com\/de\/wp-json\/wp\/v2\/pages\/8991"}],"wp:attachment":[{"href":"https:\/\/www.lassalotti.com\/de\/wp-json\/wp\/v2\/media?parent=8993"}],"curies":[{"name":"wp","href":"https:\/\/api.w.org\/{rel}","templated":true}]}}