{"id":8987,"date":"2013-03-23T13:05:14","date_gmt":"2013-03-23T12:05:14","guid":{"rendered":"https:\/\/www.lassalotti.com\/uber-uns\/"},"modified":"2023-06-13T11:43:51","modified_gmt":"2023-06-13T09:43:51","slug":"uber-uns","status":"publish","type":"page","link":"https:\/\/www.lassalotti.com\/de\/uber-uns\/","title":{"rendered":"\u00dcber uns"},"content":{"rendered":"\t\t<div data-elementor-type=\"wp-page\" data-elementor-id=\"8987\" class=\"elementor elementor-8987 elementor-20\" data-elementor-post-type=\"page\">\n\t\t\t\t<div class=\"elementor-element elementor-element-c6d7eb0 e-flex e-con-boxed e-con e-parent\" data-id=\"c6d7eb0\" data-element_type=\"container\" data-settings=\"{&quot;background_background&quot;:&quot;classic&quot;}\">\n\t\t\t\t\t<div class=\"e-con-inner\">\n\t\t<div class=\"elementor-element elementor-element-383a3ba e-con-full e-flex e-con e-parent\" data-id=\"383a3ba\" data-element_type=\"container\">\n\t\t\t\t<div class=\"elementor-element elementor-element-9eeab91 elementor-widget elementor-widget-text-editor\" data-id=\"9eeab91\" data-element_type=\"widget\" data-widget_type=\"text-editor.default\">\n\t\t\t\t<div class=\"elementor-widget-container\">\n\t\t\t\t\t\t\t\t\t<p>LAS Salotti wurde 1976 gegr\u00fcndet und repr\u00e4sentiert auf europ\u00e4ischer Ebene ein Unternehmen, das in der Lage ist, <strong>Trends in der Herstellung von Polstersofas zu setzen.<\/strong><\/p>\n<p>Im Einklang mit allem, was Mode, Stil und Zeitgeist ist, stellt jedes LAS-Sofa die perfekte Kombination aus <strong>\u00c4sthetik und Qualit\u00e4t dar<\/strong>.<\/p>\n<p>Moderne Linien verbinden sich mit s<strong>orgf\u00e4ltig ausgew\u00e4hlten Materialien und handgefertigten Details.<\/strong><\/p>\n<p>Keine industrielle Produktion, keine Kompromisse, um all jenen, die sich f\u00fcr die Marke LAS Salotti entscheiden, Komfort <strong>MADE IN ITALY<\/strong> zu bieten.<\/p>\n\t\t\t\t\t\t\t\t<\/div>\n\t\t\t\t<\/div>\n\t\t\t\t<\/div>\n\t\t\t\t\t<\/div>\n\t\t\t\t<\/div>\n\t\t<div class=\"elementor-element elementor-element-f987a6d e-flex e-con-boxed e-con e-parent\" data-id=\"f987a6d\" data-element_type=\"container\" data-settings=\"{&quot;background_background&quot;:&quot;classic&quot;}\">\n\t\t\t\t\t<div class=\"e-con-inner\">\n\t\t<div class=\"elementor-element elementor-element-cfeddb5 e-con-full e-flex e-con e-parent\" data-id=\"cfeddb5\" data-element_type=\"container\" data-settings=\"{&quot;background_background&quot;:&quot;classic&quot;}\">\n\t\t\t\t<div class=\"elementor-element elementor-element-e44a26c elementor-widget elementor-widget-heading\" data-id=\"e44a26c\" data-element_type=\"widget\" data-widget_type=\"heading.default\">\n\t\t\t\t<div class=\"elementor-widget-container\">\n\t\t\t\t\t<h3 class=\"elementor-heading-title elementor-size-default\">Made in Italy: Kreativit\u00e4t, Qualit\u00e4t und Technologie auf einen Nenner gebracht Handwerkliches K\u00f6nnen und Liebe zum Detail<\/h3>\t\t\t\t<\/div>\n\t\t\t\t<\/div>\n\t\t\t\t<\/div>\n\t\t\t\t\t<\/div>\n\t\t\t\t<\/div>\n\t\t<div class=\"elementor-element elementor-element-9418671 elementor-hidden-desktop elementor-hidden-tablet elementor-hidden-mobile e-flex e-con-boxed e-con e-parent\" data-id=\"9418671\" data-element_type=\"container\" data-settings=\"{&quot;background_background&quot;:&quot;classic&quot;}\">\n\t\t\t\t\t<div class=\"e-con-inner\">\n\t\t<div class=\"elementor-element elementor-element-2a16b4a e-con-full e-flex e-con e-parent\" data-id=\"2a16b4a\" data-element_type=\"container\" data-settings=\"{&quot;background_background&quot;:&quot;classic&quot;}\">\n\t\t\t\t<div class=\"elementor-element elementor-element-6a7183a elementor-widget elementor-widget-heading\" data-id=\"6a7183a\" data-element_type=\"widget\" data-widget_type=\"heading.default\">\n\t\t\t\t<div class=\"elementor-widget-container\">\n\t\t\t\t\t<h3 class=\"elementor-heading-title elementor-size-default\">Artigianalit\u00e0 e attenzione ai dettagli<\/h3>\t\t\t\t<\/div>\n\t\t\t\t<\/div>\n\t\t\t\t<\/div>\n\t\t\t\t\t<\/div>\n\t\t\t\t<\/div>\n\t\t<div class=\"elementor-element elementor-element-8dc516c e-flex e-con-boxed e-con e-parent\" data-id=\"8dc516c\" data-element_type=\"container\" data-settings=\"{&quot;background_background&quot;:&quot;classic&quot;}\">\n\t\t\t\t\t<div class=\"e-con-inner\">\n\t\t<div class=\"elementor-element elementor-element-1776513 e-con-full e-flex e-con e-parent\" data-id=\"1776513\" data-element_type=\"container\" data-settings=\"{&quot;background_background&quot;:&quot;classic&quot;}\">\n\t\t\t\t<div class=\"elementor-element elementor-element-fb9740c elementor-widget elementor-widget-heading\" data-id=\"fb9740c\" data-element_type=\"widget\" data-widget_type=\"heading.default\">\n\t\t\t\t<div class=\"elementor-widget-container\">\n\t\t\t\t\t<h3 class=\"elementor-heading-title elementor-size-default\">Ein Produktionsprozess, der auf Flexibilit\u00e4t und Qualit\u00e4t basiert<\/h3>\t\t\t\t<\/div>\n\t\t\t\t<\/div>\n\t\t\t\t<\/div>\n\t\t\t\t\t<\/div>\n\t\t\t\t<\/div>\n\t\t<div class=\"elementor-element elementor-element-052db82 e-flex e-con-boxed e-con e-parent\" data-id=\"052db82\" data-element_type=\"container\" data-settings=\"{&quot;background_background&quot;:&quot;classic&quot;}\">\n\t\t\t\t\t<div class=\"e-con-inner\">\n\t\t<div class=\"elementor-element elementor-element-51e22bf e-con-full e-flex e-con e-parent\" data-id=\"51e22bf\" data-element_type=\"container\" data-settings=\"{&quot;background_background&quot;:&quot;classic&quot;}\">\n\t\t\t\t<div class=\"elementor-element elementor-element-03c94aa elementor-widget elementor-widget-heading\" data-id=\"03c94aa\" data-element_type=\"widget\" data-widget_type=\"heading.default\">\n\t\t\t\t<div class=\"elementor-widget-container\">\n\t\t\t\t\t<h3 class=\"elementor-heading-title elementor-size-default\">Effiziente und funktionelle Mechanik f\u00fcr perfekte Haltbarkeit<\/h3>\t\t\t\t<\/div>\n\t\t\t\t<\/div>\n\t\t\t\t<\/div>\n\t\t\t\t\t<\/div>\n\t\t\t\t<\/div>\n\t\t\t\t<\/div>\n\t\t","protected":false},"excerpt":{"rendered":"<p>LAS Salotti wurde 1976 gegr\u00fcndet und repr\u00e4sentiert auf europ\u00e4ischer Ebene ein Unternehmen, das in der Lage ist, Trends in der Herstellung von Polstersofas zu setzen. Im Einklang mit allem, was Mode, Stil und Zeitgeist ist, stellt jedes LAS-Sofa die perfekte Kombination aus \u00c4sthetik und Qualit\u00e4t dar. Moderne Linien verbinden sich mit sorgf\u00e4ltig ausgew\u00e4hlten Materialien und [&hellip;]<\/p>\n","protected":false},"author":8,"featured_media":0,"parent":0,"menu_order":3,"comment_status":"closed","ping_status":"closed","template":"","meta":{"_acf_changed":false,"footnotes":""},"class_list":["post-8987","page","type-page","status-publish","hentry"],"blocksy_meta":{"styles_descriptor":{"styles":{"desktop":"","tablet":"","mobile":""},"google_fonts":[],"version":6}},"acf":[],"yoast_head":"<!-- This site is optimized with the Yoast SEO plugin v25.7 - https:\/\/yoast.com\/wordpress\/plugins\/seo\/ -->\n<title>\u00dcber uns - Las Salotti<\/title>\n<meta name=\"description\" content=\"LAS Salotti wurde 1976 gegr\u00fcndet und repr\u00e4sentiert auf europ\u00e4ischer Ebene ein Unternehmen, das in der Lage ist, Trends in der Herstellung von Polstersofas zu setzen.\" \/>\n<meta name=\"robots\" content=\"index, follow, max-snippet:-1, max-image-preview:large, max-video-preview:-1\" \/>\n<link rel=\"canonical\" href=\"https:\/\/www.lassalotti.com\/de\/uber-uns\/\" \/>\n<meta property=\"og:locale\" content=\"de_DE\" \/>\n<meta property=\"og:type\" content=\"article\" \/>\n<meta property=\"og:title\" content=\"\u00dcber uns - Las Salotti\" \/>\n<meta property=\"og:description\" content=\"LAS Salotti wurde 1976 gegr\u00fcndet und repr\u00e4sentiert auf europ\u00e4ischer Ebene ein Unternehmen, das in der Lage ist, Trends in der Herstellung von Polstersofas zu setzen.\" \/>\n<meta property=\"og:url\" content=\"https:\/\/www.lassalotti.com\/de\/uber-uns\/\" \/>\n<meta property=\"og:site_name\" content=\"Las Salotti\" \/>\n<meta property=\"article:modified_time\" content=\"2023-06-13T09:43:51+00:00\" \/>\n<meta name=\"twitter:card\" content=\"summary_large_image\" \/>\n<meta name=\"twitter:label1\" content=\"Gesch\u00e4tzte Lesezeit\" \/>\n\t<meta name=\"twitter:data1\" content=\"1\u00a0Minute\" \/>\n<script type=\"application\/ld+json\" class=\"yoast-schema-graph\">{\"@context\":\"https:\/\/schema.org\",\"@graph\":[{\"@type\":\"WebPage\",\"@id\":\"https:\/\/www.lassalotti.com\/de\/uber-uns\/\",\"url\":\"https:\/\/www.lassalotti.com\/de\/uber-uns\/\",\"name\":\"\u00dcber uns - Las Salotti\",\"isPartOf\":{\"@id\":\"https:\/\/www.lassalotti.com\/de\/#website\"},\"datePublished\":\"2013-03-23T12:05:14+00:00\",\"dateModified\":\"2023-06-13T09:43:51+00:00\",\"description\":\"LAS Salotti wurde 1976 gegr\u00fcndet und repr\u00e4sentiert auf europ\u00e4ischer Ebene ein Unternehmen, das in der Lage ist, Trends in der Herstellung von Polstersofas zu setzen.\",\"breadcrumb\":{\"@id\":\"https:\/\/www.lassalotti.com\/de\/uber-uns\/#breadcrumb\"},\"inLanguage\":\"de\",\"potentialAction\":[{\"@type\":\"ReadAction\",\"target\":[\"https:\/\/www.lassalotti.com\/de\/uber-uns\/\"]}]},{\"@type\":\"BreadcrumbList\",\"@id\":\"https:\/\/www.lassalotti.com\/de\/uber-uns\/#breadcrumb\",\"itemListElement\":[{\"@type\":\"ListItem\",\"position\":1,\"name\":\"Home\",\"item\":\"https:\/\/www.lassalotti.com\/de\/home-page\/\"},{\"@type\":\"ListItem\",\"position\":2,\"name\":\"\u00dcber uns\"}]},{\"@type\":\"WebSite\",\"@id\":\"https:\/\/www.lassalotti.com\/de\/#website\",\"url\":\"https:\/\/www.lassalotti.com\/de\/\",\"name\":\"Las Salotti\",\"description\":\"Divani in pelle\",\"publisher\":{\"@id\":\"https:\/\/www.lassalotti.com\/de\/#organization\"},\"potentialAction\":[{\"@type\":\"SearchAction\",\"target\":{\"@type\":\"EntryPoint\",\"urlTemplate\":\"https:\/\/www.lassalotti.com\/de\/?s={search_term_string}\"},\"query-input\":{\"@type\":\"PropertyValueSpecification\",\"valueRequired\":true,\"valueName\":\"search_term_string\"}}],\"inLanguage\":\"de\"},{\"@type\":\"Organization\",\"@id\":\"https:\/\/www.lassalotti.com\/de\/#organization\",\"name\":\"Las Salotti\",\"url\":\"https:\/\/www.lassalotti.com\/de\/\",\"logo\":{\"@type\":\"ImageObject\",\"inLanguage\":\"de\",\"@id\":\"https:\/\/www.lassalotti.com\/de\/#\/schema\/logo\/image\/\",\"url\":\"https:\/\/www.lassalotti.com\/wp-content\/uploads\/2023\/02\/logo-las-h-1.png\",\"contentUrl\":\"https:\/\/www.lassalotti.com\/wp-content\/uploads\/2023\/02\/logo-las-h-1.png\",\"width\":226,\"height\":60,\"caption\":\"Las Salotti\"},\"image\":{\"@id\":\"https:\/\/www.lassalotti.com\/de\/#\/schema\/logo\/image\/\"}}]}<\/script>\n<!-- \/ Yoast SEO plugin. -->","yoast_head_json":{"title":"\u00dcber uns - Las Salotti","description":"LAS Salotti wurde 1976 gegr\u00fcndet und repr\u00e4sentiert auf europ\u00e4ischer Ebene ein Unternehmen, das in der Lage ist, Trends in der Herstellung von Polstersofas zu setzen.","robots":{"index":"index","follow":"follow","max-snippet":"max-snippet:-1","max-image-preview":"max-image-preview:large","max-video-preview":"max-video-preview:-1"},"canonical":"https:\/\/www.lassalotti.com\/de\/uber-uns\/","og_locale":"de_DE","og_type":"article","og_title":"\u00dcber uns - Las Salotti","og_description":"LAS Salotti wurde 1976 gegr\u00fcndet und repr\u00e4sentiert auf europ\u00e4ischer Ebene ein Unternehmen, das in der Lage ist, Trends in der Herstellung von Polstersofas zu setzen.","og_url":"https:\/\/www.lassalotti.com\/de\/uber-uns\/","og_site_name":"Las Salotti","article_modified_time":"2023-06-13T09:43:51+00:00","twitter_card":"summary_large_image","twitter_misc":{"Gesch\u00e4tzte Lesezeit":"1\u00a0Minute"},"schema":{"@context":"https:\/\/schema.org","@graph":[{"@type":"WebPage","@id":"https:\/\/www.lassalotti.com\/de\/uber-uns\/","url":"https:\/\/www.lassalotti.com\/de\/uber-uns\/","name":"\u00dcber uns - Las Salotti","isPartOf":{"@id":"https:\/\/www.lassalotti.com\/de\/#website"},"datePublished":"2013-03-23T12:05:14+00:00","dateModified":"2023-06-13T09:43:51+00:00","description":"LAS Salotti wurde 1976 gegr\u00fcndet und repr\u00e4sentiert auf europ\u00e4ischer Ebene ein Unternehmen, das in der Lage ist, Trends in der Herstellung von Polstersofas zu setzen.","breadcrumb":{"@id":"https:\/\/www.lassalotti.com\/de\/uber-uns\/#breadcrumb"},"inLanguage":"de","potentialAction":[{"@type":"ReadAction","target":["https:\/\/www.lassalotti.com\/de\/uber-uns\/"]}]},{"@type":"BreadcrumbList","@id":"https:\/\/www.lassalotti.com\/de\/uber-uns\/#breadcrumb","itemListElement":[{"@type":"ListItem","position":1,"name":"Home","item":"https:\/\/www.lassalotti.com\/de\/home-page\/"},{"@type":"ListItem","position":2,"name":"\u00dcber uns"}]},{"@type":"WebSite","@id":"https:\/\/www.lassalotti.com\/de\/#website","url":"https:\/\/www.lassalotti.com\/de\/","name":"Las Salotti","description":"Divani in pelle","publisher":{"@id":"https:\/\/www.lassalotti.com\/de\/#organization"},"potentialAction":[{"@type":"SearchAction","target":{"@type":"EntryPoint","urlTemplate":"https:\/\/www.lassalotti.com\/de\/?s={search_term_string}"},"query-input":{"@type":"PropertyValueSpecification","valueRequired":true,"valueName":"search_term_string"}}],"inLanguage":"de"},{"@type":"Organization","@id":"https:\/\/www.lassalotti.com\/de\/#organization","name":"Las Salotti","url":"https:\/\/www.lassalotti.com\/de\/","logo":{"@type":"ImageObject","inLanguage":"de","@id":"https:\/\/www.lassalotti.com\/de\/#\/schema\/logo\/image\/","url":"https:\/\/www.lassalotti.com\/wp-content\/uploads\/2023\/02\/logo-las-h-1.png","contentUrl":"https:\/\/www.lassalotti.com\/wp-content\/uploads\/2023\/02\/logo-las-h-1.png","width":226,"height":60,"caption":"Las Salotti"},"image":{"@id":"https:\/\/www.lassalotti.com\/de\/#\/schema\/logo\/image\/"}}]}},"_links":{"self":[{"href":"https:\/\/www.lassalotti.com\/de\/wp-json\/wp\/v2\/pages\/8987","targetHints":{"allow":["GET"]}}],"collection":[{"href":"https:\/\/www.lassalotti.com\/de\/wp-json\/wp\/v2\/pages"}],"about":[{"href":"https:\/\/www.lassalotti.com\/de\/wp-json\/wp\/v2\/types\/page"}],"author":[{"embeddable":true,"href":"https:\/\/www.lassalotti.com\/de\/wp-json\/wp\/v2\/users\/8"}],"replies":[{"embeddable":true,"href":"https:\/\/www.lassalotti.com\/de\/wp-json\/wp\/v2\/comments?post=8987"}],"version-history":[{"count":1,"href":"https:\/\/www.lassalotti.com\/de\/wp-json\/wp\/v2\/pages\/8987\/revisions"}],"predecessor-version":[{"id":8988,"href":"https:\/\/www.lassalotti.com\/de\/wp-json\/wp\/v2\/pages\/8987\/revisions\/8988"}],"wp:attachment":[{"href":"https:\/\/www.lassalotti.com\/de\/wp-json\/wp\/v2\/media?parent=8987"}],"curies":[{"name":"wp","href":"https:\/\/api.w.org\/{rel}","templated":true}]}}